{"id":3,"date":"2023-04-27T14:39:32","date_gmt":"2023-04-27T14:39:32","guid":{"rendered":"https:\/\/edmonton.toolbox.pink\/?page_id=3"},"modified":"2025-06-13T14:54:54","modified_gmt":"2025-06-13T13:54:54","slug":"privacy-policy","status":"publish","type":"page","link":"https:\/\/edmontongreencentre.co.uk\/es\/privacy-policy\/","title":{"rendered":"pol\u00edtica de privacidad"},"content":{"rendered":"<p>Nos comprometemos a proteger su privacidad y a mantener segura su informaci\u00f3n personal. Esta pol\u00edtica describe c\u00f3mo recopilamos informaci\u00f3n en nuestro sitio web. Esto le ayudar\u00e1 a decidir c\u00f3mo desea utilizar nuestro sitio, productos y servicios. Todos los datos se tratar\u00e1n de conformidad con la legislaci\u00f3n vigente en materia de protecci\u00f3n de datos del Reino Unido.&nbsp;<\/p>\n\n\n\n<p>Esta pol\u00edtica de privacidad se aplica \u00fanicamente a este sitio web. Los enlaces a otros sitios web dentro de este sitio no est\u00e1n cubiertos por esta pol\u00edtica.<\/p>\n\n\n\n<p><\/p>\n\n\n\n<h2 class=\"wp-block-heading\">PROTECCI\u00d3N DE DATOS<\/h2>\n\n\n\n<p>Cumplimos con nuestras obligaciones en virtud de la Ley de Protecci\u00f3n de Datos de 1998 en relaci\u00f3n con el tratamiento de datos personales. Si conservamos este tipo de informaci\u00f3n sobre usted, solo la utilizaremos para los fines que usted haya acordado.<\/p>\n\n\n\n<p><\/p>\n\n\n\n<h2 class=\"wp-block-heading\">INFORMACI\u00d3N QUE RECOPILAMOS<\/h2>\n\n\n\n<p>Cuando visite nuestro sitio web, podremos recopilar la siguiente informaci\u00f3n suya:<\/p>\n\n\n\n<ul class=\"wp-block-list\">\n<li>Informaci\u00f3n personal que usted elige revelar que recopilamos y que nos permite comunicarnos con usted<\/li>\n\n\n\n<li>La informaci\u00f3n en nuestro sitio web la recopilamos generalmente mientras usted y otros navegan por nuestro sitio.<\/li>\n\n\n\n<li>Informaci\u00f3n que nos permite comunicarnos con usted, como su direcci\u00f3n de correo electr\u00f3nico<\/li>\n<\/ul>\n\n\n\n<p>El Centro Comercial Edmonton Green recopilar\u00e1, procesar\u00e1 y utilizar\u00e1 sus datos personales con el fin de brindarle el mejor servicio y experiencia posibles. Tenga en cuenta que sus datos personales podr\u00e1n ser procesados por una organizaci\u00f3n designada que trabaje en nuestro nombre para gestionarlos de la mejor manera posible. Podremos utilizar la informaci\u00f3n que nos proporcione para contactarle sobre los servicios que ofrecemos. A menos que solicite lo contrario, tambi\u00e9n podremos enviarle correos electr\u00f3nicos con las \u00faltimas ofertas. Siempre le daremos la opci\u00f3n de recibir estos correos electr\u00f3nicos.<\/p>\n\n\n\n<p><\/p>\n\n\n\n<h2 class=\"wp-block-heading\">INFORMACI\u00d3N DEL SITIO WEB<\/h2>\n\n\n\n<p>Recopilamos informaci\u00f3n sobre las tendencias en el comportamiento de los usuarios en nuestro sitio web para mostrarnos qu\u00e9 partes de nuestro sitio se utilizan con m\u00e1s frecuencia y aquellas que podemos necesitar desarrollar para que sea m\u00e1s f\u00e1cil para usted utilizarlo.<\/p>\n\n\n\n<p>Estos datos no se utilizar\u00e1n junto con datos que lo identifiquen como individuo.<\/p>\n\n\n\n<p>No vendemos, alquilamos ni intercambiamos su informaci\u00f3n personal con otros.<\/p>\n\n\n\n<p><\/p>\n\n\n\n<h2 class=\"wp-block-heading\">SU PERMISO<\/h2>\n\n\n\n<p>Cuando utiliza nuestro sitio web, acepta que recopilemos y utilicemos informaci\u00f3n como lo hemos descrito.<\/p>\n\n\n\n<p>Si tiene m\u00e1s preguntas sobre nuestra pol\u00edtica de privacidad, comun\u00edquese con nosotros mediante nuestro formulario de contacto.<\/p>\n\n\n\n<p>Si cambiamos nuestra pol\u00edtica de privacidad, publicaremos los cambios en esta p\u00e1gina para que siempre est\u00e9 al tanto:<\/p>\n\n\n\n<ul class=\"wp-block-list\">\n<li>Qu\u00e9 informaci\u00f3n recopilamos<\/li>\n\n\n\n<li>C\u00f3mo lo usamos y en qu\u00e9 circunstancias lo revelamos<\/li>\n<\/ul>","protected":false},"excerpt":{"rendered":"<p>We are committed to protecting your privacy and keeping your personal information secure. This policy sets out how we collect information on our website. This will help you decide how you want to use our site, products and services. All data will be dealt with in compliance with the current UK data protection legislation.&nbsp; This [&hellip;]<\/p>\n","protected":false},"author":1,"featured_media":0,"parent":0,"menu_order":0,"comment_status":"closed","ping_status":"open","template":"","meta":{"_acf_changed":false,"site-sidebar-layout":"default","site-content-layout":"","ast-site-content-layout":"default","site-content-style":"default","site-sidebar-style":"default","ast-global-header-display":"","ast-banner-title-visibility":"","ast-main-header-display":"","ast-hfb-above-header-display":"","ast-hfb-below-header-display":"","ast-hfb-mobile-header-display":"","site-post-title":"","ast-breadcrumbs-content":"","ast-featured-img":"","footer-sml-layout":"","ast-disable-related-posts":"","theme-transparent-header-meta":"","adv-header-id-meta":"","stick-header-meta":"","header-above-stick-meta":"","header-main-stick-meta":"","header-below-stick-meta":"","astra-migrate-meta-layouts":"set","ast-page-background-enabled":"default","ast-page-background-meta":{"desktop":{"background-color":"var(--ast-global-color-4)","background-image":"","background-repeat":"repeat","background-position":"center center","background-size":"auto","background-attachment":"scroll","background-type":"","background-media":"","overlay-type":"","overlay-color":"","overlay-opacity":"","overlay-gradient":""},"tablet":{"background-color":"","background-image":"","background-repeat":"repeat","background-position":"center center","background-size":"auto","background-attachment":"scroll","background-type":"","background-media":"","overlay-type":"","overlay-color":"","overlay-opacity":"","overlay-gradient":""},"mobile":{"background-color":"","background-image":"","background-repeat":"repeat","background-position":"center center","background-size":"auto","background-attachment":"scroll","background-type":"","background-media":"","overlay-type":"","overlay-color":"","overlay-opacity":"","overlay-gradient":""}},"ast-content-background-meta":{"desktop":{"background-color":"var(--ast-global-color-5)","background-image":"","background-repeat":"repeat","background-position":"center center","background-size":"auto","background-attachment":"scroll","background-type":"","background-media":"","overlay-type":"","overlay-color":"","overlay-opacity":"","overlay-gradient":""},"tablet":{"background-color":"var(--ast-global-color-5)","background-image":"","background-repeat":"repeat","background-position":"center center","background-size":"auto","background-attachment":"scroll","background-type":"","background-media":"","overlay-type":"","overlay-color":"","overlay-opacity":"","overlay-gradient":""},"mobile":{"background-color":"var(--ast-global-color-5)","background-image":"","background-repeat":"repeat","background-position":"center center","background-size":"auto","background-attachment":"scroll","background-type":"","background-media":"","overlay-type":"","overlay-color":"","overlay-opacity":"","overlay-gradient":""}},"footnotes":""},"class_list":["post-3","page","type-page","status-publish","hentry"],"acf":[],"_links":{"self":[{"href":"https:\/\/edmontongreencentre.co.uk\/es\/wp-json\/wp\/v2\/pages\/3","targetHints":{"allow":["GET"]}}],"collection":[{"href":"https:\/\/edmontongreencentre.co.uk\/es\/wp-json\/wp\/v2\/pages"}],"about":[{"href":"https:\/\/edmontongreencentre.co.uk\/es\/wp-json\/wp\/v2\/types\/page"}],"author":[{"embeddable":true,"href":"https:\/\/edmontongreencentre.co.uk\/es\/wp-json\/wp\/v2\/users\/1"}],"replies":[{"embeddable":true,"href":"https:\/\/edmontongreencentre.co.uk\/es\/wp-json\/wp\/v2\/comments?post=3"}],"version-history":[{"count":2,"href":"https:\/\/edmontongreencentre.co.uk\/es\/wp-json\/wp\/v2\/pages\/3\/revisions"}],"predecessor-version":[{"id":3305,"href":"https:\/\/edmontongreencentre.co.uk\/es\/wp-json\/wp\/v2\/pages\/3\/revisions\/3305"}],"wp:attachment":[{"href":"https:\/\/edmontongreencentre.co.uk\/es\/wp-json\/wp\/v2\/media?parent=3"}],"curies":[{"name":"gracias","href":"https:\/\/api.w.org\/{rel}","templated":true}]}}