{"id":3265,"date":"2025-06-09T14:32:48","date_gmt":"2025-06-09T13:32:48","guid":{"rendered":"https:\/\/edmontongreencentre.co.uk\/?page_id=3265"},"modified":"2025-12-03T14:28:02","modified_gmt":"2025-12-03T14:28:02","slug":"cookie-policy","status":"publish","type":"page","link":"https:\/\/edmontongreencentre.co.uk\/es\/cookie-policy\/","title":{"rendered":"Pol\u00edtica de cookies"},"content":{"rendered":"<div data-elementor-type=\"wp-page\" data-elementor-id=\"3265\" class=\"elementor elementor-3265\" data-elementor-post-type=\"page\">\n\t\t\t\t<div class=\"elementor-element elementor-element-c1276f6 e-flex e-con-boxed e-con e-parent\" data-id=\"c1276f6\" data-element_type=\"container\" data-e-type=\"container\">\n\t\t\t\t\t<div class=\"e-con-inner\">\n\t\t\t\t<div class=\"elementor-element elementor-element-cd209a0 elementor-widget elementor-widget-heading\" data-id=\"cd209a0\" data-element_type=\"widget\" data-e-type=\"widget\" data-widget_type=\"heading.default\">\n\t\t\t\t<div class=\"elementor-widget-container\">\n\t\t\t\t\t<h2 class=\"elementor-heading-title elementor-size-default\">Pol\u00edtica de cookies<\/h2>\t\t\t\t<\/div>\n\t\t\t\t<\/div>\n\t\t\t\t<div class=\"elementor-element elementor-element-0c7648e elementor-widget elementor-widget-text-editor\" data-id=\"0c7648e\" data-element_type=\"widget\" data-e-type=\"widget\" data-widget_type=\"text-editor.default\">\n\t\t\t\t<div class=\"elementor-widget-container\">\n\t\t\t\t\t\t\t\t\t<p>Las cookies son archivos de texto que se env\u00edan a su ordenador y que su navegador web utiliza para almacenar informaci\u00f3n. Las cookies que utilizamos permiten que su navegador recuerde si ha visitado nuestro sitio web anteriormente y cu\u00e1les son sus preferencias.<\/p><p>Como en la mayor\u00eda de los sitios web, utilizamos cookies para mejorar su experiencia de usuario, permitiendo que nuestro sitio web le recuerde, ya sea durante su visita (mediante una cookie de sesi\u00f3n) o en visitas repetidas (mediante una cookie persistente). Tambi\u00e9n utilizamos dos tipos de cookies: propias (de nuestra propiedad) y de terceros (cuando permitimos que un tercero, como Google, instale cookies en su ordenador o dispositivo m\u00f3vil).<\/p><p>Las cookies cumplen diversas funciones, como permitirte navegar entre p\u00e1ginas de forma eficiente, almacenar tus preferencias y, en general, mejorar tu experiencia en un sitio web. Las cookies hacen que la interacci\u00f3n entre t\u00fa y el sitio web sea m\u00e1s r\u00e1pida y sencilla. Si un sitio web no utiliza cookies, pensar\u00e1 que eres un nuevo visitante cada vez que accedas a una nueva p\u00e1gina; por ejemplo, al introducir tus datos de acceso y acceder a otra p\u00e1gina, no te reconocer\u00e1 y no podr\u00e1 mantener tu sesi\u00f3n iniciada.<\/p><h4 class=\"wp-block-heading\">C\u00f3mo rechazar o retirar el consentimiento<\/h4><p>Aunque las cookies que utilizamos en este sitio web son inofensivas y no revelan su identidad, no todos desean que se descarguen archivos de texto en su ordenador o dispositivo m\u00f3vil. Si lo prefiere, puede bloquear algunas o todas las cookies, o incluso eliminar las ya instaladas; sin embargo, tenga en cuenta que podr\u00eda perder algunas funciones de este sitio web.<\/p><p>Puede gestionar la interacci\u00f3n de las cookies con su ordenador o dispositivo m\u00f3vil a trav\u00e9s de su navegador (p. ej., Internet Explorer, Chrome, Safari, Firefox, Android), para recibir alertas cuando se env\u00edan cookies o rechazarlas por completo. Tambi\u00e9n puede eliminar las cookies ya configuradas.<\/p><p>Tambi\u00e9n hay un sitio web muy \u00fatil que explica c\u00f3mo controlar su interacci\u00f3n con las cookies; visite este sitio para obtener m\u00e1s informaci\u00f3n:<\/p><p><a href=\"https:\/\/www.aboutcookies.org\/\" target=\"_blank\" rel=\"noreferrer noopener\">Acerca de las cookies<\/a><\/p><p>El sitio web de la BBC tambi\u00e9n cuenta con una secci\u00f3n clara y completa que explica su funci\u00f3n y sus funciones. Tenga en cuenta que esta secci\u00f3n est\u00e1 dirigida a los usuarios de su sitio web, que utiliza m\u00e1s cookies que el nuestro.<\/p><p><a href=\"http:\/\/www.bbc.co.uk\/usingthebbc\/cookies\/\" target=\"_blank\" rel=\"noreferrer noopener\">Galletas de la BBC<\/a><\/p>\t\t\t\t\t\t\t\t<\/div>\n\t\t\t\t<\/div>\n\t\t\t\t<div class=\"elementor-element elementor-element-7ff4374 elementor-widget elementor-widget-html\" data-id=\"7ff4374\" data-element_type=\"widget\" data-e-type=\"widget\" data-widget_type=\"html.default\">\n\t\t\t\t<div class=\"elementor-widget-container\">\n\t\t\t\t\t<div id=\"ot-sdk-cookie-policy\"><\/div>\t\t\t\t<\/div>\n\t\t\t\t<\/div>\n\t\t\t\t\t<\/div>\n\t\t\t\t<\/div>\n\t\t\t\t<\/div>","protected":false},"excerpt":{"rendered":"<p>Cookie Policy Cookies are text files sent to your computer and used by your web browser to store information. The cookies we use allow your browser to remember whether you\u2019ve visited our site before and what your preferences are. As with most websites we use cookies to improve your user experience by enabling our website [&hellip;]<\/p>\n","protected":false},"author":1,"featured_media":0,"parent":0,"menu_order":0,"comment_status":"closed","ping_status":"closed","template":"","meta":{"_acf_changed":false,"site-sidebar-layout":"no-sidebar","site-content-layout":"page-builder","ast-site-content-layout":"full-width-container","site-content-style":"unboxed","site-sidebar-style":"unboxed","ast-global-header-display":"","ast-banner-title-visibility":"","ast-main-header-display":"","ast-hfb-above-header-display":"","ast-hfb-below-header-display":"","ast-hfb-mobile-header-display":"","site-post-title":"disabled","ast-breadcrumbs-content":"","ast-featured-img":"disabled","footer-sml-layout":"","ast-disable-related-posts":"","theme-transparent-header-meta":"","adv-header-id-meta":"","stick-header-meta":"","header-above-stick-meta":"","header-main-stick-meta":"","header-below-stick-meta":"","astra-migrate-meta-layouts":"set","ast-page-background-enabled":"default","ast-page-background-meta":{"desktop":{"background-color":"var(--ast-global-color-4)","background-image":"","background-repeat":"repeat","background-position":"center center","background-size":"auto","background-attachment":"scroll","background-type":"","background-media":"","overlay-type":"","overlay-color":"","overlay-opacity":"","overlay-gradient":""},"tablet":{"background-color":"","background-image":"","background-repeat":"repeat","background-position":"center center","background-size":"auto","background-attachment":"scroll","background-type":"","background-media":"","overlay-type":"","overlay-color":"","overlay-opacity":"","overlay-gradient":""},"mobile":{"background-color":"","background-image":"","background-repeat":"repeat","background-position":"center center","background-size":"auto","background-attachment":"scroll","background-type":"","background-media":"","overlay-type":"","overlay-color":"","overlay-opacity":"","overlay-gradient":""}},"ast-content-background-meta":{"desktop":{"background-color":"var(--ast-global-color-5)","background-image":"","background-repeat":"repeat","background-position":"center center","background-size":"auto","background-attachment":"scroll","background-type":"","background-media":"","overlay-type":"","overlay-color":"","overlay-opacity":"","overlay-gradient":""},"tablet":{"background-color":"var(--ast-global-color-5)","background-image":"","background-repeat":"repeat","background-position":"center center","background-size":"auto","background-attachment":"scroll","background-type":"","background-media":"","overlay-type":"","overlay-color":"","overlay-opacity":"","overlay-gradient":""},"mobile":{"background-color":"var(--ast-global-color-5)","background-image":"","background-repeat":"repeat","background-position":"center center","background-size":"auto","background-attachment":"scroll","background-type":"","background-media":"","overlay-type":"","overlay-color":"","overlay-opacity":"","overlay-gradient":""}},"footnotes":""},"class_list":["post-3265","page","type-page","status-publish","hentry"],"acf":[],"_links":{"self":[{"href":"https:\/\/edmontongreencentre.co.uk\/es\/wp-json\/wp\/v2\/pages\/3265","targetHints":{"allow":["GET"]}}],"collection":[{"href":"https:\/\/edmontongreencentre.co.uk\/es\/wp-json\/wp\/v2\/pages"}],"about":[{"href":"https:\/\/edmontongreencentre.co.uk\/es\/wp-json\/wp\/v2\/types\/page"}],"author":[{"embeddable":true,"href":"https:\/\/edmontongreencentre.co.uk\/es\/wp-json\/wp\/v2\/users\/1"}],"replies":[{"embeddable":true,"href":"https:\/\/edmontongreencentre.co.uk\/es\/wp-json\/wp\/v2\/comments?post=3265"}],"version-history":[{"count":3,"href":"https:\/\/edmontongreencentre.co.uk\/es\/wp-json\/wp\/v2\/pages\/3265\/revisions"}],"predecessor-version":[{"id":3528,"href":"https:\/\/edmontongreencentre.co.uk\/es\/wp-json\/wp\/v2\/pages\/3265\/revisions\/3528"}],"wp:attachment":[{"href":"https:\/\/edmontongreencentre.co.uk\/es\/wp-json\/wp\/v2\/media?parent=3265"}],"curies":[{"name":"gracias","href":"https:\/\/api.w.org\/{rel}","templated":true}]}}