{"id":456,"date":"2023-09-27T12:00:03","date_gmt":"2023-09-27T12:00:03","guid":{"rendered":"https:\/\/edmonton.toolbox.pink\/?page_id=456"},"modified":"2023-11-28T08:47:43","modified_gmt":"2023-11-28T08:47:43","slug":"getting-here","status":"publish","type":"page","link":"https:\/\/edmontongreencentre.co.uk\/es\/getting-here\/","title":{"rendered":"C\u00f3mo llegar"},"content":{"rendered":"<div data-elementor-type=\"wp-page\" data-elementor-id=\"456\" class=\"elementor elementor-456\" data-elementor-post-type=\"page\">\n\t\t\t\t<div class=\"elementor-element elementor-element-0d8ca90 e-con-full e-flex e-con e-parent\" data-id=\"0d8ca90\" data-element_type=\"container\" data-e-type=\"container\">\n\t\t<div class=\"elementor-element elementor-element-a2906f9 e-con-full e-flex e-con e-child\" data-id=\"a2906f9\" data-element_type=\"container\" data-e-type=\"container\" data-settings=\"{&quot;background_background&quot;:&quot;classic&quot;}\">\n\t\t\t\t<div class=\"elementor-element elementor-element-9594dcc elementor-widget elementor-widget-heading\" data-id=\"9594dcc\" data-element_type=\"widget\" data-e-type=\"widget\" data-widget_type=\"heading.default\">\n\t\t\t\t<div class=\"elementor-widget-container\">\n\t\t\t\t\t<h1 class=\"elementor-heading-title elementor-size-default\">C\u00f3mo llegar<\/h1>\t\t\t\t<\/div>\n\t\t\t\t<\/div>\n\t\t\t\t<\/div>\n\t\t\t\t<\/div>\n\t\t<div class=\"elementor-element elementor-element-a4b07de e-flex e-con-boxed e-con e-parent\" data-id=\"a4b07de\" data-element_type=\"container\" data-e-type=\"container\" data-settings=\"{&quot;background_background&quot;:&quot;classic&quot;}\">\n\t\t\t\t\t<div class=\"e-con-inner\">\n\t\t<div class=\"elementor-element elementor-element-9001bd3 e-con-full e-flex e-con e-child\" data-id=\"9001bd3\" data-element_type=\"container\" data-e-type=\"container\">\n\t\t\t\t<div class=\"elementor-element elementor-element-91c4503 elementor-widget__width-inherit elementor-widget elementor-widget-text-editor\" data-id=\"91c4503\" data-element_type=\"widget\" data-e-type=\"widget\" data-widget_type=\"text-editor.default\">\n\t\t\t\t<div class=\"elementor-widget-container\">\n\t\t\t\t\t\t\t\t\t<h3>En coche<\/h3><p>GPS: N9 0TZ<\/p><p>Si conduce, se puede acceder a Edmonton Green totalmente desde las principales carreteras, incluidas la M25, M11, M1, A406 y A10.<\/p><p>Disponemos de 1.000 plazas de aparcamiento en cuatro aparcamientos, incluyendo plazas familiares y plazas de accesibilidad para personas con tarjeta azul. Consulte las tarifas de aparcamiento. <a href=\"https:\/\/edmontongreencentre.co.uk\/es\/car-park\/\">AQU\u00cd<\/a>.<\/p><h3>En autob\u00fas<\/h3><p>Edmonton Green cuenta con su propia estaci\u00f3n de autobuses, que presta servicio a las rutas 102, 144, 149, 259, 279, 349, 491 y N279. Para planificar su viaje en autob\u00fas, visite <a href=\"https:\/\/tfl.gov.uk\/maps\/bus?Input=Edmonton+Green+Bus+Station&amp;InputGeolocation=51.625201%2C-0.059194&amp;searchBoxType=bus\" target=\"_blank\" rel=\"noopener\">HAGA CLIC AQU\u00cd<\/a>.<\/p><h3>En tren<\/h3><p>La estaci\u00f3n de tren de Edmonton Green est\u00e1 a solo un momento a pie del centro.<\/p><p>Los servicios proporcionados por Greater Anglia van en direcci\u00f3n norte hasta Enfield Town, con parada en Bush Hill Park, y Cheshunt, con parada en Southbury, Turkey Street y Theobalds Grove.<\/p><p>Servicios en direcci\u00f3n sur a London Liverpool Street con paradas en Silver Street, White Hart Lane, Bruce Grove, Seven Sisters (para la l\u00ednea Victoria del metro de Londres), Stamford Hill, Stoke Newington, Rectory Road, Hackney Downs, London Fields, Cambridge Heath y Bethnal Green.<\/p><p>Para planificar tu viaje en tren <a href=\"https:\/\/www.nationalrail.co.uk\/\" target=\"_blank\" rel=\"noopener\">HAGA CLIC AQU\u00cd<\/a>.<\/p><h3>Entregas comerciales<\/h3><p>Los env\u00edos comerciales se podr\u00e1n realizar utilizando las siguientes \u00e1reas de servicio:<\/p><p>\u00c1rea de servicio 1 \u2013 The Green A1010 N9 0TQ<br \/>\u00c1rea de servicio 2 \u2013 The Broadway A1010 N9 0TW<br \/>\u00c1rea de servicio 3 \u2013 Carretera Plevna N9 0TN<br \/>\u00c1rea de servicio 4 \u2013 Carretera Plevna N9 0TN<br \/>\u00c1rea de servicio 6 \u2013 Carretera Plevna N9 0TN<br \/>\u00c1rea de servicio 7 \u2013 Carretera Plevna N9 0TE<br \/>\u00c1rea de servicio 8 \u2013 Carretera Plevna N9 0TZ<br \/>\u00c1rea de servicio 9 \u2013 Carretera Plevna N9 0TZ<br \/>\u00c1rea de servicio 10 \u2013 Carretera Plevna N9 0EH<br \/>\u00c1rea de servicio 11 \u2013 Carretera Plevna N9 0EH<br \/>\u00c1rea de servicio 12 \u2013 Hertford Road N9 0HW<\/p>\t\t\t\t\t\t\t\t<\/div>\n\t\t\t\t<\/div>\n\t\t\t\t<\/div>\n\t\t<div class=\"elementor-element elementor-element-45934cc e-con-full e-flex e-con e-child\" data-id=\"45934cc\" data-element_type=\"container\" data-e-type=\"container\">\n\t\t\t\t<div class=\"elementor-element elementor-element-b031708 elementor-widget elementor-widget-google_maps\" data-id=\"b031708\" data-element_type=\"widget\" data-e-type=\"widget\" data-widget_type=\"google_maps.default\">\n\t\t\t\t<div class=\"elementor-widget-container\">\n\t\t\t\t\t\t\t<div class=\"elementor-custom-embed\">\n\t\t\t<iframe loading=\"lazy\"\n\t\t\t\t\tsrc=\"https:\/\/maps.google.com\/maps?q=Edmonton%20Green%20Shopping%20Centre&#038;t=m&#038;z=16&#038;output=embed&#038;iwloc=near\"\n\t\t\t\t\ttitle=\"Centro comercial Edmonton Green\"\n\t\t\t\t\taria-label=\"Centro comercial Edmonton Green\"\n\t\t\t><\/iframe>\n\t\t<\/div>\n\t\t\t\t\t\t<\/div>\n\t\t\t\t<\/div>\n\t\t\t\t<\/div>\n\t\t\t\t\t<\/div>\n\t\t\t\t<\/div>\n\t\t\t\t<\/div>","protected":false},"excerpt":{"rendered":"<p>Getting Here By Car SAT NAV: N9 0TZ If you are driving, Edmonton Green is fully accessible from major roads including the M25, M11, M1, A406 and A10. We have 1,000 car parking spaces across four car parks, including family spaces and accessibility spaces for blue badge holders. View the parking tariffs HERE. By Bus [&hellip;]<\/p>\n","protected":false},"author":1,"featured_media":0,"parent":0,"menu_order":0,"comment_status":"closed","ping_status":"closed","template":"","meta":{"_acf_changed":false,"site-sidebar-layout":"no-sidebar","site-content-layout":"page-builder","ast-site-content-layout":"full-width-container","site-content-style":"unboxed","site-sidebar-style":"unboxed","ast-global-header-display":"","ast-banner-title-visibility":"","ast-main-header-display":"","ast-hfb-above-header-display":"","ast-hfb-below-header-display":"","ast-hfb-mobile-header-display":"","site-post-title":"disabled","ast-breadcrumbs-content":"","ast-featured-img":"disabled","footer-sml-layout":"","ast-disable-related-posts":"","theme-transparent-header-meta":"","adv-header-id-meta":"","stick-header-meta":"","header-above-stick-meta":"","header-main-stick-meta":"","header-below-stick-meta":"","astra-migrate-meta-layouts":"set","ast-page-background-enabled":"default","ast-page-background-meta":{"desktop":{"background-color":"var(--ast-global-color-4)","background-image":"","background-repeat":"repeat","background-position":"center center","background-size":"auto","background-attachment":"scroll","background-type":"","background-media":"","overlay-type":"","overlay-color":"","overlay-opacity":"","overlay-gradient":""},"tablet":{"background-color":"","background-image":"","background-repeat":"repeat","background-position":"center center","background-size":"auto","background-attachment":"scroll","background-type":"","background-media":"","overlay-type":"","overlay-color":"","overlay-opacity":"","overlay-gradient":""},"mobile":{"background-color":"","background-image":"","background-repeat":"repeat","background-position":"center center","background-size":"auto","background-attachment":"scroll","background-type":"","background-media":"","overlay-type":"","overlay-color":"","overlay-opacity":"","overlay-gradient":""}},"ast-content-background-meta":{"desktop":{"background-color":"var(--ast-global-color-5)","background-image":"","background-repeat":"repeat","background-position":"center center","background-size":"auto","background-attachment":"scroll","background-type":"","background-media":"","overlay-type":"","overlay-color":"","overlay-opacity":"","overlay-gradient":""},"tablet":{"background-color":"var(--ast-global-color-5)","background-image":"","background-repeat":"repeat","background-position":"center center","background-size":"auto","background-attachment":"scroll","background-type":"","background-media":"","overlay-type":"","overlay-color":"","overlay-opacity":"","overlay-gradient":""},"mobile":{"background-color":"var(--ast-global-color-5)","background-image":"","background-repeat":"repeat","background-position":"center center","background-size":"auto","background-attachment":"scroll","background-type":"","background-media":"","overlay-type":"","overlay-color":"","overlay-opacity":"","overlay-gradient":""}},"footnotes":""},"class_list":["post-456","page","type-page","status-publish","hentry"],"acf":[],"_links":{"self":[{"href":"https:\/\/edmontongreencentre.co.uk\/es\/wp-json\/wp\/v2\/pages\/456","targetHints":{"allow":["GET"]}}],"collection":[{"href":"https:\/\/edmontongreencentre.co.uk\/es\/wp-json\/wp\/v2\/pages"}],"about":[{"href":"https:\/\/edmontongreencentre.co.uk\/es\/wp-json\/wp\/v2\/types\/page"}],"author":[{"embeddable":true,"href":"https:\/\/edmontongreencentre.co.uk\/es\/wp-json\/wp\/v2\/users\/1"}],"replies":[{"embeddable":true,"href":"https:\/\/edmontongreencentre.co.uk\/es\/wp-json\/wp\/v2\/comments?post=456"}],"version-history":[{"count":0,"href":"https:\/\/edmontongreencentre.co.uk\/es\/wp-json\/wp\/v2\/pages\/456\/revisions"}],"wp:attachment":[{"href":"https:\/\/edmontongreencentre.co.uk\/es\/wp-json\/wp\/v2\/media?parent=456"}],"curies":[{"name":"gracias","href":"https:\/\/api.w.org\/{rel}","templated":true}]}}