{"id":467,"date":"2023-09-27T12:30:01","date_gmt":"2023-09-27T12:30:01","guid":{"rendered":"https:\/\/edmonton.toolbox.pink\/?page_id=467"},"modified":"2026-02-08T18:02:23","modified_gmt":"2026-02-08T18:02:23","slug":"car-park","status":"publish","type":"page","link":"https:\/\/edmontongreencentre.co.uk\/es\/car-park\/","title":{"rendered":"Aparcamiento"},"content":{"rendered":"<div data-elementor-type=\"wp-page\" data-elementor-id=\"467\" class=\"elementor elementor-467\" data-elementor-post-type=\"page\">\n\t\t\t\t<div class=\"elementor-element elementor-element-0d8ca90 e-con-full e-flex e-con e-parent\" data-id=\"0d8ca90\" data-element_type=\"container\" data-e-type=\"container\">\n\t\t<div class=\"elementor-element elementor-element-a2906f9 e-con-full e-flex e-con e-child\" data-id=\"a2906f9\" data-element_type=\"container\" data-e-type=\"container\" data-settings=\"{&quot;background_background&quot;:&quot;classic&quot;}\">\n\t\t\t\t<div class=\"elementor-element elementor-element-9594dcc elementor-widget elementor-widget-heading\" data-id=\"9594dcc\" data-element_type=\"widget\" data-e-type=\"widget\" data-widget_type=\"heading.default\">\n\t\t\t\t<div class=\"elementor-widget-container\">\n\t\t\t\t\t<h1 class=\"elementor-heading-title elementor-size-default\">Aparcamiento<\/h1>\t\t\t\t<\/div>\n\t\t\t\t<\/div>\n\t\t\t\t<\/div>\n\t\t\t\t<\/div>\n\t\t<div class=\"elementor-element elementor-element-a4b07de e-flex e-con-boxed e-con e-parent\" data-id=\"a4b07de\" data-element_type=\"container\" data-e-type=\"container\" data-settings=\"{&quot;background_background&quot;:&quot;classic&quot;}\">\n\t\t\t\t\t<div class=\"e-con-inner\">\n\t\t<div class=\"elementor-element elementor-element-9001bd3 e-con-full e-flex e-con e-child\" data-id=\"9001bd3\" data-element_type=\"container\" data-e-type=\"container\">\n\t\t\t\t<div class=\"elementor-element elementor-element-c58abbe elementor-widget__width-inherit elementor-widget elementor-widget-text-editor\" data-id=\"c58abbe\" data-element_type=\"widget\" data-e-type=\"widget\" data-widget_type=\"text-editor.default\">\n\t\t\t\t<div class=\"elementor-widget-container\">\n\t\t\t\t\t\t\t\t\t<p>Edmonton Green cuenta con 964 espacios de estacionamiento con sistema ANPR, as\u00ed que simplemente visite una m\u00e1quina de pago al salir del centro.<\/p><p>Hay 77 bah\u00edas accesibles adicionales para titulares de tarjetas azules y 9 bah\u00edas para padres.<\/p>\t\t\t\t\t\t\t\t<\/div>\n\t\t\t\t<\/div>\n\t\t\t\t<div class=\"elementor-element elementor-element-10998ce elementor-widget elementor-widget-shortcode\" data-id=\"10998ce\" data-element_type=\"widget\" data-e-type=\"widget\" data-widget_type=\"shortcode.default\">\n\t\t\t\t<div class=\"elementor-widget-container\">\n\t\t\t\t\t\t\t<div class=\"elementor-shortcode\">\n<table id=\"tablepress-1\" class=\"tablepress tablepress-id-1\">\n<tbody>\n<tr class=\"row-1\">\n\t<td class=\"column-1\">Aparcamiento<\/td><td class=\"column-2\">Laureles<\/td><td class=\"column-3\">Insignia azul<\/td><td class=\"column-4\">Padre<\/td><td class=\"column-5\">M\u00e1quina de pago<\/td>\n<\/tr>\n<tr class=\"row-2\">\n\t<td class=\"column-1\">Sur Inferior<\/td><td class=\"column-2\">175<\/td><td class=\"column-3\">37<\/td><td class=\"column-4\">6<\/td><td class=\"column-5\">Tres m\u00e1quinas que solo aceptan tarjetas en Asda<\/td>\n<\/tr>\n<tr class=\"row-3\">\n\t<td class=\"column-1\">Sur Superior<\/td><td class=\"column-2\">196<\/td><td class=\"column-3\">0<\/td><td class=\"column-4\">0<\/td><td class=\"column-5\">Sin m\u00e1quinas<\/td>\n<\/tr>\n<tr class=\"row-4\">\n\t<td class=\"column-1\">Norte<\/td><td class=\"column-2\">160<\/td><td class=\"column-3\">19<\/td><td class=\"column-4\">0<\/td><td class=\"column-5\">Dos m\u00e1quinas que solo aceptan tarjetas<\/td>\n<\/tr>\n<tr class=\"row-5\">\n\t<td class=\"column-1\">De muchos pisos<\/td><td class=\"column-2\">401<\/td><td class=\"column-3\">19<\/td><td class=\"column-4\">3<\/td><td class=\"column-5\">Solo tarjeta en planta baja<\/td>\n<\/tr>\n<tr class=\"row-6\">\n\t<td class=\"column-1\">Estancia corta<\/td><td class=\"column-2\">32<\/td><td class=\"column-3\">2<\/td><td class=\"column-4\">0<\/td><td class=\"column-5\">Una sola m\u00e1quina para tarjetas<\/td>\n<\/tr>\n<\/tbody>\n<\/table>\n<!-- #tablepress-1 from cache --><\/div>\n\t\t\t\t\t\t<\/div>\n\t\t\t\t<\/div>\n\t\t\t\t<div class=\"elementor-element elementor-element-91c4503 elementor-widget__width-inherit elementor-widget elementor-widget-text-editor\" data-id=\"91c4503\" data-element_type=\"widget\" data-e-type=\"widget\" data-widget_type=\"text-editor.default\">\n\t\t\t\t<div class=\"elementor-widget-container\">\n\t\t\t\t\t\t\t\t\t<p><span style=\"font-style: inherit; font-weight: inherit; background-color: var( --e-global-color-astglobalcolor5 ); color: var(--ast-global-color-0);\">Tambi\u00e9n hay un cajero autom\u00e1tico y una m\u00e1quina para pagar tarjetas ubicados en South Mall, al lado de Greggs.<\/span><\/p><p><a href=\"https:\/\/edmontongreencentre.co.uk\/wp-content\/uploads\/2024\/10\/TR-Edmonton-Green_Autumn2024.pdf\" target=\"_blank\" rel=\"noopener\">Vea nuestro mapa del centro aqu\u00ed.<\/a><\/p>\t\t\t\t\t\t\t\t<\/div>\n\t\t\t\t<\/div>\n\t\t\t\t<\/div>\n\t\t<div class=\"elementor-element elementor-element-45934cc e-con-full e-flex e-con e-child\" data-id=\"45934cc\" data-element_type=\"container\" data-e-type=\"container\">\n\t\t\t\t<div class=\"elementor-element elementor-element-22cb228 elementor-widget__width-inherit elementor-widget elementor-widget-text-editor\" data-id=\"22cb228\" data-element_type=\"widget\" data-e-type=\"widget\" data-widget_type=\"text-editor.default\">\n\t\t\t\t<div class=\"elementor-widget-container\">\n\t\t\t\t\t\t\t\t\t<h3>Tarifas<\/h3><p>Hasta 1 hora\u2026\u2026\u00a31.50<br \/>Hasta 3 horas\u2026.\u00a33.00<br \/>Hasta 5 horas\u2026..\u00a35.00<br \/>6 a 24 horas\u2026..\u00a310.00<br \/>Pase mensual\u2026 \u00a375.00 (solo estacionamiento de larga estancia)<\/p><h4>Tarifas de aparcamiento de corta estancia\u00a0<br \/><span style=\"font-style: inherit; font-weight: inherit; background-color: var( --e-global-color-astglobalcolor5 ); color: var(--ast-global-color-0);\">aplicar de lunes a domingo<\/span><\/h4><p>0-20 minutos\u2026\u2026\u2026\u2026\u2026\u2026.Gratis<\/p><p>20 minutos a 1 hora\u2026..\u00a310<\/p><p><strong>Estacionamiento gratuito con una tarjeta azul<\/strong><\/p><p>Si tiene una placa azul v\u00e1lida o lleva a un pasajero que tiene una placa v\u00e1lida, puede solicitar estacionamiento GRATUITO en el centro comercial Edmonton Green completando el formulario <a href=\"https:\/\/edmontongreencentre.co.uk\/wp-content\/uploads\/2023\/09\/BlueBadge.pdf\"><span style=\"text-decoration: underline;\"><strong>aqu\u00ed<\/strong><\/span><\/a>, o llamando al 0208 8034 414 para obtener m\u00e1s informaci\u00f3n.<\/p><p>Para conocer las reglas y restricciones de estacionamiento para personas con tarjeta azul, haga clic en <a href=\"https:\/\/edmontongreencentre.co.uk\/es\/blue-badge\/\"><span style=\"text-decoration: underline;\"><strong>aqu\u00ed<\/strong><\/span><\/a>.<\/p><p>Si tienes alguna consulta o est\u00e1s interesado en un Pase Mensual,<br \/>Por favor, p\u00f3ngase en contacto con nuestro servicio de atenci\u00f3n al cliente 24\/7 al 03700427216 o env\u00ede un correo electr\u00f3nico.<br \/><a href=\"mailto:clearpark@g24.co.uk\">clearpark@g24.co.uk<\/a> para obtener ayuda.<\/p><p>El propietario de Edmonton Green se reserva el derecho de modificar las tarifas en cualquier momento.<\/p><p>El centro comercial Edmonton Green o su agente de gesti\u00f3n contratado para los estacionamientos no aceptan ninguna responsabilidad por p\u00e9rdidas o da\u00f1os a los veh\u00edculos o al contenido dentro de los estacionamientos.<\/p><h3>Restricciones de altura<\/h3><p>Estancia corta \u2013 2,2 m <br \/>Rampa Asda: Restricci\u00f3n de altura de 2,2 m y restricci\u00f3n de peso de 2,5 T<br \/>MSCP \u2013 2,0 millones<\/p>\t\t\t\t\t\t\t\t<\/div>\n\t\t\t\t<\/div>\n\t\t\t\t<\/div>\n\t\t\t\t\t<\/div>\n\t\t\t\t<\/div>\n\t\t\t\t<\/div>","protected":false},"excerpt":{"rendered":"<p>Parking Edmonton Green has 964 parking spaces with an ANPR system so simply visit a pay machine as you leave the centre. There are an additional 77 accessible bays for blue badge holders and 9 parent bays. There is also a card and cash machine located on South Mall next to Greggs. View our centre [&hellip;]<\/p>\n","protected":false},"author":1,"featured_media":0,"parent":0,"menu_order":0,"comment_status":"closed","ping_status":"closed","template":"","meta":{"_acf_changed":false,"site-sidebar-layout":"no-sidebar","site-content-layout":"page-builder","ast-site-content-layout":"full-width-container","site-content-style":"unboxed","site-sidebar-style":"unboxed","ast-global-header-display":"","ast-banner-title-visibility":"","ast-main-header-display":"","ast-hfb-above-header-display":"","ast-hfb-below-header-display":"","ast-hfb-mobile-header-display":"","site-post-title":"disabled","ast-breadcrumbs-content":"","ast-featured-img":"disabled","footer-sml-layout":"","ast-disable-related-posts":"","theme-transparent-header-meta":"","adv-header-id-meta":"","stick-header-meta":"","header-above-stick-meta":"","header-main-stick-meta":"","header-below-stick-meta":"","astra-migrate-meta-layouts":"set","ast-page-background-enabled":"default","ast-page-background-meta":{"desktop":{"background-color":"var(--ast-global-color-4)","background-image":"","background-repeat":"repeat","background-position":"center center","background-size":"auto","background-attachment":"scroll","background-type":"","background-media":"","overlay-type":"","overlay-color":"","overlay-opacity":"","overlay-gradient":""},"tablet":{"background-color":"","background-image":"","background-repeat":"repeat","background-position":"center center","background-size":"auto","background-attachment":"scroll","background-type":"","background-media":"","overlay-type":"","overlay-color":"","overlay-opacity":"","overlay-gradient":""},"mobile":{"background-color":"","background-image":"","background-repeat":"repeat","background-position":"center center","background-size":"auto","background-attachment":"scroll","background-type":"","background-media":"","overlay-type":"","overlay-color":"","overlay-opacity":"","overlay-gradient":""}},"ast-content-background-meta":{"desktop":{"background-color":"var(--ast-global-color-5)","background-image":"","background-repeat":"repeat","background-position":"center center","background-size":"auto","background-attachment":"scroll","background-type":"","background-media":"","overlay-type":"","overlay-color":"","overlay-opacity":"","overlay-gradient":""},"tablet":{"background-color":"var(--ast-global-color-5)","background-image":"","background-repeat":"repeat","background-position":"center center","background-size":"auto","background-attachment":"scroll","background-type":"","background-media":"","overlay-type":"","overlay-color":"","overlay-opacity":"","overlay-gradient":""},"mobile":{"background-color":"var(--ast-global-color-5)","background-image":"","background-repeat":"repeat","background-position":"center center","background-size":"auto","background-attachment":"scroll","background-type":"","background-media":"","overlay-type":"","overlay-color":"","overlay-opacity":"","overlay-gradient":""}},"footnotes":""},"class_list":["post-467","page","type-page","status-publish","hentry"],"acf":[],"_links":{"self":[{"href":"https:\/\/edmontongreencentre.co.uk\/es\/wp-json\/wp\/v2\/pages\/467","targetHints":{"allow":["GET"]}}],"collection":[{"href":"https:\/\/edmontongreencentre.co.uk\/es\/wp-json\/wp\/v2\/pages"}],"about":[{"href":"https:\/\/edmontongreencentre.co.uk\/es\/wp-json\/wp\/v2\/types\/page"}],"author":[{"embeddable":true,"href":"https:\/\/edmontongreencentre.co.uk\/es\/wp-json\/wp\/v2\/users\/1"}],"replies":[{"embeddable":true,"href":"https:\/\/edmontongreencentre.co.uk\/es\/wp-json\/wp\/v2\/comments?post=467"}],"version-history":[{"count":6,"href":"https:\/\/edmontongreencentre.co.uk\/es\/wp-json\/wp\/v2\/pages\/467\/revisions"}],"predecessor-version":[{"id":3620,"href":"https:\/\/edmontongreencentre.co.uk\/es\/wp-json\/wp\/v2\/pages\/467\/revisions\/3620"}],"wp:attachment":[{"href":"https:\/\/edmontongreencentre.co.uk\/es\/wp-json\/wp\/v2\/media?parent=467"}],"curies":[{"name":"gracias","href":"https:\/\/api.w.org\/{rel}","templated":true}]}}