{"id":472,"date":"2023-09-27T12:33:14","date_gmt":"2023-09-27T12:33:14","guid":{"rendered":"https:\/\/edmonton.toolbox.pink\/?page_id=472"},"modified":"2024-10-11T08:54:28","modified_gmt":"2024-10-11T07:54:28","slug":"facilities","status":"publish","type":"page","link":"https:\/\/edmontongreencentre.co.uk\/es\/facilities\/","title":{"rendered":"Instalaciones"},"content":{"rendered":"<div data-elementor-type=\"wp-page\" data-elementor-id=\"472\" class=\"elementor elementor-472\" data-elementor-post-type=\"page\">\n\t\t\t\t<div class=\"elementor-element elementor-element-0d8ca90 e-con-full e-flex e-con e-parent\" data-id=\"0d8ca90\" data-element_type=\"container\" data-e-type=\"container\">\n\t\t<div class=\"elementor-element elementor-element-a2906f9 e-con-full e-flex e-con e-child\" data-id=\"a2906f9\" data-element_type=\"container\" data-e-type=\"container\" data-settings=\"{&quot;background_background&quot;:&quot;classic&quot;}\">\n\t\t\t\t<div class=\"elementor-element elementor-element-9594dcc elementor-widget elementor-widget-heading\" data-id=\"9594dcc\" data-element_type=\"widget\" data-e-type=\"widget\" data-widget_type=\"heading.default\">\n\t\t\t\t<div class=\"elementor-widget-container\">\n\t\t\t\t\t<h1 class=\"elementor-heading-title elementor-size-default\">Instalaciones<\/h1>\t\t\t\t<\/div>\n\t\t\t\t<\/div>\n\t\t\t\t<\/div>\n\t\t\t\t<\/div>\n\t\t<div class=\"elementor-element elementor-element-a4b07de e-flex e-con-boxed e-con e-parent\" data-id=\"a4b07de\" data-element_type=\"container\" data-e-type=\"container\" data-settings=\"{&quot;background_background&quot;:&quot;classic&quot;}\">\n\t\t\t\t\t<div class=\"e-con-inner\">\n\t\t<div class=\"elementor-element elementor-element-9001bd3 e-con-full e-flex e-con e-child\" data-id=\"9001bd3\" data-element_type=\"container\" data-e-type=\"container\">\n\t\t\t\t<div class=\"elementor-element elementor-element-91c4503 elementor-widget__width-inherit elementor-widget elementor-widget-text-editor\" data-id=\"91c4503\" data-element_type=\"widget\" data-e-type=\"widget\" data-widget_type=\"text-editor.default\">\n\t\t\t\t<div class=\"elementor-widget-container\">\n\t\t\t\t\t\t\t\t\t<p>Edmonton Green se enorgullece de ofrecer una variedad de servicios al cliente para que su experiencia de compra sea agradable, segura y sin estr\u00e9s.<\/p><ul><li>WIFI gratuito<\/li><li>Ba\u00f1os accesibles<\/li><li>Movilidad de tienda<\/li><li>Cajeros autom\u00e1ticos<\/li><li>Instalaciones para cambiar pa\u00f1ales para beb\u00e9s<\/li><li>Estaci\u00f3n principal de autobuses<\/li><li>Estaci\u00f3n de tren de Edmonton Green a 1 minuto a pie del centro<\/li><li>Transferencia de dinero de Western Union<\/li><li>Plazas de aparcamiento para personas con discapacidad en todos los aparcamientos<\/li><li>M\u00e1s de 1.000 plazas de aparcamiento<\/li><\/ul><p>La oficina de Administraci\u00f3n del Centro est\u00e1 ubicada en el nivel superior de la Plaza del Mercado, donde nuestro amable personal podr\u00e1 brindarle asistencia e informaci\u00f3n sobre el Centro.<\/p><p>Por favor llame al 0208 803 4414 o env\u00ede un correo electr\u00f3nico a edmontongreen@ashdownphillips.com<\/p><h3>Objetos perdidos<\/h3><p>Para objetos perdidos, comun\u00edquese con la Oficina de Seguridad al 0208 345 6103 o env\u00ede un correo electr\u00f3nico a edmontongreen@ashdownphillips.com<\/p><h3>Ocio<\/h3><p>Edmonton Green no solo es ideal para ir de compras, sino que tambi\u00e9n ofrece una amplia gama de instalaciones de ocio. Visite nuestra p\u00e1gina web. <a href=\"https:\/\/edmontongreencentre.co.uk\/es\/shop\/\">directorio de tiendas<\/a>.<\/p><h3>Movilidad de tienda<\/h3><p>De martes a s\u00e1bado de 9:30 a 17:00 horas<\/p><p>Shopmobility es un programa que ofrece scooters el\u00e9ctricos o manuales y sillas de ruedas a los compradores con problemas de movilidad.<\/p><p>Shopmobility est\u00e1 dirigido a personas con problemas de movilidad, ya sea permanente o temporal, tanto a residentes como a visitantes. Ofrece un servicio diario gratuito de pr\u00e9stamo de sillas de ruedas manuales y el\u00e9ctricas, y scooters el\u00e9ctricos para facilitar el acceso a las tiendas y servicios de Edmonton Green y Enfield Town.<\/p><p>Necesitar\u00e1 registrarse para usar el equipo, proporcionando dos formas de identificaci\u00f3n que muestren su nombre y direcci\u00f3n, por ejemplo, un extracto bancario reciente, una licencia de conducir o una factura reciente de servicios p\u00fablicos.<\/p><p>La primera vez que utilice una silla de ruedas o un scooter, podr\u00e1 seleccionar con cu\u00e1l se sienta m\u00e1s c\u00f3modo y luego un miembro del personal capacitado le mostrar\u00e1 c\u00f3mo operarlo de manera segura.<\/p><p>Edmonton Shopmobility se puede encontrar en 4 Monmouth Road (detr\u00e1s de la Iglesia Bautista de Edmonton)<\/p><p>Para m\u00e1s informaci\u00f3n, contacte con <a href=\"tel:02083791193\">020 8379 1193<\/a> o <a href=\"https:\/\/www.enfield.gov.uk\/services\/roads-and-transport\/shopmobility\" target=\"_blank\" rel=\"noopener\">haga clic aqu\u00ed<\/a>.<\/p>\t\t\t\t\t\t\t\t<\/div>\n\t\t\t\t<\/div>\n\t\t\t\t<\/div>\n\t\t<div class=\"elementor-element elementor-element-45934cc e-con-full e-flex e-con e-child\" data-id=\"45934cc\" data-element_type=\"container\" data-e-type=\"container\">\n\t\t\t\t<div class=\"elementor-element elementor-element-706ea8b elementor-widget elementor-widget-text-editor\" data-id=\"706ea8b\" data-element_type=\"widget\" data-e-type=\"widget\" data-widget_type=\"text-editor.default\">\n\t\t\t\t<div class=\"elementor-widget-container\">\n\t\t\t\t\t\t\t\t\t<h3>Servicio de taxi<\/h3><p>En el aparcamiento de corta estancia hay un servicio de taxi:<\/p><p>Market Car Service Limited, Centro Comercial Edmonton Green, 26 The Concourse, Londres N9 0TY<\/p><p><a href=\"https:\/\/www.marketcarservice.com\" target=\"_blank\" rel=\"noopener\">www.marketcarservice.com<\/a><br \/><a href=\"tel:02088033407\">020 8803 3407<\/a><\/p><h3>Centro de salud de m\u00e9dicos de cabecera de Edmonton<\/h3><p>Ubicado en el Centro de Atenci\u00f3n Primaria Evergreen en Smythe Close, el Centro de Salud GP de Edmonton ofrece una variedad de servicios que abarcan, entre muchos otros, vacunas para viajeros, cl\u00ednicas para beb\u00e9s, ex\u00e1menes de salud sexual y EPOC.<\/p><p>Horario de atenci\u00f3n: lunes a viernes: 08.00 \u2013 18.30, s\u00e1bado: 08.00 \u2013 13.00<\/p><p>Para obtener m\u00e1s informaci\u00f3n, <a href=\"https:\/\/www.evergreensurgery.nhs.uk\/\" target=\"_blank\" rel=\"noopener\">haga clic aqu\u00ed<\/a>.<\/p><h3>Biblioteca Edmonton Green<\/h3><p>La Biblioteca Edmonton Green se encuentra en South Mall, 36-44. Ofrece servicios como DVD, acceso gratuito a internet y computadoras, biblioteca de referencia, \u00e1rea de estudio, centro de tareas y un centro de aprendizaje abierto. Tambi\u00e9n ofrece diversas actividades semanales para adultos y ni\u00f1os.<\/p><p>Horario de apertura: lunes a jueves: 09.00 \u2013 19.00, viernes: 09.00 \u2013 17.30, s\u00e1bado: 09.00 \u2013 17.00<\/p><h3>Iglesia Bautista<\/h3><p>El edificio de la iglesia, construido en 1976, se encuentra en la cabecera de una concurrida zona comercial local, con una poblaci\u00f3n de aproximadamente 76.000 personas. El recinto se someter\u00e1 a una importante remodelaci\u00f3n en los pr\u00f3ximos dos a\u00f1os, lo cual podr\u00eda afectar a nuestra propia iglesia. Aproximadamente el 90% de la congregaci\u00f3n vive en un radio de una milla de la iglesia, lo que le da un marcado car\u00e1cter local.<\/p><h3>Instalaciones art\u00edsticas<\/h3><p>Teatro Inclusivo Facefront \u2013 52 Market Square, primer piso<\/p><p>Face Front trabaja de forma inclusiva con la comunidad a trav\u00e9s de las artes.<\/p>\t\t\t\t\t\t\t\t<\/div>\n\t\t\t\t<\/div>\n\t\t\t\t<\/div>\n\t\t\t\t\t<\/div>\n\t\t\t\t<\/div>\n\t\t\t\t<\/div>","protected":false},"excerpt":{"rendered":"<p>Facilities Edmonton Green is proud to offer a range of customer services to make your shopping experience enjoyable, safe and stress-free. Free WIFI Accessible toilets Shopmobility ATM Machines Baby change facilities Main bus station Edmonton Green train station 1-minute walk from the centre Western Union Money transfer Blue badge parking bays in all car parks [&hellip;]<\/p>\n","protected":false},"author":1,"featured_media":0,"parent":0,"menu_order":0,"comment_status":"closed","ping_status":"closed","template":"","meta":{"_acf_changed":false,"site-sidebar-layout":"no-sidebar","site-content-layout":"page-builder","ast-site-content-layout":"full-width-container","site-content-style":"unboxed","site-sidebar-style":"unboxed","ast-global-header-display":"","ast-banner-title-visibility":"","ast-main-header-display":"","ast-hfb-above-header-display":"","ast-hfb-below-header-display":"","ast-hfb-mobile-header-display":"","site-post-title":"disabled","ast-breadcrumbs-content":"","ast-featured-img":"disabled","footer-sml-layout":"","ast-disable-related-posts":"","theme-transparent-header-meta":"","adv-header-id-meta":"","stick-header-meta":"","header-above-stick-meta":"","header-main-stick-meta":"","header-below-stick-meta":"","astra-migrate-meta-layouts":"set","ast-page-background-enabled":"default","ast-page-background-meta":{"desktop":{"background-color":"var(--ast-global-color-4)","background-image":"","background-repeat":"repeat","background-position":"center center","background-size":"auto","background-attachment":"scroll","background-type":"","background-media":"","overlay-type":"","overlay-color":"","overlay-opacity":"","overlay-gradient":""},"tablet":{"background-color":"","background-image":"","background-repeat":"repeat","background-position":"center center","background-size":"auto","background-attachment":"scroll","background-type":"","background-media":"","overlay-type":"","overlay-color":"","overlay-opacity":"","overlay-gradient":""},"mobile":{"background-color":"","background-image":"","background-repeat":"repeat","background-position":"center center","background-size":"auto","background-attachment":"scroll","background-type":"","background-media":"","overlay-type":"","overlay-color":"","overlay-opacity":"","overlay-gradient":""}},"ast-content-background-meta":{"desktop":{"background-color":"var(--ast-global-color-5)","background-image":"","background-repeat":"repeat","background-position":"center center","background-size":"auto","background-attachment":"scroll","background-type":"","background-media":"","overlay-type":"","overlay-color":"","overlay-opacity":"","overlay-gradient":""},"tablet":{"background-color":"var(--ast-global-color-5)","background-image":"","background-repeat":"repeat","background-position":"center center","background-size":"auto","background-attachment":"scroll","background-type":"","background-media":"","overlay-type":"","overlay-color":"","overlay-opacity":"","overlay-gradient":""},"mobile":{"background-color":"var(--ast-global-color-5)","background-image":"","background-repeat":"repeat","background-position":"center center","background-size":"auto","background-attachment":"scroll","background-type":"","background-media":"","overlay-type":"","overlay-color":"","overlay-opacity":"","overlay-gradient":""}},"footnotes":""},"class_list":["post-472","page","type-page","status-publish","hentry"],"acf":[],"_links":{"self":[{"href":"https:\/\/edmontongreencentre.co.uk\/es\/wp-json\/wp\/v2\/pages\/472","targetHints":{"allow":["GET"]}}],"collection":[{"href":"https:\/\/edmontongreencentre.co.uk\/es\/wp-json\/wp\/v2\/pages"}],"about":[{"href":"https:\/\/edmontongreencentre.co.uk\/es\/wp-json\/wp\/v2\/types\/page"}],"author":[{"embeddable":true,"href":"https:\/\/edmontongreencentre.co.uk\/es\/wp-json\/wp\/v2\/users\/1"}],"replies":[{"embeddable":true,"href":"https:\/\/edmontongreencentre.co.uk\/es\/wp-json\/wp\/v2\/comments?post=472"}],"version-history":[{"count":0,"href":"https:\/\/edmontongreencentre.co.uk\/es\/wp-json\/wp\/v2\/pages\/472\/revisions"}],"wp:attachment":[{"href":"https:\/\/edmontongreencentre.co.uk\/es\/wp-json\/wp\/v2\/media?parent=472"}],"curies":[{"name":"gracias","href":"https:\/\/api.w.org\/{rel}","templated":true}]}}