{"id":489,"date":"2023-09-27T12:45:56","date_gmt":"2023-09-27T12:45:56","guid":{"rendered":"https:\/\/edmonton.toolbox.pink\/?page_id=489"},"modified":"2023-10-16T12:58:55","modified_gmt":"2023-10-16T12:58:55","slug":"dementia-friendly","status":"publish","type":"page","link":"https:\/\/edmontongreencentre.co.uk\/es\/dementia-friendly\/","title":{"rendered":"Amigable con la demencia"},"content":{"rendered":"<div data-elementor-type=\"wp-page\" data-elementor-id=\"489\" class=\"elementor elementor-489\" data-elementor-post-type=\"page\">\n\t\t\t\t<div class=\"elementor-element elementor-element-0d8ca90 e-con-full e-flex e-con e-parent\" data-id=\"0d8ca90\" data-element_type=\"container\" data-e-type=\"container\">\n\t\t<div class=\"elementor-element elementor-element-a2906f9 e-con-full e-flex e-con e-child\" data-id=\"a2906f9\" data-element_type=\"container\" data-e-type=\"container\" data-settings=\"{&quot;background_background&quot;:&quot;classic&quot;}\">\n\t\t\t\t<div class=\"elementor-element elementor-element-9594dcc elementor-widget elementor-widget-heading\" data-id=\"9594dcc\" data-element_type=\"widget\" data-e-type=\"widget\" data-widget_type=\"heading.default\">\n\t\t\t\t<div class=\"elementor-widget-container\">\n\t\t\t\t\t<h1 class=\"elementor-heading-title elementor-size-default\">Amigable con la demencia<\/h1>\t\t\t\t<\/div>\n\t\t\t\t<\/div>\n\t\t\t\t<\/div>\n\t\t\t\t<\/div>\n\t\t<div class=\"elementor-element elementor-element-a4b07de e-flex e-con-boxed e-con e-parent\" data-id=\"a4b07de\" data-element_type=\"container\" data-e-type=\"container\" data-settings=\"{&quot;background_background&quot;:&quot;classic&quot;}\">\n\t\t\t\t\t<div class=\"e-con-inner\">\n\t\t<div class=\"elementor-element elementor-element-9001bd3 e-con-full e-flex e-con e-child\" data-id=\"9001bd3\" data-element_type=\"container\" data-e-type=\"container\">\n\t\t\t\t<div class=\"elementor-element elementor-element-91c4503 elementor-widget__width-inherit elementor-widget elementor-widget-text-editor\" data-id=\"91c4503\" data-element_type=\"widget\" data-e-type=\"widget\" data-widget_type=\"text-editor.default\">\n\t\t\t\t<div class=\"elementor-widget-container\">\n\t\t\t\t\t\t\t\t\t<p>El Centro Comercial Edmonton Green es ahora miembro autorizado de la Alianza para la Demencia de Enfield. Esto significa que la Sociedad de Alzheimer nos ha reconocido por nuestro esfuerzo por convertirnos en una comunidad adaptada a las personas con demencia.<\/p><p>Una comunidad adaptada a la demencia es una ciudad, pueblo o aldea donde las personas con demencia son comprendidas, respetadas y apoyadas. En una comunidad adaptada a la demencia, las personas ser\u00e1n conscientes y comprender\u00e1n la demencia, de modo que puedan seguir viviendo como desean y en la comunidad que elijan.<\/p><p>\u00a0<\/p><h3>Lo que hemos hecho hasta ahora<\/h3><ul><li>Hasta la fecha, hemos contado con la participaci\u00f3n del equipo directivo en un taller de amigos de la demencia.<\/li><li>Tres miembros del equipo se han apuntado para convertirse en amigos de personas con demencia.<\/li><li>Informaci\u00f3n compartida con nuestros minoristas y empresas en general<\/li><li>Se desarroll\u00f3 un mapa amigable con la demencia<\/li><\/ul><p><a href=\"https:\/\/edmontongreencentre.co.uk\/wp-content\/uploads\/2023\/09\/Dementia-Friendly-Map.pdf\" target=\"_blank\" rel=\"noopener\">Descargar mapa aqu\u00ed<\/a><\/p>\t\t\t\t\t\t\t\t<\/div>\n\t\t\t\t<\/div>\n\t\t\t\t<\/div>\n\t\t<div class=\"elementor-element elementor-element-45934cc e-con-full e-flex e-con e-child\" data-id=\"45934cc\" data-element_type=\"container\" data-e-type=\"container\">\n\t\t\t\t<div class=\"elementor-element elementor-element-22cb228 elementor-widget__width-inherit elementor-widget elementor-widget-text-editor\" data-id=\"22cb228\" data-element_type=\"widget\" data-e-type=\"widget\" data-widget_type=\"text-editor.default\">\n\t\t\t\t<div class=\"elementor-widget-container\">\n\t\t\t\t\t\t\t\t\t<p>Nuestro compromiso con la demencia es demostrar nuestro compromiso de desarrollar la comprensi\u00f3n de nuestros empleados sobre la demencia y continuar adaptando y mejorando el servicio que brindamos para satisfacer las necesidades de nuestros clientes y la comunidad que vive con demencia.<\/p><p><a href=\"https:\/\/edmontongreencentre.co.uk\/wp-content\/uploads\/2023\/09\/Action-plan-1.pdf\">HAGA CLIC AQU\u00cd<\/a>\u00a0para ver nuestro plan de acci\u00f3n adaptado a las personas con demencia.<\/p><p>Actualizaremos esta p\u00e1gina peri\u00f3dicamente con m\u00e1s mejoras y cambios en el centro comercial Edmonton Green para personas con demencia.<\/p>\t\t\t\t\t\t\t\t<\/div>\n\t\t\t\t<\/div>\n\t\t\t\t<\/div>\n\t\t\t\t\t<\/div>\n\t\t\t\t<\/div>\n\t\t<div class=\"elementor-element elementor-element-890adc8 e-flex e-con-boxed e-con e-parent\" data-id=\"890adc8\" data-element_type=\"container\" data-e-type=\"container\" data-settings=\"{&quot;background_background&quot;:&quot;classic&quot;}\">\n\t\t\t\t\t<div class=\"e-con-inner\">\n\t\t\t\t<div class=\"elementor-element elementor-element-8709c0f elementor-widget elementor-widget-image\" data-id=\"8709c0f\" data-element_type=\"widget\" data-e-type=\"widget\" data-widget_type=\"image.default\">\n\t\t\t\t<div class=\"elementor-widget-container\">\n\t\t\t\t\t\t\t\t\t\t\t\t\t\t\t<img fetchpriority=\"high\" decoding=\"async\" width=\"2000\" height=\"1414\" src=\"https:\/\/edmontongreencentre.co.uk\/wp-content\/uploads\/2023\/09\/Dementia-Friendly-Map.jpg\" class=\"attachment-full size-full wp-image-493\" alt=\"\" srcset=\"https:\/\/edmontongreencentre.co.uk\/wp-content\/uploads\/2023\/09\/Dementia-Friendly-Map.jpg 2000w, https:\/\/edmontongreencentre.co.uk\/wp-content\/uploads\/2023\/09\/Dementia-Friendly-Map-300x212.jpg 300w, https:\/\/edmontongreencentre.co.uk\/wp-content\/uploads\/2023\/09\/Dementia-Friendly-Map-1024x724.jpg 1024w, https:\/\/edmontongreencentre.co.uk\/wp-content\/uploads\/2023\/09\/Dementia-Friendly-Map-768x543.jpg 768w, https:\/\/edmontongreencentre.co.uk\/wp-content\/uploads\/2023\/09\/Dementia-Friendly-Map-1536x1086.jpg 1536w\" sizes=\"(max-width: 2000px) 100vw, 2000px\" \/>\t\t\t\t\t\t\t\t\t\t\t\t\t\t\t<\/div>\n\t\t\t\t<\/div>\n\t\t\t\t\t<\/div>\n\t\t\t\t<\/div>\n\t\t\t\t<\/div>","protected":false},"excerpt":{"rendered":"<p>Dementia Friendly Edmonton Green Shopping Centre is now an approved member of the Enfield Dementia Alliance. This means we have been recognised by the Alzheimer\u2019s Society as working towards becoming a dementia-friendly community. A dementia-friendly community is a city, town or village where people with dementia are understood, respected and supported. In a dementia-friendly community [&hellip;]<\/p>\n","protected":false},"author":1,"featured_media":0,"parent":0,"menu_order":0,"comment_status":"closed","ping_status":"closed","template":"","meta":{"_acf_changed":false,"site-sidebar-layout":"no-sidebar","site-content-layout":"page-builder","ast-site-content-layout":"full-width-container","site-content-style":"unboxed","site-sidebar-style":"unboxed","ast-global-header-display":"","ast-banner-title-visibility":"","ast-main-header-display":"","ast-hfb-above-header-display":"","ast-hfb-below-header-display":"","ast-hfb-mobile-header-display":"","site-post-title":"disabled","ast-breadcrumbs-content":"","ast-featured-img":"disabled","footer-sml-layout":"","ast-disable-related-posts":"","theme-transparent-header-meta":"","adv-header-id-meta":"","stick-header-meta":"","header-above-stick-meta":"","header-main-stick-meta":"","header-below-stick-meta":"","astra-migrate-meta-layouts":"set","ast-page-background-enabled":"default","ast-page-background-meta":{"desktop":{"background-color":"var(--ast-global-color-4)","background-image":"","background-repeat":"repeat","background-position":"center center","background-size":"auto","background-attachment":"scroll","background-type":"","background-media":"","overlay-type":"","overlay-color":"","overlay-opacity":"","overlay-gradient":""},"tablet":{"background-color":"","background-image":"","background-repeat":"repeat","background-position":"center center","background-size":"auto","background-attachment":"scroll","background-type":"","background-media":"","overlay-type":"","overlay-color":"","overlay-opacity":"","overlay-gradient":""},"mobile":{"background-color":"","background-image":"","background-repeat":"repeat","background-position":"center center","background-size":"auto","background-attachment":"scroll","background-type":"","background-media":"","overlay-type":"","overlay-color":"","overlay-opacity":"","overlay-gradient":""}},"ast-content-background-meta":{"desktop":{"background-color":"var(--ast-global-color-5)","background-image":"","background-repeat":"repeat","background-position":"center center","background-size":"auto","background-attachment":"scroll","background-type":"","background-media":"","overlay-type":"","overlay-color":"","overlay-opacity":"","overlay-gradient":""},"tablet":{"background-color":"var(--ast-global-color-5)","background-image":"","background-repeat":"repeat","background-position":"center center","background-size":"auto","background-attachment":"scroll","background-type":"","background-media":"","overlay-type":"","overlay-color":"","overlay-opacity":"","overlay-gradient":""},"mobile":{"background-color":"var(--ast-global-color-5)","background-image":"","background-repeat":"repeat","background-position":"center center","background-size":"auto","background-attachment":"scroll","background-type":"","background-media":"","overlay-type":"","overlay-color":"","overlay-opacity":"","overlay-gradient":""}},"footnotes":""},"class_list":["post-489","page","type-page","status-publish","hentry"],"acf":[],"_links":{"self":[{"href":"https:\/\/edmontongreencentre.co.uk\/es\/wp-json\/wp\/v2\/pages\/489","targetHints":{"allow":["GET"]}}],"collection":[{"href":"https:\/\/edmontongreencentre.co.uk\/es\/wp-json\/wp\/v2\/pages"}],"about":[{"href":"https:\/\/edmontongreencentre.co.uk\/es\/wp-json\/wp\/v2\/types\/page"}],"author":[{"embeddable":true,"href":"https:\/\/edmontongreencentre.co.uk\/es\/wp-json\/wp\/v2\/users\/1"}],"replies":[{"embeddable":true,"href":"https:\/\/edmontongreencentre.co.uk\/es\/wp-json\/wp\/v2\/comments?post=489"}],"version-history":[{"count":0,"href":"https:\/\/edmontongreencentre.co.uk\/es\/wp-json\/wp\/v2\/pages\/489\/revisions"}],"wp:attachment":[{"href":"https:\/\/edmontongreencentre.co.uk\/es\/wp-json\/wp\/v2\/media?parent=489"}],"curies":[{"name":"gracias","href":"https:\/\/api.w.org\/{rel}","templated":true}]}}