{"id":3,"date":"2023-04-27T14:39:32","date_gmt":"2023-04-27T14:39:32","guid":{"rendered":"https:\/\/edmonton.toolbox.pink\/?page_id=3"},"modified":"2025-06-13T14:54:54","modified_gmt":"2025-06-13T13:54:54","slug":"privacy-policy","status":"publish","type":"page","link":"https:\/\/edmontongreencentre.co.uk\/fr\/privacy-policy\/","title":{"rendered":"politique de confidentialit\u00e9"},"content":{"rendered":"<p>Nous nous engageons \u00e0 prot\u00e9ger votre vie priv\u00e9e et \u00e0 assurer la s\u00e9curit\u00e9 de vos informations personnelles. Cette politique d\u00e9crit la mani\u00e8re dont nous collectons les informations sur notre site web. Elle vous aidera \u00e0 choisir comment utiliser notre site, nos produits et nos services. Toutes les donn\u00e9es seront trait\u00e9es conform\u00e9ment \u00e0 la l\u00e9gislation britannique en vigueur sur la protection des donn\u00e9es.&nbsp;<\/p>\n\n\n\n<p>Cette politique de confidentialit\u00e9 s&#039;applique uniquement \u00e0 ce site web. Les autres liens de ce site vers d&#039;autres sites web ne sont pas couverts par cette politique.<\/p>\n\n\n\n<p><\/p>\n\n\n\n<h2 class=\"wp-block-heading\">PROTECTION DES DONN\u00c9ES<\/h2>\n\n\n\n<p>Nous respectons nos obligations en vertu de la loi de 1998 sur la protection des donn\u00e9es relatives \u00e0 la conservation des donn\u00e9es personnelles. Si nous d\u00e9tenons ce type d&#039;informations vous concernant, nous les utiliserons uniquement aux fins que vous avez accept\u00e9es.<\/p>\n\n\n\n<p><\/p>\n\n\n\n<h2 class=\"wp-block-heading\">INFORMATIONS QUE NOUS COLLECTONS<\/h2>\n\n\n\n<p>Lorsque vous visitez notre site Web, nous pouvons recueillir les informations suivantes aupr\u00e8s de vous :<\/p>\n\n\n\n<ul class=\"wp-block-list\">\n<li>Informations personnelles que vous choisissez de r\u00e9v\u00e9ler que nous collectons et qui nous permettent de vous contacter<\/li>\n\n\n\n<li>Nous collectons g\u00e9n\u00e9ralement des informations sur notre site Web lorsque vous et d&#039;autres naviguez sur notre site.<\/li>\n\n\n\n<li>Informations qui nous permettent de vous contacter, telles que votre adresse e-mail<\/li>\n<\/ul>\n\n\n\n<p>Vos donn\u00e9es personnelles seront collect\u00e9es, trait\u00e9es et utilis\u00e9es par le centre commercial Edmonton Green afin de vous offrir le meilleur service et la meilleure exp\u00e9rience possible. Veuillez noter que vos donn\u00e9es personnelles pourront \u00eatre trait\u00e9es par une organisation mandat\u00e9e en notre nom afin de les g\u00e9rer au mieux. Nous pourrons utiliser les informations que vous nous fournissez pour vous contacter au sujet de nos services. Sauf demande contraire de votre part, nous pourrons \u00e9galement vous envoyer des e-mails concernant nos derni\u00e8res offres. Vous pourrez toujours choisir de les recevoir ou non.<\/p>\n\n\n\n<p><\/p>\n\n\n\n<h2 class=\"wp-block-heading\">INFORMATIONS SUR LE SITE WEB<\/h2>\n\n\n\n<p>Nous collectons des informations sur les tendances du comportement des utilisateurs sur notre site Web pour nous montrer quelles parties de notre site sont les plus couramment utilis\u00e9es et celles que nous pourrions avoir besoin de d\u00e9velopper pour vous faciliter l&#039;utilisation.<\/p>\n\n\n\n<p>Ces donn\u00e9es ne seront pas utilis\u00e9es conjointement avec des donn\u00e9es qui vous identifient en tant qu\u2019individu.<\/p>\n\n\n\n<p>Nous ne vendons, ne louons ni n&#039;\u00e9changeons vos informations personnelles \u00e0 des tiers.<\/p>\n\n\n\n<p><\/p>\n\n\n\n<h2 class=\"wp-block-heading\">VOTRE PERMISSION<\/h2>\n\n\n\n<p>Lorsque vous utilisez notre site Web, vous acceptez que nous collections et utilisions les informations comme nous l&#039;avons d\u00e9crit.<\/p>\n\n\n\n<p>Si vous avez d&#039;autres questions sur notre politique de confidentialit\u00e9, veuillez nous contacter en utilisant notre fonction de contact.<\/p>\n\n\n\n<p>Si nous modifions notre politique de confidentialit\u00e9, nous publierons les modifications sur cette page afin que vous soyez toujours au courant de :<\/p>\n\n\n\n<ul class=\"wp-block-list\">\n<li>quelles informations nous collectons<\/li>\n\n\n\n<li>comment nous l&#039;utilisons et dans quelles circonstances nous le r\u00e9v\u00e9lons<\/li>\n<\/ul>","protected":false},"excerpt":{"rendered":"<p>We are committed to protecting your privacy and keeping your personal information secure. This policy sets out how we collect information on our website. This will help you decide how you want to use our site, products and services. All data will be dealt with in compliance with the current UK data protection legislation.&nbsp; This [&hellip;]<\/p>\n","protected":false},"author":1,"featured_media":0,"parent":0,"menu_order":0,"comment_status":"closed","ping_status":"open","template":"","meta":{"_acf_changed":false,"site-sidebar-layout":"default","site-content-layout":"","ast-site-content-layout":"default","site-content-style":"default","site-sidebar-style":"default","ast-global-header-display":"","ast-banner-title-visibility":"","ast-main-header-display":"","ast-hfb-above-header-display":"","ast-hfb-below-header-display":"","ast-hfb-mobile-header-display":"","site-post-title":"","ast-breadcrumbs-content":"","ast-featured-img":"","footer-sml-layout":"","ast-disable-related-posts":"","theme-transparent-header-meta":"","adv-header-id-meta":"","stick-header-meta":"","header-above-stick-meta":"","header-main-stick-meta":"","header-below-stick-meta":"","astra-migrate-meta-layouts":"set","ast-page-background-enabled":"default","ast-page-background-meta":{"desktop":{"background-color":"var(--ast-global-color-4)","background-image":"","background-repeat":"repeat","background-position":"center center","background-size":"auto","background-attachment":"scroll","background-type":"","background-media":"","overlay-type":"","overlay-color":"","overlay-opacity":"","overlay-gradient":""},"tablet":{"background-color":"","background-image":"","background-repeat":"repeat","background-position":"center center","background-size":"auto","background-attachment":"scroll","background-type":"","background-media":"","overlay-type":"","overlay-color":"","overlay-opacity":"","overlay-gradient":""},"mobile":{"background-color":"","background-image":"","background-repeat":"repeat","background-position":"center center","background-size":"auto","background-attachment":"scroll","background-type":"","background-media":"","overlay-type":"","overlay-color":"","overlay-opacity":"","overlay-gradient":""}},"ast-content-background-meta":{"desktop":{"background-color":"var(--ast-global-color-5)","background-image":"","background-repeat":"repeat","background-position":"center center","background-size":"auto","background-attachment":"scroll","background-type":"","background-media":"","overlay-type":"","overlay-color":"","overlay-opacity":"","overlay-gradient":""},"tablet":{"background-color":"var(--ast-global-color-5)","background-image":"","background-repeat":"repeat","background-position":"center center","background-size":"auto","background-attachment":"scroll","background-type":"","background-media":"","overlay-type":"","overlay-color":"","overlay-opacity":"","overlay-gradient":""},"mobile":{"background-color":"var(--ast-global-color-5)","background-image":"","background-repeat":"repeat","background-position":"center center","background-size":"auto","background-attachment":"scroll","background-type":"","background-media":"","overlay-type":"","overlay-color":"","overlay-opacity":"","overlay-gradient":""}},"footnotes":""},"class_list":["post-3","page","type-page","status-publish","hentry"],"acf":[],"_links":{"self":[{"href":"https:\/\/edmontongreencentre.co.uk\/fr\/wp-json\/wp\/v2\/pages\/3","targetHints":{"allow":["GET"]}}],"collection":[{"href":"https:\/\/edmontongreencentre.co.uk\/fr\/wp-json\/wp\/v2\/pages"}],"about":[{"href":"https:\/\/edmontongreencentre.co.uk\/fr\/wp-json\/wp\/v2\/types\/page"}],"author":[{"embeddable":true,"href":"https:\/\/edmontongreencentre.co.uk\/fr\/wp-json\/wp\/v2\/users\/1"}],"replies":[{"embeddable":true,"href":"https:\/\/edmontongreencentre.co.uk\/fr\/wp-json\/wp\/v2\/comments?post=3"}],"version-history":[{"count":2,"href":"https:\/\/edmontongreencentre.co.uk\/fr\/wp-json\/wp\/v2\/pages\/3\/revisions"}],"predecessor-version":[{"id":3305,"href":"https:\/\/edmontongreencentre.co.uk\/fr\/wp-json\/wp\/v2\/pages\/3\/revisions\/3305"}],"wp:attachment":[{"href":"https:\/\/edmontongreencentre.co.uk\/fr\/wp-json\/wp\/v2\/media?parent=3"}],"curies":[{"name":"wp","href":"https:\/\/api.w.org\/{rel}","templated":true}]}}