{"id":3265,"date":"2025-06-09T14:32:48","date_gmt":"2025-06-09T13:32:48","guid":{"rendered":"https:\/\/edmontongreencentre.co.uk\/?page_id=3265"},"modified":"2025-12-03T14:28:02","modified_gmt":"2025-12-03T14:28:02","slug":"cookie-policy","status":"publish","type":"page","link":"https:\/\/edmontongreencentre.co.uk\/fr\/cookie-policy\/","title":{"rendered":"Politique relative aux cookies"},"content":{"rendered":"<div data-elementor-type=\"wp-page\" data-elementor-id=\"3265\" class=\"elementor elementor-3265\" data-elementor-post-type=\"page\">\n\t\t\t\t<div class=\"elementor-element elementor-element-c1276f6 e-flex e-con-boxed e-con e-parent\" data-id=\"c1276f6\" data-element_type=\"container\" data-e-type=\"container\">\n\t\t\t\t\t<div class=\"e-con-inner\">\n\t\t\t\t<div class=\"elementor-element elementor-element-cd209a0 elementor-widget elementor-widget-heading\" data-id=\"cd209a0\" data-element_type=\"widget\" data-e-type=\"widget\" data-widget_type=\"heading.default\">\n\t\t\t\t<div class=\"elementor-widget-container\">\n\t\t\t\t\t<h2 class=\"elementor-heading-title elementor-size-default\">Politique relative aux cookies<\/h2>\t\t\t\t<\/div>\n\t\t\t\t<\/div>\n\t\t\t\t<div class=\"elementor-element elementor-element-0c7648e elementor-widget elementor-widget-text-editor\" data-id=\"0c7648e\" data-element_type=\"widget\" data-e-type=\"widget\" data-widget_type=\"text-editor.default\">\n\t\t\t\t<div class=\"elementor-widget-container\">\n\t\t\t\t\t\t\t\t\t<p>Les cookies sont des fichiers texte envoy\u00e9s sur votre ordinateur et utilis\u00e9s par votre navigateur web pour stocker des informations. Ces cookies permettent \u00e0 votre navigateur de m\u00e9moriser vos pr\u00e9c\u00e9dentes visites sur notre site et vos pr\u00e9f\u00e9rences.<\/p><p>Comme la plupart des sites web, nous utilisons des cookies pour am\u00e9liorer votre exp\u00e9rience utilisateur en permettant \u00e0 notre site de se souvenir de vous, soit pendant la dur\u00e9e de votre visite (cookie de session), soit lors de visites r\u00e9p\u00e9t\u00e9es (cookie persistant). Nous utilisons \u00e9galement deux types de cookies\u00a0: les cookies internes (que nous d\u00e9tenons) et les cookies tiers (que nous autorisons \u00e0 installer sur votre ordinateur ou appareil mobile par un tiers, comme Google).<\/p><p>Les cookies remplissent de nombreuses fonctions\u00a0: vous permettre de naviguer efficacement entre les pages, enregistrer vos pr\u00e9f\u00e9rences et, plus g\u00e9n\u00e9ralement, am\u00e9liorer votre exp\u00e9rience sur un site web. Ils acc\u00e9l\u00e8rent et simplifient l&#039;interaction entre vous et le site web. Si un site web n&#039;utilise pas de cookies, il vous consid\u00e9rera comme un nouveau visiteur chaque fois que vous acc\u00e9derez \u00e0 une nouvelle page. Par exemple, lorsque vous saisirez vos identifiants de connexion et acc\u00e9derez \u00e0 une autre page, il ne vous reconna\u00eetra pas et ne pourra pas vous maintenir connect\u00e9.<\/p><h4 class=\"wp-block-heading\">Comment refuser ou retirer son consentement<\/h4><p>Bien que les cookies que nous utilisons sur ce site web soient inoffensifs et ne r\u00e9v\u00e8lent pas votre identit\u00e9, certains utilisateurs ne souhaitent pas que des fichiers texte soient t\u00e9l\u00e9charg\u00e9s sur leur ordinateur ou leur appareil mobile. Si vous le souhaitez, vous pouvez bloquer certains ou tous les cookies, voire supprimer ceux d\u00e9j\u00e0 install\u00e9s\u00a0; sachez toutefois que vous risquez de perdre certaines fonctionnalit\u00e9s de ce site web.<\/p><p>Vous pouvez g\u00e9rer l&#039;interaction des cookies avec votre ordinateur ou appareil mobile via votre navigateur (par exemple, Internet Explorer, Chrome, Safari, Firefox, Android) afin d&#039;\u00eatre averti(e) de leur envoi ou de les refuser. Vous pouvez \u00e9galement supprimer les cookies d\u00e9j\u00e0 install\u00e9s.<\/p><p>Il existe \u00e9galement un site Web tr\u00e8s utile expliquant comment contr\u00f4ler votre interaction avec les cookies. Veuillez visiter ce site pour plus d&#039;informations\u00a0:<\/p><p><a href=\"https:\/\/www.aboutcookies.org\/\" target=\"_blank\" rel=\"noreferrer noopener\">\u00c0 propos des cookies<\/a><\/p><p>Le site web de la BBC propose \u00e9galement une section claire et compl\u00e8te expliquant ses activit\u00e9s et son fonctionnement. Veuillez noter que cette section est destin\u00e9e aux utilisateurs de son site web, qui utilise davantage de cookies que le n\u00f4tre.<\/p><p><a href=\"http:\/\/www.bbc.co.uk\/usingthebbc\/cookies\/\" target=\"_blank\" rel=\"noreferrer noopener\">Biscuits BBC<\/a><\/p>\t\t\t\t\t\t\t\t<\/div>\n\t\t\t\t<\/div>\n\t\t\t\t<div class=\"elementor-element elementor-element-7ff4374 elementor-widget elementor-widget-html\" data-id=\"7ff4374\" data-element_type=\"widget\" data-e-type=\"widget\" data-widget_type=\"html.default\">\n\t\t\t\t<div class=\"elementor-widget-container\">\n\t\t\t\t\t<div id=\"ot-sdk-cookie-policy\"><\/div>\t\t\t\t<\/div>\n\t\t\t\t<\/div>\n\t\t\t\t\t<\/div>\n\t\t\t\t<\/div>\n\t\t\t\t<\/div>","protected":false},"excerpt":{"rendered":"<p>Cookie Policy Cookies are text files sent to your computer and used by your web browser to store information. The cookies we use allow your browser to remember whether you\u2019ve visited our site before and what your preferences are. As with most websites we use cookies to improve your user experience by enabling our website [&hellip;]<\/p>\n","protected":false},"author":1,"featured_media":0,"parent":0,"menu_order":0,"comment_status":"closed","ping_status":"closed","template":"","meta":{"_acf_changed":false,"site-sidebar-layout":"no-sidebar","site-content-layout":"page-builder","ast-site-content-layout":"full-width-container","site-content-style":"unboxed","site-sidebar-style":"unboxed","ast-global-header-display":"","ast-banner-title-visibility":"","ast-main-header-display":"","ast-hfb-above-header-display":"","ast-hfb-below-header-display":"","ast-hfb-mobile-header-display":"","site-post-title":"disabled","ast-breadcrumbs-content":"","ast-featured-img":"disabled","footer-sml-layout":"","ast-disable-related-posts":"","theme-transparent-header-meta":"","adv-header-id-meta":"","stick-header-meta":"","header-above-stick-meta":"","header-main-stick-meta":"","header-below-stick-meta":"","astra-migrate-meta-layouts":"set","ast-page-background-enabled":"default","ast-page-background-meta":{"desktop":{"background-color":"var(--ast-global-color-4)","background-image":"","background-repeat":"repeat","background-position":"center center","background-size":"auto","background-attachment":"scroll","background-type":"","background-media":"","overlay-type":"","overlay-color":"","overlay-opacity":"","overlay-gradient":""},"tablet":{"background-color":"","background-image":"","background-repeat":"repeat","background-position":"center center","background-size":"auto","background-attachment":"scroll","background-type":"","background-media":"","overlay-type":"","overlay-color":"","overlay-opacity":"","overlay-gradient":""},"mobile":{"background-color":"","background-image":"","background-repeat":"repeat","background-position":"center center","background-size":"auto","background-attachment":"scroll","background-type":"","background-media":"","overlay-type":"","overlay-color":"","overlay-opacity":"","overlay-gradient":""}},"ast-content-background-meta":{"desktop":{"background-color":"var(--ast-global-color-5)","background-image":"","background-repeat":"repeat","background-position":"center center","background-size":"auto","background-attachment":"scroll","background-type":"","background-media":"","overlay-type":"","overlay-color":"","overlay-opacity":"","overlay-gradient":""},"tablet":{"background-color":"var(--ast-global-color-5)","background-image":"","background-repeat":"repeat","background-position":"center center","background-size":"auto","background-attachment":"scroll","background-type":"","background-media":"","overlay-type":"","overlay-color":"","overlay-opacity":"","overlay-gradient":""},"mobile":{"background-color":"var(--ast-global-color-5)","background-image":"","background-repeat":"repeat","background-position":"center center","background-size":"auto","background-attachment":"scroll","background-type":"","background-media":"","overlay-type":"","overlay-color":"","overlay-opacity":"","overlay-gradient":""}},"footnotes":""},"class_list":["post-3265","page","type-page","status-publish","hentry"],"acf":[],"_links":{"self":[{"href":"https:\/\/edmontongreencentre.co.uk\/fr\/wp-json\/wp\/v2\/pages\/3265","targetHints":{"allow":["GET"]}}],"collection":[{"href":"https:\/\/edmontongreencentre.co.uk\/fr\/wp-json\/wp\/v2\/pages"}],"about":[{"href":"https:\/\/edmontongreencentre.co.uk\/fr\/wp-json\/wp\/v2\/types\/page"}],"author":[{"embeddable":true,"href":"https:\/\/edmontongreencentre.co.uk\/fr\/wp-json\/wp\/v2\/users\/1"}],"replies":[{"embeddable":true,"href":"https:\/\/edmontongreencentre.co.uk\/fr\/wp-json\/wp\/v2\/comments?post=3265"}],"version-history":[{"count":3,"href":"https:\/\/edmontongreencentre.co.uk\/fr\/wp-json\/wp\/v2\/pages\/3265\/revisions"}],"predecessor-version":[{"id":3528,"href":"https:\/\/edmontongreencentre.co.uk\/fr\/wp-json\/wp\/v2\/pages\/3265\/revisions\/3528"}],"wp:attachment":[{"href":"https:\/\/edmontongreencentre.co.uk\/fr\/wp-json\/wp\/v2\/media?parent=3265"}],"curies":[{"name":"wp","href":"https:\/\/api.w.org\/{rel}","templated":true}]}}