{"id":467,"date":"2023-09-27T12:30:01","date_gmt":"2023-09-27T12:30:01","guid":{"rendered":"https:\/\/edmonton.toolbox.pink\/?page_id=467"},"modified":"2026-02-08T18:02:23","modified_gmt":"2026-02-08T18:02:23","slug":"car-park","status":"publish","type":"page","link":"https:\/\/edmontongreencentre.co.uk\/fr\/car-park\/","title":{"rendered":"Parking"},"content":{"rendered":"<div data-elementor-type=\"wp-page\" data-elementor-id=\"467\" class=\"elementor elementor-467\" data-elementor-post-type=\"page\">\n\t\t\t\t<div class=\"elementor-element elementor-element-0d8ca90 e-con-full e-flex e-con e-parent\" data-id=\"0d8ca90\" data-element_type=\"container\" data-e-type=\"container\">\n\t\t<div class=\"elementor-element elementor-element-a2906f9 e-con-full e-flex e-con e-child\" data-id=\"a2906f9\" data-element_type=\"container\" data-e-type=\"container\" data-settings=\"{&quot;background_background&quot;:&quot;classic&quot;}\">\n\t\t\t\t<div class=\"elementor-element elementor-element-9594dcc elementor-widget elementor-widget-heading\" data-id=\"9594dcc\" data-element_type=\"widget\" data-e-type=\"widget\" data-widget_type=\"heading.default\">\n\t\t\t\t<div class=\"elementor-widget-container\">\n\t\t\t\t\t<h1 class=\"elementor-heading-title elementor-size-default\">Parking<\/h1>\t\t\t\t<\/div>\n\t\t\t\t<\/div>\n\t\t\t\t<\/div>\n\t\t\t\t<\/div>\n\t\t<div class=\"elementor-element elementor-element-a4b07de e-flex e-con-boxed e-con e-parent\" data-id=\"a4b07de\" data-element_type=\"container\" data-e-type=\"container\" data-settings=\"{&quot;background_background&quot;:&quot;classic&quot;}\">\n\t\t\t\t\t<div class=\"e-con-inner\">\n\t\t<div class=\"elementor-element elementor-element-9001bd3 e-con-full e-flex e-con e-child\" data-id=\"9001bd3\" data-element_type=\"container\" data-e-type=\"container\">\n\t\t\t\t<div class=\"elementor-element elementor-element-c58abbe elementor-widget__width-inherit elementor-widget elementor-widget-text-editor\" data-id=\"c58abbe\" data-element_type=\"widget\" data-e-type=\"widget\" data-widget_type=\"text-editor.default\">\n\t\t\t\t<div class=\"elementor-widget-container\">\n\t\t\t\t\t\t\t\t\t<p>Edmonton Green dispose de 964 places de stationnement \u00e9quip\u00e9es d&#039;un syst\u00e8me ANPR, il vous suffit donc de vous rendre \u00e0 une borne de paiement lorsque vous quittez le centre.<\/p><p>Il y a 77 places suppl\u00e9mentaires accessibles aux d\u00e9tenteurs de badges bleus et 9 places pour les parents.<\/p>\t\t\t\t\t\t\t\t<\/div>\n\t\t\t\t<\/div>\n\t\t\t\t<div class=\"elementor-element elementor-element-10998ce elementor-widget elementor-widget-shortcode\" data-id=\"10998ce\" data-element_type=\"widget\" data-e-type=\"widget\" data-widget_type=\"shortcode.default\">\n\t\t\t\t<div class=\"elementor-widget-container\">\n\t\t\t\t\t\t\t<div class=\"elementor-shortcode\">\n<table id=\"tablepress-1\" class=\"tablepress tablepress-id-1\">\n<tbody>\n<tr class=\"row-1\">\n\t<td class=\"column-1\">Parking<\/td><td class=\"column-2\">Baies<\/td><td class=\"column-3\">Badge bleu<\/td><td class=\"column-4\">M\u00e8re<\/td><td class=\"column-5\">Machine de paiement<\/td>\n<\/tr>\n<tr class=\"row-2\">\n\t<td class=\"column-1\">Sud inf\u00e9rieur<\/td><td class=\"column-2\">175<\/td><td class=\"column-3\">37<\/td><td class=\"column-4\">6<\/td><td class=\"column-5\">Trois machines \u00e0 cartes uniquement chez Asda<\/td>\n<\/tr>\n<tr class=\"row-3\">\n\t<td class=\"column-1\">Sud sup\u00e9rieur<\/td><td class=\"column-2\">196<\/td><td class=\"column-3\">0<\/td><td class=\"column-4\">0<\/td><td class=\"column-5\">Pas de machines<\/td>\n<\/tr>\n<tr class=\"row-4\">\n\t<td class=\"column-1\">Nord<\/td><td class=\"column-2\">160<\/td><td class=\"column-3\">19<\/td><td class=\"column-4\">0<\/td><td class=\"column-5\">Deux machines \u00e0 cartes uniquement<\/td>\n<\/tr>\n<tr class=\"row-5\">\n\t<td class=\"column-1\">\u00e0 plusieurs \u00e9tages<\/td><td class=\"column-2\">401<\/td><td class=\"column-3\">19<\/td><td class=\"column-4\">3<\/td><td class=\"column-5\">Carte uniquement au rez-de-chauss\u00e9e<\/td>\n<\/tr>\n<tr class=\"row-6\">\n\t<td class=\"column-1\">Court s\u00e9jour<\/td><td class=\"column-2\">32<\/td><td class=\"column-3\">2<\/td><td class=\"column-4\">0<\/td><td class=\"column-5\">Une seule machine \u00e0 carte<\/td>\n<\/tr>\n<\/tbody>\n<\/table>\n<\/div>\n\t\t\t\t\t\t<\/div>\n\t\t\t\t<\/div>\n\t\t\t\t<div class=\"elementor-element elementor-element-91c4503 elementor-widget__width-inherit elementor-widget elementor-widget-text-editor\" data-id=\"91c4503\" data-element_type=\"widget\" data-e-type=\"widget\" data-widget_type=\"text-editor.default\">\n\t\t\t\t<div class=\"elementor-widget-container\">\n\t\t\t\t\t\t\t\t\t<p><span style=\"font-style: inherit; font-weight: inherit; background-color: var( --e-global-color-astglobalcolor5 ); color: var(--ast-global-color-0);\">Il y a \u00e9galement un distributeur automatique de cartes et d&#039;argent liquide situ\u00e9 sur South Mall \u00e0 c\u00f4t\u00e9 de Greggs.<\/span><\/p><p><a href=\"https:\/\/edmontongreencentre.co.uk\/wp-content\/uploads\/2024\/10\/TR-Edmonton-Green_Autumn2024.pdf\" target=\"_blank\" rel=\"noopener\">Consultez notre plan du centre ici.<\/a><\/p>\t\t\t\t\t\t\t\t<\/div>\n\t\t\t\t<\/div>\n\t\t\t\t<\/div>\n\t\t<div class=\"elementor-element elementor-element-45934cc e-con-full e-flex e-con e-child\" data-id=\"45934cc\" data-element_type=\"container\" data-e-type=\"container\">\n\t\t\t\t<div class=\"elementor-element elementor-element-22cb228 elementor-widget__width-inherit elementor-widget elementor-widget-text-editor\" data-id=\"22cb228\" data-element_type=\"widget\" data-e-type=\"widget\" data-widget_type=\"text-editor.default\">\n\t\t\t\t<div class=\"elementor-widget-container\">\n\t\t\t\t\t\t\t\t\t<h3>Tarifs<\/h3><p>Jusqu&#039;\u00e0 1 heure\u2026 1,50 \u00a3<br \/>Jusqu&#039;\u00e0 3 heures\u2026 3,00 \u00a3<br \/>Jusqu&#039;\u00e0 5 heures\u2026 5,00 \u00a3<br \/>6 \u00e0 24 heures\u2026..10,00 \u00a3<br \/>Pass mensuel\u2026 75,00 \u00a3 (parking longue dur\u00e9e uniquement)<\/p><h4>Tarifs des parkings de courte dur\u00e9e\u00a0<br \/><span style=\"font-style: inherit; font-weight: inherit; background-color: var( --e-global-color-astglobalcolor5 ); color: var(--ast-global-color-0);\">s&#039;applique du lundi au dimanche<\/span><\/h4><p>0-20 minutes\u2026\u2026\u2026\u2026\u2026\u2026.Gratuit<\/p><p>20 minutes \u00e0 1 heure\u2026 10 \u00a3<\/p><p><strong>Stationnement gratuit avec un badge bleu<\/strong><\/p><p>Si vous poss\u00e9dez un badge bleu valide ou si vous conduisez un passager titulaire d&#039;un badge valide, vous pouvez demander un stationnement GRATUIT au centre commercial Edmonton Green en remplissant le formulaire <a href=\"https:\/\/edmontongreencentre.co.uk\/wp-content\/uploads\/2023\/09\/BlueBadge.pdf\"><span style=\"text-decoration: underline;\"><strong>ici<\/strong><\/span><\/a>, ou en appelant le 0208 8034 414 pour plus d&#039;informations.<\/p><p>Pour en savoir plus sur les r\u00e8gles et restrictions de stationnement Blue Badge, cliquez sur <a href=\"https:\/\/edmontongreencentre.co.uk\/fr\/blue-badge\/\"><span style=\"text-decoration: underline;\"><strong>ici<\/strong><\/span><\/a>.<\/p><p>Si vous avez des questions ou \u00eates int\u00e9ress\u00e9 par un Pass Mensuel,<br \/>veuillez contacter notre service client 24h\/24 et 7j\/7 au 03700427216 ou par e-mail<br \/><a href=\"mailto:clearpark@g24.co.uk\">clearpark@g24.co.uk<\/a> pour obtenir de l&#039;aide.<\/p><p>Le propri\u00e9taire d&#039;Edmonton Green se r\u00e9serve le droit de modifier les tarifs \u00e0 tout moment.<\/p><p>Le centre commercial Edmonton Green ou son agent de gestion contractuel pour les parkings n&#039;acceptent aucune responsabilit\u00e9 en cas de perte ou de dommage aux v\u00e9hicules ou au contenu des parkings.<\/p><h3>Restrictions de hauteur<\/h3><p>Court s\u00e9jour \u2013 2,2 m <br \/>Rampe Asda \u2013 2,2 m Restriction de hauteur et restriction de poids de 2,5 T<br \/>MSCP \u2013 2,0 m<\/p>\t\t\t\t\t\t\t\t<\/div>\n\t\t\t\t<\/div>\n\t\t\t\t<\/div>\n\t\t\t\t\t<\/div>\n\t\t\t\t<\/div>\n\t\t\t\t<\/div>","protected":false},"excerpt":{"rendered":"<p>Parking Edmonton Green has 964 parking spaces with an ANPR system so simply visit a pay machine as you leave the centre. There are an additional 77 accessible bays for blue badge holders and 9 parent bays. There is also a card and cash machine located on South Mall next to Greggs. View our centre [&hellip;]<\/p>\n","protected":false},"author":1,"featured_media":0,"parent":0,"menu_order":0,"comment_status":"closed","ping_status":"closed","template":"","meta":{"_acf_changed":false,"site-sidebar-layout":"no-sidebar","site-content-layout":"page-builder","ast-site-content-layout":"full-width-container","site-content-style":"unboxed","site-sidebar-style":"unboxed","ast-global-header-display":"","ast-banner-title-visibility":"","ast-main-header-display":"","ast-hfb-above-header-display":"","ast-hfb-below-header-display":"","ast-hfb-mobile-header-display":"","site-post-title":"disabled","ast-breadcrumbs-content":"","ast-featured-img":"disabled","footer-sml-layout":"","ast-disable-related-posts":"","theme-transparent-header-meta":"","adv-header-id-meta":"","stick-header-meta":"","header-above-stick-meta":"","header-main-stick-meta":"","header-below-stick-meta":"","astra-migrate-meta-layouts":"set","ast-page-background-enabled":"default","ast-page-background-meta":{"desktop":{"background-color":"var(--ast-global-color-4)","background-image":"","background-repeat":"repeat","background-position":"center center","background-size":"auto","background-attachment":"scroll","background-type":"","background-media":"","overlay-type":"","overlay-color":"","overlay-opacity":"","overlay-gradient":""},"tablet":{"background-color":"","background-image":"","background-repeat":"repeat","background-position":"center center","background-size":"auto","background-attachment":"scroll","background-type":"","background-media":"","overlay-type":"","overlay-color":"","overlay-opacity":"","overlay-gradient":""},"mobile":{"background-color":"","background-image":"","background-repeat":"repeat","background-position":"center center","background-size":"auto","background-attachment":"scroll","background-type":"","background-media":"","overlay-type":"","overlay-color":"","overlay-opacity":"","overlay-gradient":""}},"ast-content-background-meta":{"desktop":{"background-color":"var(--ast-global-color-5)","background-image":"","background-repeat":"repeat","background-position":"center center","background-size":"auto","background-attachment":"scroll","background-type":"","background-media":"","overlay-type":"","overlay-color":"","overlay-opacity":"","overlay-gradient":""},"tablet":{"background-color":"var(--ast-global-color-5)","background-image":"","background-repeat":"repeat","background-position":"center center","background-size":"auto","background-attachment":"scroll","background-type":"","background-media":"","overlay-type":"","overlay-color":"","overlay-opacity":"","overlay-gradient":""},"mobile":{"background-color":"var(--ast-global-color-5)","background-image":"","background-repeat":"repeat","background-position":"center center","background-size":"auto","background-attachment":"scroll","background-type":"","background-media":"","overlay-type":"","overlay-color":"","overlay-opacity":"","overlay-gradient":""}},"footnotes":""},"class_list":["post-467","page","type-page","status-publish","hentry"],"acf":[],"_links":{"self":[{"href":"https:\/\/edmontongreencentre.co.uk\/fr\/wp-json\/wp\/v2\/pages\/467","targetHints":{"allow":["GET"]}}],"collection":[{"href":"https:\/\/edmontongreencentre.co.uk\/fr\/wp-json\/wp\/v2\/pages"}],"about":[{"href":"https:\/\/edmontongreencentre.co.uk\/fr\/wp-json\/wp\/v2\/types\/page"}],"author":[{"embeddable":true,"href":"https:\/\/edmontongreencentre.co.uk\/fr\/wp-json\/wp\/v2\/users\/1"}],"replies":[{"embeddable":true,"href":"https:\/\/edmontongreencentre.co.uk\/fr\/wp-json\/wp\/v2\/comments?post=467"}],"version-history":[{"count":6,"href":"https:\/\/edmontongreencentre.co.uk\/fr\/wp-json\/wp\/v2\/pages\/467\/revisions"}],"predecessor-version":[{"id":3620,"href":"https:\/\/edmontongreencentre.co.uk\/fr\/wp-json\/wp\/v2\/pages\/467\/revisions\/3620"}],"wp:attachment":[{"href":"https:\/\/edmontongreencentre.co.uk\/fr\/wp-json\/wp\/v2\/media?parent=467"}],"curies":[{"name":"wp","href":"https:\/\/api.w.org\/{rel}","templated":true}]}}