{"id":472,"date":"2023-09-27T12:33:14","date_gmt":"2023-09-27T12:33:14","guid":{"rendered":"https:\/\/edmonton.toolbox.pink\/?page_id=472"},"modified":"2024-10-11T08:54:28","modified_gmt":"2024-10-11T07:54:28","slug":"facilities","status":"publish","type":"page","link":"https:\/\/edmontongreencentre.co.uk\/fr\/facilities\/","title":{"rendered":"Installations"},"content":{"rendered":"<div data-elementor-type=\"wp-page\" data-elementor-id=\"472\" class=\"elementor elementor-472\" data-elementor-post-type=\"page\">\n\t\t\t\t<div class=\"elementor-element elementor-element-0d8ca90 e-con-full e-flex e-con e-parent\" data-id=\"0d8ca90\" data-element_type=\"container\" data-e-type=\"container\">\n\t\t<div class=\"elementor-element elementor-element-a2906f9 e-con-full e-flex e-con e-child\" data-id=\"a2906f9\" data-element_type=\"container\" data-e-type=\"container\" data-settings=\"{&quot;background_background&quot;:&quot;classic&quot;}\">\n\t\t\t\t<div class=\"elementor-element elementor-element-9594dcc elementor-widget elementor-widget-heading\" data-id=\"9594dcc\" data-element_type=\"widget\" data-e-type=\"widget\" data-widget_type=\"heading.default\">\n\t\t\t\t<div class=\"elementor-widget-container\">\n\t\t\t\t\t<h1 class=\"elementor-heading-title elementor-size-default\">Installations<\/h1>\t\t\t\t<\/div>\n\t\t\t\t<\/div>\n\t\t\t\t<\/div>\n\t\t\t\t<\/div>\n\t\t<div class=\"elementor-element elementor-element-a4b07de e-flex e-con-boxed e-con e-parent\" data-id=\"a4b07de\" data-element_type=\"container\" data-e-type=\"container\" data-settings=\"{&quot;background_background&quot;:&quot;classic&quot;}\">\n\t\t\t\t\t<div class=\"e-con-inner\">\n\t\t<div class=\"elementor-element elementor-element-9001bd3 e-con-full e-flex e-con e-child\" data-id=\"9001bd3\" data-element_type=\"container\" data-e-type=\"container\">\n\t\t\t\t<div class=\"elementor-element elementor-element-91c4503 elementor-widget__width-inherit elementor-widget elementor-widget-text-editor\" data-id=\"91c4503\" data-element_type=\"widget\" data-e-type=\"widget\" data-widget_type=\"text-editor.default\">\n\t\t\t\t<div class=\"elementor-widget-container\">\n\t\t\t\t\t\t\t\t\t<p>Edmonton Green est fier d&#039;offrir une gamme de services \u00e0 la client\u00e8le pour rendre votre exp\u00e9rience de magasinage agr\u00e9able, s\u00fbre et sans stress.<\/p><ul><li>Wi-Fi gratuit<\/li><li>Toilettes accessibles<\/li><li>Mobilit\u00e9 des magasins<\/li><li>distributeurs automatiques de billets<\/li><li>Table \u00e0 langer<\/li><li>Gare routi\u00e8re principale<\/li><li>Gare d&#039;Edmonton Green \u00e0 1 minute \u00e0 pied du centre<\/li><li>Transfert d&#039;argent Western Union<\/li><li>Places de stationnement pour cartes bleues dans tous les parkings<\/li><li>Plus de 1 000 places de stationnement<\/li><\/ul><p>Le bureau de gestion du centre est situ\u00e9 au niveau sup\u00e9rieur de la place du march\u00e9, o\u00f9 notre personnel amical pourra vous fournir assistance et informations sur le centre.<\/p><p>Veuillez appeler le 0208 803 4414 ou envoyer un e-mail \u00e0 edmontongreen@ashdownphillips.com<\/p><h3>Objets perdus<\/h3><p>Pour les objets perdus, veuillez contacter le bureau de s\u00e9curit\u00e9 au 0208 345 6103 ou envoyer un e-mail \u00e0 edmontongreen@ashdownphillips.com<\/p><h3>Loisirs<\/h3><p>Edmonton Green n&#039;est pas seulement id\u00e9al pour faire du shopping, il offre \u00e9galement un large \u00e9ventail d&#039;activit\u00e9s de loisirs. Visitez notre <a href=\"https:\/\/edmontongreencentre.co.uk\/fr\/shop\/\">annuaire des magasins<\/a>.<\/p><h3>Mobilit\u00e9 des magasins<\/h3><p>De 9h30 \u00e0 17h00 du mardi au samedi<\/p><p>Shopmobility est un programme qui fournit aux acheteurs \u00e0 mobilit\u00e9 r\u00e9duite des scooters et des fauteuils roulants \u00e9lectriques ou manuels.<\/p><p>Shopmobility s&#039;adresse \u00e0 toute personne \u00e0 mobilit\u00e9 r\u00e9duite, que son handicap soit permanent ou temporaire, tant pour les r\u00e9sidents que pour les visiteurs. Il propose un service de pr\u00eat quotidien gratuit de fauteuils roulants manuels et \u00e9lectriques, ainsi que de scooters \u00e9lectriques, pour permettre aux personnes d&#039;acc\u00e9der aux commerces et services d&#039;Edmonton Green et d&#039;Enfield Town.<\/p><p>Vous devrez vous inscrire pour utiliser l&#039;\u00e9quipement, en fournissant deux pi\u00e8ces d&#039;identit\u00e9 indiquant votre nom et votre adresse, par exemple un relev\u00e9 bancaire r\u00e9cent, un permis de conduire ou une facture de services publics r\u00e9cente.<\/p><p>La premi\u00e8re fois que vous utiliserez un fauteuil roulant ou un scooter, vous pourrez choisir celui avec lequel vous vous sentez le plus \u00e0 l&#039;aise, puis un membre du personnel qualifi\u00e9 vous montrera comment l&#039;utiliser en toute s\u00e9curit\u00e9.<\/p><p>Edmonton Shopmobility se trouve au 4 Monmouth Road (\u00e0 l&#039;arri\u00e8re de l&#039;\u00e9glise baptiste d&#039;Edmonton)<\/p><p>Pour plus d&#039;informations, contactez <a href=\"tel:02083791193\">020 8379 1193<\/a> ou <a href=\"https:\/\/www.enfield.gov.uk\/services\/roads-and-transport\/shopmobility\" target=\"_blank\" rel=\"noopener\">Cliquez ici<\/a>.<\/p>\t\t\t\t\t\t\t\t<\/div>\n\t\t\t\t<\/div>\n\t\t\t\t<\/div>\n\t\t<div class=\"elementor-element elementor-element-45934cc e-con-full e-flex e-con e-child\" data-id=\"45934cc\" data-element_type=\"container\" data-e-type=\"container\">\n\t\t\t\t<div class=\"elementor-element elementor-element-706ea8b elementor-widget elementor-widget-text-editor\" data-id=\"706ea8b\" data-element_type=\"widget\" data-e-type=\"widget\" data-widget_type=\"text-editor.default\">\n\t\t\t\t<div class=\"elementor-widget-container\">\n\t\t\t\t\t\t\t\t\t<h3>Service de taxi<\/h3><p>Un service de taxi est situ\u00e9 au Parking Courte Dur\u00e9e :<\/p><p>Market Car Service Limited, Edmonton Green Shopping Centre, 26 The Concourse, Londres N9 0TY<\/p><p><a href=\"https:\/\/www.marketcarservice.com\" target=\"_blank\" rel=\"noopener\">www.marketcarservice.com<\/a><br \/><a href=\"tel:02088033407\">020 8803 3407<\/a><\/p><h3>Centre de sant\u00e9 g\u00e9n\u00e9raliste d&#039;Edmonton<\/h3><p>Situ\u00e9 au centre de soins primaires Evergreen sur Smythe Close, le centre de sant\u00e9 g\u00e9n\u00e9raliste d&#039;Edmonton offre une gamme de services couvrant, entre autres, les vaccins de voyage, les cliniques pour b\u00e9b\u00e9s, le d\u00e9pistage de la sant\u00e9 sexuelle et la MPOC.<\/p><p>Horaires d&#039;ouverture : Lundi - Vendredi : 08h00 - 18h30, Samedi : 08h00 - 13h00<\/p><p>Pour plus d&#039;informations, <a href=\"https:\/\/www.evergreensurgery.nhs.uk\/\" target=\"_blank\" rel=\"noopener\">Cliquez ici<\/a>.<\/p><h3>Biblioth\u00e8que verte d&#039;Edmonton<\/h3><p>La biblioth\u00e8que d&#039;Edmonton Green est situ\u00e9e au 36-44 South Mall. Elle propose des services tels que des DVD, l&#039;acc\u00e8s gratuit \u00e0 Internet et \u00e0 des ordinateurs, une biblioth\u00e8que de r\u00e9f\u00e9rence, un espace d&#039;\u00e9tude, un centre de devoirs et un espace d&#039;apprentissage ouvert. De nombreuses activit\u00e9s hebdomadaires sont \u00e9galement propos\u00e9es aux adultes et aux enfants.<\/p><p>Horaires d&#039;ouverture : Lundi - Jeudi : 09h00 - 19h00, Vendredi : 09h00 - 17h30, Samedi : 09h00 - 17h00<\/p><h3>\u00c9glise baptiste<\/h3><p>L&#039;\u00e9glise, construite en 1976, se dresse au c\u0153ur d&#039;un quartier commer\u00e7ant anim\u00e9, qui dessert environ 76\u00a0000 habitants. Ce quartier fera l&#039;objet d&#039;une r\u00e9novation majeure au cours des deux prochaines ann\u00e9es, ce qui pourrait avoir des r\u00e9percussions sur notre propre \u00e9glise. Environ 901\u00a0000\u00a0personnes de la paroisse vivent dans un rayon d&#039;un kilom\u00e8tre et demi autour de l&#039;\u00e9glise, ce qui lui conf\u00e8re un fort caract\u00e8re local.<\/p><h3>Installations artistiques<\/h3><p>Th\u00e9\u00e2tre inclusif Facefront \u2013 52 Market Square, premier \u00e9tage<\/p><p>Face Front travaille de mani\u00e8re inclusive avec la communaut\u00e9 \u00e0 travers les arts.<\/p>\t\t\t\t\t\t\t\t<\/div>\n\t\t\t\t<\/div>\n\t\t\t\t<\/div>\n\t\t\t\t\t<\/div>\n\t\t\t\t<\/div>\n\t\t\t\t<\/div>","protected":false},"excerpt":{"rendered":"<p>Facilities Edmonton Green is proud to offer a range of customer services to make your shopping experience enjoyable, safe and stress-free. Free WIFI Accessible toilets Shopmobility ATM Machines Baby change facilities Main bus station Edmonton Green train station 1-minute walk from the centre Western Union Money transfer Blue badge parking bays in all car parks [&hellip;]<\/p>\n","protected":false},"author":1,"featured_media":0,"parent":0,"menu_order":0,"comment_status":"closed","ping_status":"closed","template":"","meta":{"_acf_changed":false,"site-sidebar-layout":"no-sidebar","site-content-layout":"page-builder","ast-site-content-layout":"full-width-container","site-content-style":"unboxed","site-sidebar-style":"unboxed","ast-global-header-display":"","ast-banner-title-visibility":"","ast-main-header-display":"","ast-hfb-above-header-display":"","ast-hfb-below-header-display":"","ast-hfb-mobile-header-display":"","site-post-title":"disabled","ast-breadcrumbs-content":"","ast-featured-img":"disabled","footer-sml-layout":"","ast-disable-related-posts":"","theme-transparent-header-meta":"","adv-header-id-meta":"","stick-header-meta":"","header-above-stick-meta":"","header-main-stick-meta":"","header-below-stick-meta":"","astra-migrate-meta-layouts":"set","ast-page-background-enabled":"default","ast-page-background-meta":{"desktop":{"background-color":"var(--ast-global-color-4)","background-image":"","background-repeat":"repeat","background-position":"center center","background-size":"auto","background-attachment":"scroll","background-type":"","background-media":"","overlay-type":"","overlay-color":"","overlay-opacity":"","overlay-gradient":""},"tablet":{"background-color":"","background-image":"","background-repeat":"repeat","background-position":"center center","background-size":"auto","background-attachment":"scroll","background-type":"","background-media":"","overlay-type":"","overlay-color":"","overlay-opacity":"","overlay-gradient":""},"mobile":{"background-color":"","background-image":"","background-repeat":"repeat","background-position":"center center","background-size":"auto","background-attachment":"scroll","background-type":"","background-media":"","overlay-type":"","overlay-color":"","overlay-opacity":"","overlay-gradient":""}},"ast-content-background-meta":{"desktop":{"background-color":"var(--ast-global-color-5)","background-image":"","background-repeat":"repeat","background-position":"center center","background-size":"auto","background-attachment":"scroll","background-type":"","background-media":"","overlay-type":"","overlay-color":"","overlay-opacity":"","overlay-gradient":""},"tablet":{"background-color":"var(--ast-global-color-5)","background-image":"","background-repeat":"repeat","background-position":"center center","background-size":"auto","background-attachment":"scroll","background-type":"","background-media":"","overlay-type":"","overlay-color":"","overlay-opacity":"","overlay-gradient":""},"mobile":{"background-color":"var(--ast-global-color-5)","background-image":"","background-repeat":"repeat","background-position":"center center","background-size":"auto","background-attachment":"scroll","background-type":"","background-media":"","overlay-type":"","overlay-color":"","overlay-opacity":"","overlay-gradient":""}},"footnotes":""},"class_list":["post-472","page","type-page","status-publish","hentry"],"acf":[],"_links":{"self":[{"href":"https:\/\/edmontongreencentre.co.uk\/fr\/wp-json\/wp\/v2\/pages\/472","targetHints":{"allow":["GET"]}}],"collection":[{"href":"https:\/\/edmontongreencentre.co.uk\/fr\/wp-json\/wp\/v2\/pages"}],"about":[{"href":"https:\/\/edmontongreencentre.co.uk\/fr\/wp-json\/wp\/v2\/types\/page"}],"author":[{"embeddable":true,"href":"https:\/\/edmontongreencentre.co.uk\/fr\/wp-json\/wp\/v2\/users\/1"}],"replies":[{"embeddable":true,"href":"https:\/\/edmontongreencentre.co.uk\/fr\/wp-json\/wp\/v2\/comments?post=472"}],"version-history":[{"count":0,"href":"https:\/\/edmontongreencentre.co.uk\/fr\/wp-json\/wp\/v2\/pages\/472\/revisions"}],"wp:attachment":[{"href":"https:\/\/edmontongreencentre.co.uk\/fr\/wp-json\/wp\/v2\/media?parent=472"}],"curies":[{"name":"wp","href":"https:\/\/api.w.org\/{rel}","templated":true}]}}