{"id":489,"date":"2023-09-27T12:45:56","date_gmt":"2023-09-27T12:45:56","guid":{"rendered":"https:\/\/edmonton.toolbox.pink\/?page_id=489"},"modified":"2023-10-16T12:58:55","modified_gmt":"2023-10-16T12:58:55","slug":"dementia-friendly","status":"publish","type":"page","link":"https:\/\/edmontongreencentre.co.uk\/fr\/dementia-friendly\/","title":{"rendered":"Adapt\u00e9 aux personnes atteintes de d\u00e9mence"},"content":{"rendered":"<div data-elementor-type=\"wp-page\" data-elementor-id=\"489\" class=\"elementor elementor-489\" data-elementor-post-type=\"page\">\n\t\t\t\t<div class=\"elementor-element elementor-element-0d8ca90 e-con-full e-flex e-con e-parent\" data-id=\"0d8ca90\" data-element_type=\"container\" data-e-type=\"container\">\n\t\t<div class=\"elementor-element elementor-element-a2906f9 e-con-full e-flex e-con e-child\" data-id=\"a2906f9\" data-element_type=\"container\" data-e-type=\"container\" data-settings=\"{&quot;background_background&quot;:&quot;classic&quot;}\">\n\t\t\t\t<div class=\"elementor-element elementor-element-9594dcc elementor-widget elementor-widget-heading\" data-id=\"9594dcc\" data-element_type=\"widget\" data-e-type=\"widget\" data-widget_type=\"heading.default\">\n\t\t\t\t<div class=\"elementor-widget-container\">\n\t\t\t\t\t<h1 class=\"elementor-heading-title elementor-size-default\">Adapt\u00e9 aux personnes atteintes de d\u00e9mence<\/h1>\t\t\t\t<\/div>\n\t\t\t\t<\/div>\n\t\t\t\t<\/div>\n\t\t\t\t<\/div>\n\t\t<div class=\"elementor-element elementor-element-a4b07de e-flex e-con-boxed e-con e-parent\" data-id=\"a4b07de\" data-element_type=\"container\" data-e-type=\"container\" data-settings=\"{&quot;background_background&quot;:&quot;classic&quot;}\">\n\t\t\t\t\t<div class=\"e-con-inner\">\n\t\t<div class=\"elementor-element elementor-element-9001bd3 e-con-full e-flex e-con e-child\" data-id=\"9001bd3\" data-element_type=\"container\" data-e-type=\"container\">\n\t\t\t\t<div class=\"elementor-element elementor-element-91c4503 elementor-widget__width-inherit elementor-widget elementor-widget-text-editor\" data-id=\"91c4503\" data-element_type=\"widget\" data-e-type=\"widget\" data-widget_type=\"text-editor.default\">\n\t\t\t\t<div class=\"elementor-widget-container\">\n\t\t\t\t\t\t\t\t\t<p>Le centre commercial Edmonton Green est d\u00e9sormais membre agr\u00e9\u00e9 de l&#039;Enfield Dementia Alliance. Cela signifie que nous sommes reconnus par la Soci\u00e9t\u00e9 Alzheimer comme une communaut\u00e9 respectueuse des personnes atteintes de d\u00e9mence.<\/p><p>Une communaut\u00e9 adapt\u00e9e aux personnes atteintes de d\u00e9mence est une ville, un village ou une commune o\u00f9 les personnes atteintes de d\u00e9mence sont comprises, respect\u00e9es et soutenues. Dans une communaut\u00e9 adapt\u00e9e aux personnes atteintes de d\u00e9mence, les gens seront sensibilis\u00e9s et comprendront la d\u00e9mence, afin que ces personnes puissent continuer \u00e0 vivre comme elles le souhaitent et dans la communaut\u00e9 de leur choix.<\/p><p>\u00a0<\/p><h3>Ce que nous avons fait jusqu&#039;\u00e0 pr\u00e9sent<\/h3><ul><li>\u00c0 ce jour, l\u2019\u00e9quipe de direction a particip\u00e9 \u00e0 un atelier pour les amis atteints de d\u00e9mence.<\/li><li>Trois membres de l\u2019\u00e9quipe se sont inscrits pour devenir des amis atteints de d\u00e9mence.<\/li><li>Informations partag\u00e9es avec nos d\u00e9taillants et notre entreprise au sens large<\/li><li>D\u00e9velopper une carte adapt\u00e9e \u00e0 la d\u00e9mence<\/li><\/ul><p><a href=\"https:\/\/edmontongreencentre.co.uk\/wp-content\/uploads\/2023\/09\/Dementia-Friendly-Map.pdf\" target=\"_blank\" rel=\"noopener\">T\u00e9l\u00e9chargez la carte ici<\/a><\/p>\t\t\t\t\t\t\t\t<\/div>\n\t\t\t\t<\/div>\n\t\t\t\t<\/div>\n\t\t<div class=\"elementor-element elementor-element-45934cc e-con-full e-flex e-con e-child\" data-id=\"45934cc\" data-element_type=\"container\" data-e-type=\"container\">\n\t\t\t\t<div class=\"elementor-element elementor-element-22cb228 elementor-widget__width-inherit elementor-widget elementor-widget-text-editor\" data-id=\"22cb228\" data-element_type=\"widget\" data-e-type=\"widget\" data-widget_type=\"text-editor.default\">\n\t\t\t\t<div class=\"elementor-widget-container\">\n\t\t\t\t\t\t\t\t\t<p>Notre engagement en mati\u00e8re de d\u00e9mence vise \u00e0 d\u00e9montrer notre engagement \u00e0 d\u00e9velopper la compr\u00e9hension de nos employ\u00e9s en mati\u00e8re de d\u00e9mence et \u00e0 continuer d\u2019adapter et d\u2019am\u00e9liorer le service que nous offrons pour r\u00e9pondre aux besoins de nos clients et de la communaut\u00e9 vivant avec la d\u00e9mence.<\/p><p><a href=\"https:\/\/edmontongreencentre.co.uk\/wp-content\/uploads\/2023\/09\/Action-plan-1.pdf\">CLIQUEZ ICI<\/a>\u00a0pour consulter notre plan d\u2019action adapt\u00e9 aux personnes atteintes de d\u00e9mence.<\/p><p>Nous mettrons r\u00e9guli\u00e8rement \u00e0 jour cette page avec d&#039;autres am\u00e9liorations et modifications adapt\u00e9es \u00e0 la d\u00e9mence au centre commercial Edmonton Green.<\/p>\t\t\t\t\t\t\t\t<\/div>\n\t\t\t\t<\/div>\n\t\t\t\t<\/div>\n\t\t\t\t\t<\/div>\n\t\t\t\t<\/div>\n\t\t<div class=\"elementor-element elementor-element-890adc8 e-flex e-con-boxed e-con e-parent\" data-id=\"890adc8\" data-element_type=\"container\" data-e-type=\"container\" data-settings=\"{&quot;background_background&quot;:&quot;classic&quot;}\">\n\t\t\t\t\t<div class=\"e-con-inner\">\n\t\t\t\t<div class=\"elementor-element elementor-element-8709c0f elementor-widget elementor-widget-image\" data-id=\"8709c0f\" data-element_type=\"widget\" data-e-type=\"widget\" data-widget_type=\"image.default\">\n\t\t\t\t<div class=\"elementor-widget-container\">\n\t\t\t\t\t\t\t\t\t\t\t\t\t\t\t<img fetchpriority=\"high\" decoding=\"async\" width=\"2000\" height=\"1414\" src=\"https:\/\/edmontongreencentre.co.uk\/wp-content\/uploads\/2023\/09\/Dementia-Friendly-Map.jpg\" class=\"attachment-full size-full wp-image-493\" alt=\"\" srcset=\"https:\/\/edmontongreencentre.co.uk\/wp-content\/uploads\/2023\/09\/Dementia-Friendly-Map.jpg 2000w, https:\/\/edmontongreencentre.co.uk\/wp-content\/uploads\/2023\/09\/Dementia-Friendly-Map-300x212.jpg 300w, https:\/\/edmontongreencentre.co.uk\/wp-content\/uploads\/2023\/09\/Dementia-Friendly-Map-1024x724.jpg 1024w, https:\/\/edmontongreencentre.co.uk\/wp-content\/uploads\/2023\/09\/Dementia-Friendly-Map-768x543.jpg 768w, https:\/\/edmontongreencentre.co.uk\/wp-content\/uploads\/2023\/09\/Dementia-Friendly-Map-1536x1086.jpg 1536w\" sizes=\"(max-width: 2000px) 100vw, 2000px\" \/>\t\t\t\t\t\t\t\t\t\t\t\t\t\t\t<\/div>\n\t\t\t\t<\/div>\n\t\t\t\t\t<\/div>\n\t\t\t\t<\/div>\n\t\t\t\t<\/div>","protected":false},"excerpt":{"rendered":"<p>Dementia Friendly Edmonton Green Shopping Centre is now an approved member of the Enfield Dementia Alliance. This means we have been recognised by the Alzheimer\u2019s Society as working towards becoming a dementia-friendly community. A dementia-friendly community is a city, town or village where people with dementia are understood, respected and supported. In a dementia-friendly community [&hellip;]<\/p>\n","protected":false},"author":1,"featured_media":0,"parent":0,"menu_order":0,"comment_status":"closed","ping_status":"closed","template":"","meta":{"_acf_changed":false,"site-sidebar-layout":"no-sidebar","site-content-layout":"page-builder","ast-site-content-layout":"full-width-container","site-content-style":"unboxed","site-sidebar-style":"unboxed","ast-global-header-display":"","ast-banner-title-visibility":"","ast-main-header-display":"","ast-hfb-above-header-display":"","ast-hfb-below-header-display":"","ast-hfb-mobile-header-display":"","site-post-title":"disabled","ast-breadcrumbs-content":"","ast-featured-img":"disabled","footer-sml-layout":"","ast-disable-related-posts":"","theme-transparent-header-meta":"","adv-header-id-meta":"","stick-header-meta":"","header-above-stick-meta":"","header-main-stick-meta":"","header-below-stick-meta":"","astra-migrate-meta-layouts":"set","ast-page-background-enabled":"default","ast-page-background-meta":{"desktop":{"background-color":"var(--ast-global-color-4)","background-image":"","background-repeat":"repeat","background-position":"center center","background-size":"auto","background-attachment":"scroll","background-type":"","background-media":"","overlay-type":"","overlay-color":"","overlay-opacity":"","overlay-gradient":""},"tablet":{"background-color":"","background-image":"","background-repeat":"repeat","background-position":"center center","background-size":"auto","background-attachment":"scroll","background-type":"","background-media":"","overlay-type":"","overlay-color":"","overlay-opacity":"","overlay-gradient":""},"mobile":{"background-color":"","background-image":"","background-repeat":"repeat","background-position":"center center","background-size":"auto","background-attachment":"scroll","background-type":"","background-media":"","overlay-type":"","overlay-color":"","overlay-opacity":"","overlay-gradient":""}},"ast-content-background-meta":{"desktop":{"background-color":"var(--ast-global-color-5)","background-image":"","background-repeat":"repeat","background-position":"center center","background-size":"auto","background-attachment":"scroll","background-type":"","background-media":"","overlay-type":"","overlay-color":"","overlay-opacity":"","overlay-gradient":""},"tablet":{"background-color":"var(--ast-global-color-5)","background-image":"","background-repeat":"repeat","background-position":"center center","background-size":"auto","background-attachment":"scroll","background-type":"","background-media":"","overlay-type":"","overlay-color":"","overlay-opacity":"","overlay-gradient":""},"mobile":{"background-color":"var(--ast-global-color-5)","background-image":"","background-repeat":"repeat","background-position":"center center","background-size":"auto","background-attachment":"scroll","background-type":"","background-media":"","overlay-type":"","overlay-color":"","overlay-opacity":"","overlay-gradient":""}},"footnotes":""},"class_list":["post-489","page","type-page","status-publish","hentry"],"acf":[],"_links":{"self":[{"href":"https:\/\/edmontongreencentre.co.uk\/fr\/wp-json\/wp\/v2\/pages\/489","targetHints":{"allow":["GET"]}}],"collection":[{"href":"https:\/\/edmontongreencentre.co.uk\/fr\/wp-json\/wp\/v2\/pages"}],"about":[{"href":"https:\/\/edmontongreencentre.co.uk\/fr\/wp-json\/wp\/v2\/types\/page"}],"author":[{"embeddable":true,"href":"https:\/\/edmontongreencentre.co.uk\/fr\/wp-json\/wp\/v2\/users\/1"}],"replies":[{"embeddable":true,"href":"https:\/\/edmontongreencentre.co.uk\/fr\/wp-json\/wp\/v2\/comments?post=489"}],"version-history":[{"count":0,"href":"https:\/\/edmontongreencentre.co.uk\/fr\/wp-json\/wp\/v2\/pages\/489\/revisions"}],"wp:attachment":[{"href":"https:\/\/edmontongreencentre.co.uk\/fr\/wp-json\/wp\/v2\/media?parent=489"}],"curies":[{"name":"wp","href":"https:\/\/api.w.org\/{rel}","templated":true}]}}