{"id":3,"date":"2023-04-27T14:39:32","date_gmt":"2023-04-27T14:39:32","guid":{"rendered":"https:\/\/edmonton.toolbox.pink\/?page_id=3"},"modified":"2025-06-13T14:54:54","modified_gmt":"2025-06-13T13:54:54","slug":"privacy-policy","status":"publish","type":"page","link":"https:\/\/edmontongreencentre.co.uk\/pl\/privacy-policy\/","title":{"rendered":"Polityka prywatno\u015bci"},"content":{"rendered":"<p>Zobowi\u0105zujemy si\u0119 chroni\u0107 Twoj\u0105 prywatno\u015b\u0107 i dba\u0107 o bezpiecze\u0144stwo Twoich danych osobowych. Niniejsza polityka okre\u015bla spos\u00f3b, w jaki zbieramy informacje na naszej stronie internetowej. Pomo\u017ce Ci to zdecydowa\u0107, w jaki spos\u00f3b chcesz korzysta\u0107 z naszej strony, produkt\u00f3w i us\u0142ug. Wszystkie dane b\u0119d\u0105 przetwarzane zgodnie z obowi\u0105zuj\u0105cymi przepisami o ochronie danych w Wielkiej Brytanii.&nbsp;<\/p>\n\n\n\n<p>Niniejsza polityka prywatno\u015bci dotyczy wy\u0142\u0105cznie tej witryny. Inne linki w tej witrynie do innych witryn nie s\u0105 obj\u0119te t\u0105 polityk\u0105.<\/p>\n\n\n\n<p><\/p>\n\n\n\n<h2 class=\"wp-block-heading\">OCHRONA DANYCH<\/h2>\n\n\n\n<p>Przestrzegamy naszych zobowi\u0105za\u0144 wynikaj\u0105cych z Ustawy o ochronie danych z 1998 r., kt\u00f3re dotycz\u0105 przechowywania danych osobowych. Je\u015bli przechowujemy tego typu informacje o Tobie, wykorzystamy je wy\u0142\u0105cznie do cel\u00f3w, na kt\u00f3re wyrazi\u0142e\u015b zgod\u0119.<\/p>\n\n\n\n<p><\/p>\n\n\n\n<h2 class=\"wp-block-heading\">INFORMACJE, KT\u00d3RE GROMADZIMY<\/h2>\n\n\n\n<p>Kiedy odwiedzasz nasz\u0105 stron\u0119 internetow\u0105, mo\u017cemy zbiera\u0107 od Ciebie nast\u0119puj\u0105ce informacje:<\/p>\n\n\n\n<ul class=\"wp-block-list\">\n<li>Dane osobowe, kt\u00f3re zdecydujesz si\u0119 ujawni\u0107, a kt\u00f3re zbieramy i kt\u00f3re pozwalaj\u0105 nam si\u0119 z Tob\u0105 skontaktowa\u0107<\/li>\n\n\n\n<li>Informacje na naszej stronie internetowej zbieramy zazwyczaj podczas przegl\u0105dania naszej witryny przez Ciebie i innych u\u017cytkownik\u00f3w<\/li>\n\n\n\n<li>Informacje umo\u017cliwiaj\u0105ce nam skontaktowanie si\u0119 z Tob\u0105, takie jak Tw\u00f3j adres e-mail<\/li>\n<\/ul>\n\n\n\n<p>Dane osobowe b\u0119d\u0105 gromadzone, przetwarzane i wykorzystywane przez Edmonton Green Shopping Centre w celu zapewnienia Ci najlepszej mo\u017cliwej obs\u0142ugi i do\u015bwiadczenia. Nale\u017cy pami\u0119ta\u0107, \u017ce Twoje dane osobowe mog\u0105 by\u0107 przetwarzane przez wyznaczon\u0105 organizacj\u0119 dzia\u0142aj\u0105c\u0105 w naszym imieniu, aby zarz\u0105dza\u0107 nimi w najlepszy mo\u017cliwy spos\u00f3b. Mo\u017cemy wykorzysta\u0107 podane przez Ciebie dane, aby skontaktowa\u0107 si\u0119 z Tob\u0105 w sprawie oferowanych przez nas us\u0142ug. O ile nie poprosisz inaczej, mo\u017cemy r\u00f3wnie\u017c wysy\u0142a\u0107 Ci wiadomo\u015bci e-mail o najnowszych ofertach. Zawsze damy Ci mo\u017cliwo\u015b\u0107 wyboru, czy chcesz otrzymywa\u0107 te wiadomo\u015bci e-mail.<\/p>\n\n\n\n<p><\/p>\n\n\n\n<h2 class=\"wp-block-heading\">INFORMACJE O STRONIE INTERNETOWEJ<\/h2>\n\n\n\n<p>Gromadzimy informacje o trendach w zachowaniach u\u017cytkownik\u00f3w na naszej stronie internetowej, aby dowiedzie\u0107 si\u0119, kt\u00f3re cz\u0119\u015bci naszej witryny s\u0105 najcz\u0119\u015bciej u\u017cywane, a kt\u00f3re powinni\u015bmy udoskonali\u0107, aby u\u0142atwi\u0107 u\u017cytkownikom korzystanie z niej.<\/p>\n\n\n\n<p>Dane te nie b\u0119d\u0105 wykorzystywane w powi\u0105zaniu z danymi identyfikuj\u0105cymi Ci\u0119 jako osob\u0119 fizyczn\u0105.<\/p>\n\n\n\n<p>Nie sprzedajemy, nie wynajmujemy i nie udost\u0119pniamy Twoich danych osobowych innym podmiotom.<\/p>\n\n\n\n<p><\/p>\n\n\n\n<h2 class=\"wp-block-heading\">TWOJE ZEZWOLENIE<\/h2>\n\n\n\n<p>Korzystaj\u0105c z naszej strony internetowej wyra\u017casz zgod\u0119 na zbieranie i wykorzystywanie przez nas informacji w spos\u00f3b opisany powy\u017cej.<\/p>\n\n\n\n<p>Je\u015bli masz dalsze pytania dotycz\u0105ce naszej polityki prywatno\u015bci, skontaktuj si\u0119 z nami za pomoc\u0105 naszej wyszukiwarki.<\/p>\n\n\n\n<p>Je\u015bli zmienimy nasz\u0105 polityk\u0119 prywatno\u015bci, opublikujemy zmiany na tej stronie, aby\u015b zawsze by\u0142 na bie\u017c\u0105co z:<\/p>\n\n\n\n<ul class=\"wp-block-list\">\n<li>jakie informacje zbieramy<\/li>\n\n\n\n<li>jak go wykorzystujemy i w jakich okoliczno\u015bciach go ujawniamy<\/li>\n<\/ul>","protected":false},"excerpt":{"rendered":"<p>We are committed to protecting your privacy and keeping your personal information secure. This policy sets out how we collect information on our website. This will help you decide how you want to use our site, products and services. All data will be dealt with in compliance with the current UK data protection legislation.&nbsp; This [&hellip;]<\/p>\n","protected":false},"author":1,"featured_media":0,"parent":0,"menu_order":0,"comment_status":"closed","ping_status":"open","template":"","meta":{"_acf_changed":false,"site-sidebar-layout":"default","site-content-layout":"","ast-site-content-layout":"default","site-content-style":"default","site-sidebar-style":"default","ast-global-header-display":"","ast-banner-title-visibility":"","ast-main-header-display":"","ast-hfb-above-header-display":"","ast-hfb-below-header-display":"","ast-hfb-mobile-header-display":"","site-post-title":"","ast-breadcrumbs-content":"","ast-featured-img":"","footer-sml-layout":"","ast-disable-related-posts":"","theme-transparent-header-meta":"","adv-header-id-meta":"","stick-header-meta":"","header-above-stick-meta":"","header-main-stick-meta":"","header-below-stick-meta":"","astra-migrate-meta-layouts":"set","ast-page-background-enabled":"default","ast-page-background-meta":{"desktop":{"background-color":"var(--ast-global-color-4)","background-image":"","background-repeat":"repeat","background-position":"center center","background-size":"auto","background-attachment":"scroll","background-type":"","background-media":"","overlay-type":"","overlay-color":"","overlay-opacity":"","overlay-gradient":""},"tablet":{"background-color":"","background-image":"","background-repeat":"repeat","background-position":"center center","background-size":"auto","background-attachment":"scroll","background-type":"","background-media":"","overlay-type":"","overlay-color":"","overlay-opacity":"","overlay-gradient":""},"mobile":{"background-color":"","background-image":"","background-repeat":"repeat","background-position":"center center","background-size":"auto","background-attachment":"scroll","background-type":"","background-media":"","overlay-type":"","overlay-color":"","overlay-opacity":"","overlay-gradient":""}},"ast-content-background-meta":{"desktop":{"background-color":"var(--ast-global-color-5)","background-image":"","background-repeat":"repeat","background-position":"center center","background-size":"auto","background-attachment":"scroll","background-type":"","background-media":"","overlay-type":"","overlay-color":"","overlay-opacity":"","overlay-gradient":""},"tablet":{"background-color":"var(--ast-global-color-5)","background-image":"","background-repeat":"repeat","background-position":"center center","background-size":"auto","background-attachment":"scroll","background-type":"","background-media":"","overlay-type":"","overlay-color":"","overlay-opacity":"","overlay-gradient":""},"mobile":{"background-color":"var(--ast-global-color-5)","background-image":"","background-repeat":"repeat","background-position":"center center","background-size":"auto","background-attachment":"scroll","background-type":"","background-media":"","overlay-type":"","overlay-color":"","overlay-opacity":"","overlay-gradient":""}},"footnotes":""},"class_list":["post-3","page","type-page","status-publish","hentry"],"acf":[],"_links":{"self":[{"href":"https:\/\/edmontongreencentre.co.uk\/pl\/wp-json\/wp\/v2\/pages\/3","targetHints":{"allow":["GET"]}}],"collection":[{"href":"https:\/\/edmontongreencentre.co.uk\/pl\/wp-json\/wp\/v2\/pages"}],"about":[{"href":"https:\/\/edmontongreencentre.co.uk\/pl\/wp-json\/wp\/v2\/types\/page"}],"author":[{"embeddable":true,"href":"https:\/\/edmontongreencentre.co.uk\/pl\/wp-json\/wp\/v2\/users\/1"}],"replies":[{"embeddable":true,"href":"https:\/\/edmontongreencentre.co.uk\/pl\/wp-json\/wp\/v2\/comments?post=3"}],"version-history":[{"count":2,"href":"https:\/\/edmontongreencentre.co.uk\/pl\/wp-json\/wp\/v2\/pages\/3\/revisions"}],"predecessor-version":[{"id":3305,"href":"https:\/\/edmontongreencentre.co.uk\/pl\/wp-json\/wp\/v2\/pages\/3\/revisions\/3305"}],"wp:attachment":[{"href":"https:\/\/edmontongreencentre.co.uk\/pl\/wp-json\/wp\/v2\/media?parent=3"}],"curies":[{"name":"wp","href":"https:\/\/api.w.org\/{rel}","templated":true}]}}