{"id":3265,"date":"2025-06-09T14:32:48","date_gmt":"2025-06-09T13:32:48","guid":{"rendered":"https:\/\/edmontongreencentre.co.uk\/?page_id=3265"},"modified":"2025-12-03T14:28:02","modified_gmt":"2025-12-03T14:28:02","slug":"cookie-policy","status":"publish","type":"page","link":"https:\/\/edmontongreencentre.co.uk\/pl\/cookie-policy\/","title":{"rendered":"Polityka plik\u00f3w cookie"},"content":{"rendered":"<div data-elementor-type=\"wp-page\" data-elementor-id=\"3265\" class=\"elementor elementor-3265\" data-elementor-post-type=\"page\">\n\t\t\t\t<div class=\"elementor-element elementor-element-c1276f6 e-flex e-con-boxed e-con e-parent\" data-id=\"c1276f6\" data-element_type=\"container\" data-e-type=\"container\">\n\t\t\t\t\t<div class=\"e-con-inner\">\n\t\t\t\t<div class=\"elementor-element elementor-element-cd209a0 elementor-widget elementor-widget-heading\" data-id=\"cd209a0\" data-element_type=\"widget\" data-e-type=\"widget\" data-widget_type=\"heading.default\">\n\t\t\t\t<div class=\"elementor-widget-container\">\n\t\t\t\t\t<h2 class=\"elementor-heading-title elementor-size-default\">Polityka plik\u00f3w cookie<\/h2>\t\t\t\t<\/div>\n\t\t\t\t<\/div>\n\t\t\t\t<div class=\"elementor-element elementor-element-0c7648e elementor-widget elementor-widget-text-editor\" data-id=\"0c7648e\" data-element_type=\"widget\" data-e-type=\"widget\" data-widget_type=\"text-editor.default\">\n\t\t\t\t<div class=\"elementor-widget-container\">\n\t\t\t\t\t\t\t\t\t<p>Pliki cookie to pliki tekstowe wysy\u0142ane do Twojego komputera i u\u017cywane przez Twoj\u0105 przegl\u0105dark\u0119 internetow\u0105 do przechowywania informacji. Pliki cookie, kt\u00f3rych u\u017cywamy, pozwalaj\u0105 Twojej przegl\u0105darce zapami\u0119ta\u0107, czy odwiedzi\u0142e\u015b nasz\u0105 stron\u0119 wcze\u015bniej i jakie s\u0105 Twoje preferencje.<\/p><p>Podobnie jak wi\u0119kszo\u015b\u0107 witryn internetowych, u\u017cywamy plik\u00f3w cookie, aby poprawi\u0107 Twoje do\u015bwiadczenia u\u017cytkownika, umo\u017cliwiaj\u0105c naszej witrynie \u201ezapami\u0119tanie Ci\u0119\u201d, albo na czas trwania Twojej wizyty (za pomoc\u0105 \u201epliku cookie sesji\u201d), albo na potrzeby powtarzaj\u0105cych si\u0119 wizyt (za pomoc\u0105 \u201etrwa\u0142ego pliku cookie\u201d). U\u017cywamy r\u00f3wnie\u017c dw\u00f3ch r\u00f3\u017cnych typ\u00f3w plik\u00f3w cookie \u2013 pierwszej strony (kt\u00f3rych jeste\u015bmy w\u0142a\u015bcicielami) i trzeciej strony (gdzie pozwalamy stronie trzeciej, takiej jak Google, na ustawianie plik\u00f3w cookie na Twoim komputerze lub urz\u0105dzeniu mobilnym).<\/p><p>Pliki cookie wykonuj\u0105 wiele r\u00f3\u017cnych zada\u0144, takich jak umo\u017cliwienie Ci sprawnego poruszania si\u0119 mi\u0119dzy stronami, przechowywanie Twoich preferencji i og\u00f3lnie poprawa Twojego do\u015bwiadczenia na stronie internetowej. Pliki cookie sprawiaj\u0105, \u017ce interakcja mi\u0119dzy Tob\u0105 a stron\u0105 internetow\u0105 jest szybsza i \u0142atwiejsza. Je\u015bli strona internetowa nie u\u017cywa plik\u00f3w cookie, b\u0119dzie uwa\u017ca\u0107 Ci\u0119 za nowego go\u015bcia za ka\u017cdym razem, gdy przejdziesz na now\u0105 stron\u0119 w witrynie \u2013 na przyk\u0142ad, gdy wprowadzisz swoje dane logowania i przejdziesz na inn\u0105 stron\u0119, nie rozpozna Ci\u0119 i nie b\u0119dzie mog\u0142a utrzyma\u0107 Ci\u0119 zalogowanym.<\/p><h4 class=\"wp-block-heading\">Jak odm\u00f3wi\u0107 lub cofn\u0105\u0107 zgod\u0119<\/h4><p>Chocia\u017c pliki cookie, kt\u00f3rych u\u017cywamy na tej stronie internetowej, s\u0105 zupe\u0142nie nieszkodliwe i nie ujawniaj\u0105 Twojej to\u017csamo\u015bci, nie ka\u017cdy chce mie\u0107 pliki tekstowe pobierane na sw\u00f3j komputer lub urz\u0105dzenie mobilne. Je\u015bli wolisz, mo\u017cesz zablokowa\u0107 niekt\u00f3re lub wszystkie pliki cookie, a nawet usun\u0105\u0107 pliki cookie, kt\u00f3re zosta\u0142y ju\u017c ustawione; musisz jednak pami\u0119ta\u0107, \u017ce mo\u017cesz utraci\u0107 niekt\u00f3re funkcje na tej stronie internetowej.<\/p><p>Mo\u017cesz zarz\u0105dza\u0107 sposobem, w jaki pliki cookie wchodz\u0105 w interakcj\u0119 z Twoim komputerem lub urz\u0105dzeniem mobilnym za po\u015brednictwem przegl\u0105darki (np. Internet Explorer, Chrome, Safari, Firefox, Android), dzi\u0119ki czemu otrzymasz powiadomienie, gdy pliki cookie zostan\u0105 wys\u0142ane, lub mo\u017cesz ca\u0142kowicie odrzuci\u0107 pliki cookie. Mo\u017cesz r\u00f3wnie\u017c usun\u0105\u0107 pliki cookie, kt\u00f3re zosta\u0142y ju\u017c ustawione.<\/p><p>Istnieje r\u00f3wnie\u017c bardzo przydatna strona internetowa, na kt\u00f3rej wyja\u015bniono, jak kontrolowa\u0107 interakcj\u0119 z plikami cookie \u2013 wi\u0119cej informacji znajdziesz na tej stronie:<\/p><p><a href=\"https:\/\/www.aboutcookies.org\/\" target=\"_blank\" rel=\"noreferrer noopener\">O plikach cookie<\/a><\/p><p>Strona internetowa BBC ma r\u00f3wnie\u017c przejrzyst\u0105 i wyczerpuj\u0105c\u0105 sekcj\u0119 wyja\u015bniaj\u0105c\u0105, co robi\u0105 i jak dzia\u0142aj\u0105. Nale\u017cy pami\u0119ta\u0107, \u017ce ta sekcja jest skierowana do u\u017cytkownik\u00f3w ich strony internetowej, kt\u00f3ra wykorzystuje wi\u0119cej plik\u00f3w cookie ni\u017c nasza.<\/p><p><a href=\"http:\/\/www.bbc.co.uk\/usingthebbc\/cookies\/\" target=\"_blank\" rel=\"noreferrer noopener\">Ciasteczka BBC<\/a><\/p>\t\t\t\t\t\t\t\t<\/div>\n\t\t\t\t<\/div>\n\t\t\t\t<div class=\"elementor-element elementor-element-7ff4374 elementor-widget elementor-widget-html\" data-id=\"7ff4374\" data-element_type=\"widget\" data-e-type=\"widget\" data-widget_type=\"html.default\">\n\t\t\t\t<div class=\"elementor-widget-container\">\n\t\t\t\t\t<div id=\"ot-sdk-cookie-policy\"><\/div>\t\t\t\t<\/div>\n\t\t\t\t<\/div>\n\t\t\t\t\t<\/div>\n\t\t\t\t<\/div>\n\t\t\t\t<\/div>","protected":false},"excerpt":{"rendered":"<p>Cookie Policy Cookies are text files sent to your computer and used by your web browser to store information. The cookies we use allow your browser to remember whether you\u2019ve visited our site before and what your preferences are. As with most websites we use cookies to improve your user experience by enabling our website [&hellip;]<\/p>\n","protected":false},"author":1,"featured_media":0,"parent":0,"menu_order":0,"comment_status":"closed","ping_status":"closed","template":"","meta":{"_acf_changed":false,"site-sidebar-layout":"no-sidebar","site-content-layout":"page-builder","ast-site-content-layout":"full-width-container","site-content-style":"unboxed","site-sidebar-style":"unboxed","ast-global-header-display":"","ast-banner-title-visibility":"","ast-main-header-display":"","ast-hfb-above-header-display":"","ast-hfb-below-header-display":"","ast-hfb-mobile-header-display":"","site-post-title":"disabled","ast-breadcrumbs-content":"","ast-featured-img":"disabled","footer-sml-layout":"","ast-disable-related-posts":"","theme-transparent-header-meta":"","adv-header-id-meta":"","stick-header-meta":"","header-above-stick-meta":"","header-main-stick-meta":"","header-below-stick-meta":"","astra-migrate-meta-layouts":"set","ast-page-background-enabled":"default","ast-page-background-meta":{"desktop":{"background-color":"var(--ast-global-color-4)","background-image":"","background-repeat":"repeat","background-position":"center center","background-size":"auto","background-attachment":"scroll","background-type":"","background-media":"","overlay-type":"","overlay-color":"","overlay-opacity":"","overlay-gradient":""},"tablet":{"background-color":"","background-image":"","background-repeat":"repeat","background-position":"center center","background-size":"auto","background-attachment":"scroll","background-type":"","background-media":"","overlay-type":"","overlay-color":"","overlay-opacity":"","overlay-gradient":""},"mobile":{"background-color":"","background-image":"","background-repeat":"repeat","background-position":"center center","background-size":"auto","background-attachment":"scroll","background-type":"","background-media":"","overlay-type":"","overlay-color":"","overlay-opacity":"","overlay-gradient":""}},"ast-content-background-meta":{"desktop":{"background-color":"var(--ast-global-color-5)","background-image":"","background-repeat":"repeat","background-position":"center center","background-size":"auto","background-attachment":"scroll","background-type":"","background-media":"","overlay-type":"","overlay-color":"","overlay-opacity":"","overlay-gradient":""},"tablet":{"background-color":"var(--ast-global-color-5)","background-image":"","background-repeat":"repeat","background-position":"center center","background-size":"auto","background-attachment":"scroll","background-type":"","background-media":"","overlay-type":"","overlay-color":"","overlay-opacity":"","overlay-gradient":""},"mobile":{"background-color":"var(--ast-global-color-5)","background-image":"","background-repeat":"repeat","background-position":"center center","background-size":"auto","background-attachment":"scroll","background-type":"","background-media":"","overlay-type":"","overlay-color":"","overlay-opacity":"","overlay-gradient":""}},"footnotes":""},"class_list":["post-3265","page","type-page","status-publish","hentry"],"acf":[],"_links":{"self":[{"href":"https:\/\/edmontongreencentre.co.uk\/pl\/wp-json\/wp\/v2\/pages\/3265","targetHints":{"allow":["GET"]}}],"collection":[{"href":"https:\/\/edmontongreencentre.co.uk\/pl\/wp-json\/wp\/v2\/pages"}],"about":[{"href":"https:\/\/edmontongreencentre.co.uk\/pl\/wp-json\/wp\/v2\/types\/page"}],"author":[{"embeddable":true,"href":"https:\/\/edmontongreencentre.co.uk\/pl\/wp-json\/wp\/v2\/users\/1"}],"replies":[{"embeddable":true,"href":"https:\/\/edmontongreencentre.co.uk\/pl\/wp-json\/wp\/v2\/comments?post=3265"}],"version-history":[{"count":3,"href":"https:\/\/edmontongreencentre.co.uk\/pl\/wp-json\/wp\/v2\/pages\/3265\/revisions"}],"predecessor-version":[{"id":3528,"href":"https:\/\/edmontongreencentre.co.uk\/pl\/wp-json\/wp\/v2\/pages\/3265\/revisions\/3528"}],"wp:attachment":[{"href":"https:\/\/edmontongreencentre.co.uk\/pl\/wp-json\/wp\/v2\/media?parent=3265"}],"curies":[{"name":"wp","href":"https:\/\/api.w.org\/{rel}","templated":true}]}}