{"id":456,"date":"2023-09-27T12:00:03","date_gmt":"2023-09-27T12:00:03","guid":{"rendered":"https:\/\/edmonton.toolbox.pink\/?page_id=456"},"modified":"2023-11-28T08:47:43","modified_gmt":"2023-11-28T08:47:43","slug":"getting-here","status":"publish","type":"page","link":"https:\/\/edmontongreencentre.co.uk\/pl\/getting-here\/","title":{"rendered":"Jak tu dotrze\u0107"},"content":{"rendered":"<div data-elementor-type=\"wp-page\" data-elementor-id=\"456\" class=\"elementor elementor-456\" data-elementor-post-type=\"page\">\n\t\t\t\t<div class=\"elementor-element elementor-element-0d8ca90 e-con-full e-flex e-con e-parent\" data-id=\"0d8ca90\" data-element_type=\"container\" data-e-type=\"container\">\n\t\t<div class=\"elementor-element elementor-element-a2906f9 e-con-full e-flex e-con e-child\" data-id=\"a2906f9\" data-element_type=\"container\" data-e-type=\"container\" data-settings=\"{&quot;background_background&quot;:&quot;classic&quot;}\">\n\t\t\t\t<div class=\"elementor-element elementor-element-9594dcc elementor-widget elementor-widget-heading\" data-id=\"9594dcc\" data-element_type=\"widget\" data-e-type=\"widget\" data-widget_type=\"heading.default\">\n\t\t\t\t<div class=\"elementor-widget-container\">\n\t\t\t\t\t<h1 class=\"elementor-heading-title elementor-size-default\">Jak tu dotrze\u0107<\/h1>\t\t\t\t<\/div>\n\t\t\t\t<\/div>\n\t\t\t\t<\/div>\n\t\t\t\t<\/div>\n\t\t<div class=\"elementor-element elementor-element-a4b07de e-flex e-con-boxed e-con e-parent\" data-id=\"a4b07de\" data-element_type=\"container\" data-e-type=\"container\" data-settings=\"{&quot;background_background&quot;:&quot;classic&quot;}\">\n\t\t\t\t\t<div class=\"e-con-inner\">\n\t\t<div class=\"elementor-element elementor-element-9001bd3 e-con-full e-flex e-con e-child\" data-id=\"9001bd3\" data-element_type=\"container\" data-e-type=\"container\">\n\t\t\t\t<div class=\"elementor-element elementor-element-91c4503 elementor-widget__width-inherit elementor-widget elementor-widget-text-editor\" data-id=\"91c4503\" data-element_type=\"widget\" data-e-type=\"widget\" data-widget_type=\"text-editor.default\">\n\t\t\t\t<div class=\"elementor-widget-container\">\n\t\t\t\t\t\t\t\t\t<h3>Samochodem<\/h3><p>NAWIGACJA SAT: N9 0TZ<\/p><p>Je\u015bli podr\u00f3\u017cujesz samochodem, do Edmonton Green mo\u017cesz \u0142atwo dojecha\u0107 z g\u0142\u00f3wnych dr\u00f3g, w tym M25, M11, M1, A406 i A10.<\/p><p>Mamy 1000 miejsc parkingowych na czterech parkingach, w tym miejsca rodzinne i miejsca dla os\u00f3b niepe\u0142nosprawnych. Zobacz taryfy parkingowe <a href=\"https:\/\/edmontongreencentre.co.uk\/pl\/car-park\/\">TUTAJ<\/a>.<\/p><h3>Autobusem<\/h3><p>Edmonton Green ma w\u0142asny dworzec autobusowy, obs\u0142uguj\u0105cy linie 102, 144, 149, 259, 279, 349, 491, N279. Aby zaplanowa\u0107 podr\u00f3\u017c autobusem, odwied\u017a stron\u0119 <a href=\"https:\/\/tfl.gov.uk\/maps\/bus?Input=Edmonton+Green+Bus+Station&amp;InputGeolocation=51.625201%2C-0.059194&amp;searchBoxType=bus\" target=\"_blank\" rel=\"noopener\">KLIKNIJ TUTAJ<\/a>.<\/p><h3>Poci\u0105giem<\/h3><p>Dworzec kolejowy Edmonton Green znajduje si\u0119 zaledwie kilka chwil spacerem od Centrum.<\/p><p>Us\u0142ugi \u015bwiadczone przez Greater Anglia kursuj\u0105 na p\u00f3\u0142noc do Enfield Town, zatrzymuj\u0105c si\u0119 w Bush Hill Park, oraz do Cheshunt, zatrzymuj\u0105c si\u0119 w Southbury, Turkey Street i Theobalds Grove.<\/p><p>Poci\u0105gi jad\u0105ce w kierunku po\u0142udniowym do London Liverpool Street zatrzymuj\u0105 si\u0119 na stacjach Silver Street, White Hart Lane, Bruce Grove, Seven Sisters (linia Victoria Line londy\u0144skiego metra), Stamford Hill, Stoke Newington, Rectory Road, Hackney Downs, London Fields, Cambridge Heath i Bethnal Green.<\/p><p>Aby zaplanowa\u0107 podr\u00f3\u017c poci\u0105giem <a href=\"https:\/\/www.nationalrail.co.uk\/\" target=\"_blank\" rel=\"noopener\">KLIKNIJ TUTAJ<\/a>.<\/p><h3>Dostawy komercyjne<\/h3><p>Dostawy komercyjne mog\u0105 by\u0107 realizowane w nast\u0119puj\u0105cych obszarach us\u0142ug:<\/p><p>Obszar us\u0142ug 1 \u2013 The Green A1010 N9 0TQ<br \/>Obszar us\u0142ug 2 \u2013 The Broadway A1010 N9 0TW<br \/>Obszar us\u0142ug 3 \u2013 Plevna Road N9 0TN<br \/>Obszar us\u0142ug 4 \u2013 Plevna Road N9 0TN<br \/>Obszar us\u0142ug 6 \u2013 Plevna Road N9 0TN<br \/>Obszar us\u0142ug 7 \u2013 Plevna Road N9 0TE<br \/>Obszar us\u0142ug 8 \u2013 Plevna Road N9 0TZ<br \/>Obszar us\u0142ug 9 \u2013 Plevna Road N9 0TZ<br \/>Obszar us\u0142ug 10 \u2013 Plevna Road N9 0EH<br \/>Obszar us\u0142ug 11 \u2013 Plevna Road N9 0EH<br \/>Obszar us\u0142ug 12 \u2013 Hertford Road N9 0HW<\/p>\t\t\t\t\t\t\t\t<\/div>\n\t\t\t\t<\/div>\n\t\t\t\t<\/div>\n\t\t<div class=\"elementor-element elementor-element-45934cc e-con-full e-flex e-con e-child\" data-id=\"45934cc\" data-element_type=\"container\" data-e-type=\"container\">\n\t\t\t\t<div class=\"elementor-element elementor-element-b031708 elementor-widget elementor-widget-google_maps\" data-id=\"b031708\" data-element_type=\"widget\" data-e-type=\"widget\" data-widget_type=\"google_maps.default\">\n\t\t\t\t<div class=\"elementor-widget-container\">\n\t\t\t\t\t\t\t<div class=\"elementor-custom-embed\">\n\t\t\t<iframe loading=\"lazy\"\n\t\t\t\t\tsrc=\"https:\/\/maps.google.com\/maps?q=Edmonton%20Green%20Shopping%20Centre&#038;t=m&#038;z=16&#038;output=embed&#038;iwloc=near\"\n\t\t\t\t\ttitle=\"Centrum handlowe Edmonton Green\"\n\t\t\t\t\taria-label=\"Centrum handlowe Edmonton Green\"\n\t\t\t><\/iframe>\n\t\t<\/div>\n\t\t\t\t\t\t<\/div>\n\t\t\t\t<\/div>\n\t\t\t\t<\/div>\n\t\t\t\t\t<\/div>\n\t\t\t\t<\/div>\n\t\t\t\t<\/div>","protected":false},"excerpt":{"rendered":"<p>Getting Here By Car SAT NAV: N9 0TZ If you are driving, Edmonton Green is fully accessible from major roads including the M25, M11, M1, A406 and A10. We have 1,000 car parking spaces across four car parks, including family spaces and accessibility spaces for blue badge holders. View the parking tariffs HERE. By Bus [&hellip;]<\/p>\n","protected":false},"author":1,"featured_media":0,"parent":0,"menu_order":0,"comment_status":"closed","ping_status":"closed","template":"","meta":{"_acf_changed":false,"site-sidebar-layout":"no-sidebar","site-content-layout":"page-builder","ast-site-content-layout":"full-width-container","site-content-style":"unboxed","site-sidebar-style":"unboxed","ast-global-header-display":"","ast-banner-title-visibility":"","ast-main-header-display":"","ast-hfb-above-header-display":"","ast-hfb-below-header-display":"","ast-hfb-mobile-header-display":"","site-post-title":"disabled","ast-breadcrumbs-content":"","ast-featured-img":"disabled","footer-sml-layout":"","ast-disable-related-posts":"","theme-transparent-header-meta":"","adv-header-id-meta":"","stick-header-meta":"","header-above-stick-meta":"","header-main-stick-meta":"","header-below-stick-meta":"","astra-migrate-meta-layouts":"set","ast-page-background-enabled":"default","ast-page-background-meta":{"desktop":{"background-color":"var(--ast-global-color-4)","background-image":"","background-repeat":"repeat","background-position":"center center","background-size":"auto","background-attachment":"scroll","background-type":"","background-media":"","overlay-type":"","overlay-color":"","overlay-opacity":"","overlay-gradient":""},"tablet":{"background-color":"","background-image":"","background-repeat":"repeat","background-position":"center center","background-size":"auto","background-attachment":"scroll","background-type":"","background-media":"","overlay-type":"","overlay-color":"","overlay-opacity":"","overlay-gradient":""},"mobile":{"background-color":"","background-image":"","background-repeat":"repeat","background-position":"center center","background-size":"auto","background-attachment":"scroll","background-type":"","background-media":"","overlay-type":"","overlay-color":"","overlay-opacity":"","overlay-gradient":""}},"ast-content-background-meta":{"desktop":{"background-color":"var(--ast-global-color-5)","background-image":"","background-repeat":"repeat","background-position":"center center","background-size":"auto","background-attachment":"scroll","background-type":"","background-media":"","overlay-type":"","overlay-color":"","overlay-opacity":"","overlay-gradient":""},"tablet":{"background-color":"var(--ast-global-color-5)","background-image":"","background-repeat":"repeat","background-position":"center center","background-size":"auto","background-attachment":"scroll","background-type":"","background-media":"","overlay-type":"","overlay-color":"","overlay-opacity":"","overlay-gradient":""},"mobile":{"background-color":"var(--ast-global-color-5)","background-image":"","background-repeat":"repeat","background-position":"center center","background-size":"auto","background-attachment":"scroll","background-type":"","background-media":"","overlay-type":"","overlay-color":"","overlay-opacity":"","overlay-gradient":""}},"footnotes":""},"class_list":["post-456","page","type-page","status-publish","hentry"],"acf":[],"_links":{"self":[{"href":"https:\/\/edmontongreencentre.co.uk\/pl\/wp-json\/wp\/v2\/pages\/456","targetHints":{"allow":["GET"]}}],"collection":[{"href":"https:\/\/edmontongreencentre.co.uk\/pl\/wp-json\/wp\/v2\/pages"}],"about":[{"href":"https:\/\/edmontongreencentre.co.uk\/pl\/wp-json\/wp\/v2\/types\/page"}],"author":[{"embeddable":true,"href":"https:\/\/edmontongreencentre.co.uk\/pl\/wp-json\/wp\/v2\/users\/1"}],"replies":[{"embeddable":true,"href":"https:\/\/edmontongreencentre.co.uk\/pl\/wp-json\/wp\/v2\/comments?post=456"}],"version-history":[{"count":0,"href":"https:\/\/edmontongreencentre.co.uk\/pl\/wp-json\/wp\/v2\/pages\/456\/revisions"}],"wp:attachment":[{"href":"https:\/\/edmontongreencentre.co.uk\/pl\/wp-json\/wp\/v2\/media?parent=456"}],"curies":[{"name":"wp","href":"https:\/\/api.w.org\/{rel}","templated":true}]}}