{"id":467,"date":"2023-09-27T12:30:01","date_gmt":"2023-09-27T12:30:01","guid":{"rendered":"https:\/\/edmonton.toolbox.pink\/?page_id=467"},"modified":"2026-02-08T18:02:23","modified_gmt":"2026-02-08T18:02:23","slug":"car-park","status":"publish","type":"page","link":"https:\/\/edmontongreencentre.co.uk\/pl\/car-park\/","title":{"rendered":"Parking"},"content":{"rendered":"<div data-elementor-type=\"wp-page\" data-elementor-id=\"467\" class=\"elementor elementor-467\" data-elementor-post-type=\"page\">\n\t\t\t\t<div class=\"elementor-element elementor-element-0d8ca90 e-con-full e-flex e-con e-parent\" data-id=\"0d8ca90\" data-element_type=\"container\" data-e-type=\"container\">\n\t\t<div class=\"elementor-element elementor-element-a2906f9 e-con-full e-flex e-con e-child\" data-id=\"a2906f9\" data-element_type=\"container\" data-e-type=\"container\" data-settings=\"{&quot;background_background&quot;:&quot;classic&quot;}\">\n\t\t\t\t<div class=\"elementor-element elementor-element-9594dcc elementor-widget elementor-widget-heading\" data-id=\"9594dcc\" data-element_type=\"widget\" data-e-type=\"widget\" data-widget_type=\"heading.default\">\n\t\t\t\t<div class=\"elementor-widget-container\">\n\t\t\t\t\t<h1 class=\"elementor-heading-title elementor-size-default\">Parking<\/h1>\t\t\t\t<\/div>\n\t\t\t\t<\/div>\n\t\t\t\t<\/div>\n\t\t\t\t<\/div>\n\t\t<div class=\"elementor-element elementor-element-a4b07de e-flex e-con-boxed e-con e-parent\" data-id=\"a4b07de\" data-element_type=\"container\" data-e-type=\"container\" data-settings=\"{&quot;background_background&quot;:&quot;classic&quot;}\">\n\t\t\t\t\t<div class=\"e-con-inner\">\n\t\t<div class=\"elementor-element elementor-element-9001bd3 e-con-full e-flex e-con e-child\" data-id=\"9001bd3\" data-element_type=\"container\" data-e-type=\"container\">\n\t\t\t\t<div class=\"elementor-element elementor-element-c58abbe elementor-widget__width-inherit elementor-widget elementor-widget-text-editor\" data-id=\"c58abbe\" data-element_type=\"widget\" data-e-type=\"widget\" data-widget_type=\"text-editor.default\">\n\t\t\t\t<div class=\"elementor-widget-container\">\n\t\t\t\t\t\t\t\t\t<p>Na terenie Edmonton Green znajduje si\u0119 964 miejsc parkingowych z systemem ANPR. Wystarczy, \u017ce wyjdziesz z parkingu i podjedziesz do automatu parkingowego.<\/p><p>Dost\u0119pnych jest dodatkowo 77 miejsc dla posiadaczy niebieskich kart oraz 9 miejsc dla rodzic\u00f3w.<\/p>\t\t\t\t\t\t\t\t<\/div>\n\t\t\t\t<\/div>\n\t\t\t\t<div class=\"elementor-element elementor-element-10998ce elementor-widget elementor-widget-shortcode\" data-id=\"10998ce\" data-element_type=\"widget\" data-e-type=\"widget\" data-widget_type=\"shortcode.default\">\n\t\t\t\t<div class=\"elementor-widget-container\">\n\t\t\t\t\t\t\t<div class=\"elementor-shortcode\">\n<table id=\"tablepress-1\" class=\"tablepress tablepress-id-1\">\n<tbody>\n<tr class=\"row-1\">\n\t<td class=\"column-1\">Parking<\/td><td class=\"column-2\">Zatoki<\/td><td class=\"column-3\">Niebieska odznaka<\/td><td class=\"column-4\">Ro\u015blina mateczna<\/td><td class=\"column-5\">Maszyna do p\u0142acenia<\/td>\n<\/tr>\n<tr class=\"row-2\">\n\t<td class=\"column-1\">Po\u0142udnie Dolne<\/td><td class=\"column-2\">175<\/td><td class=\"column-3\">37<\/td><td class=\"column-4\">6<\/td><td class=\"column-5\">Trzy terminale p\u0142atnicze obs\u0142uguj\u0105ce wy\u0142\u0105cznie karty p\u0142atnicze w Asda<\/td>\n<\/tr>\n<tr class=\"row-3\">\n\t<td class=\"column-1\">Po\u0142udniowy G\u00f3rny<\/td><td class=\"column-2\">196<\/td><td class=\"column-3\">0<\/td><td class=\"column-4\">0<\/td><td class=\"column-5\">Brak maszyn<\/td>\n<\/tr>\n<tr class=\"row-4\">\n\t<td class=\"column-1\">P\u00f3\u0142noc<\/td><td class=\"column-2\">160<\/td><td class=\"column-3\">19<\/td><td class=\"column-4\">0<\/td><td class=\"column-5\">Dwa urz\u0105dzenia obs\u0142uguj\u0105ce wy\u0142\u0105cznie karty<\/td>\n<\/tr>\n<tr class=\"row-5\">\n\t<td class=\"column-1\">Wielopi\u0119trowy<\/td><td class=\"column-2\">401<\/td><td class=\"column-3\">19<\/td><td class=\"column-4\">3<\/td><td class=\"column-5\">Tylko karta na parterze<\/td>\n<\/tr>\n<tr class=\"row-6\">\n\t<td class=\"column-1\">Kr\u00f3tki pobyt<\/td><td class=\"column-2\">32<\/td><td class=\"column-3\">2<\/td><td class=\"column-4\">0<\/td><td class=\"column-5\">Maszyna obs\u0142uguj\u0105ca wy\u0142\u0105cznie karty<\/td>\n<\/tr>\n<\/tbody>\n<\/table>\n<\/div>\n\t\t\t\t\t\t<\/div>\n\t\t\t\t<\/div>\n\t\t\t\t<div class=\"elementor-element elementor-element-91c4503 elementor-widget__width-inherit elementor-widget elementor-widget-text-editor\" data-id=\"91c4503\" data-element_type=\"widget\" data-e-type=\"widget\" data-widget_type=\"text-editor.default\">\n\t\t\t\t<div class=\"elementor-widget-container\">\n\t\t\t\t\t\t\t\t\t<p><span style=\"font-style: inherit; font-weight: inherit; background-color: var( --e-global-color-astglobalcolor5 ); color: var(--ast-global-color-0);\">Na South Mall, obok Greggsa, znajduje si\u0119 r\u00f3wnie\u017c bankomat i bankomat.<\/span><\/p><p><a href=\"https:\/\/edmontongreencentre.co.uk\/wp-content\/uploads\/2024\/10\/TR-Edmonton-Green_Autumn2024.pdf\" target=\"_blank\" rel=\"noopener\">Zobacz nasz\u0105 map\u0119 centrum tutaj.<\/a><\/p>\t\t\t\t\t\t\t\t<\/div>\n\t\t\t\t<\/div>\n\t\t\t\t<\/div>\n\t\t<div class=\"elementor-element elementor-element-45934cc e-con-full e-flex e-con e-child\" data-id=\"45934cc\" data-element_type=\"container\" data-e-type=\"container\">\n\t\t\t\t<div class=\"elementor-element elementor-element-22cb228 elementor-widget__width-inherit elementor-widget elementor-widget-text-editor\" data-id=\"22cb228\" data-element_type=\"widget\" data-e-type=\"widget\" data-widget_type=\"text-editor.default\">\n\t\t\t\t<div class=\"elementor-widget-container\">\n\t\t\t\t\t\t\t\t\t<h3>Taryfy<\/h3><p>Do 1 godziny\u2026\u20261,50 \u00a3<br \/>Do 3 godzin\u20263,00 \u00a3<br \/>Do 5 godzin\u2026 5,00 \u00a3<br \/>6 do 24 godzin\u2026..10,00 \u00a3<br \/>Karnet miesi\u0119czny\u2026 75,00 GBP (tylko na parking d\u0142ugoterminowy)<\/p><h4>Taryfy za kr\u00f3tkotrwa\u0142y parking\u00a0<br \/><span style=\"font-style: inherit; font-weight: inherit; background-color: var( --e-global-color-astglobalcolor5 ); color: var(--ast-global-color-0);\">sk\u0142adaj podania od poniedzia\u0142ku do niedzieli<\/span><\/h4><p>0-20 minut\u2026\u2026\u2026\u2026\u2026\u2026.Bezp\u0142atnie<\/p><p>Od 20 minut do 1 godziny\u2026 10 funt\u00f3w<\/p><p><strong>Parkuj bezp\u0142atnie z niebiesk\u0105 plakietk\u0105<\/strong><\/p><p>Je\u015bli posiadasz wa\u017cn\u0105 niebiesk\u0105 odznak\u0119 lub przewozisz pasa\u017cera posiadaj\u0105cego wa\u017cn\u0105 odznak\u0119, mo\u017cesz ubiega\u0107 si\u0119 o BEZP\u0141ATNE parkowanie w centrum handlowym Edmonton Green, wype\u0142niaj\u0105c formularz <a href=\"https:\/\/edmontongreencentre.co.uk\/wp-content\/uploads\/2023\/09\/BlueBadge.pdf\"><span style=\"text-decoration: underline;\"><strong>Tutaj<\/strong><\/span><\/a>lub dzwoni\u0105c pod numer 0208 8034 414, aby uzyska\u0107 wi\u0119cej informacji.<\/p><p>Aby dowiedzie\u0107 si\u0119 wi\u0119cej o zasadach i ograniczeniach dotycz\u0105cych parkowania dla os\u00f3b z niebiesk\u0105 odznak\u0105, kliknij <a href=\"https:\/\/edmontongreencentre.co.uk\/pl\/blue-badge\/\"><span style=\"text-decoration: underline;\"><strong>Tutaj<\/strong><\/span><\/a>.<\/p><p>Je\u015bli masz jakie\u015b pytania lub jeste\u015b zainteresowany karnetem miesi\u0119cznym,<br \/>prosimy o kontakt z naszym ca\u0142odobowym dzia\u0142em obs\u0142ugi klienta pod numerem 03700427216 lub za po\u015brednictwem poczty elektronicznej<br \/><a href=\"mailto:clearpark@g24.co.uk\">clearpark@g24.co.uk<\/a> po pomoc.<\/p><p>W\u0142a\u015bciciel Edmonton Green zastrzega sobie prawo do zmiany taryf w dowolnym momencie.<\/p><p>Centrum handlowe Edmonton Green ani wsp\u00f3\u0142pracuj\u0105cy z nim agent zarz\u0105dzaj\u0105cy parkingami nie ponosz\u0105 odpowiedzialno\u015bci za utrat\u0119 ani uszkodzenie pojazd\u00f3w lub ich zawarto\u015bci znajduj\u0105cej si\u0119 na parkingach.<\/p><h3>Ograniczenia wysoko\u015bci<\/h3><p>Kr\u00f3tki pobyt \u2013 2,2 m <br \/>Rampa Asda \u2013 ograniczenie wysoko\u015bci 2,2 m i ograniczenie masy 2,5 T<br \/>MSCP \u2013 2,0 mln<\/p>\t\t\t\t\t\t\t\t<\/div>\n\t\t\t\t<\/div>\n\t\t\t\t<\/div>\n\t\t\t\t\t<\/div>\n\t\t\t\t<\/div>\n\t\t\t\t<\/div>","protected":false},"excerpt":{"rendered":"<p>Parking Edmonton Green has 964 parking spaces with an ANPR system so simply visit a pay machine as you leave the centre. There are an additional 77 accessible bays for blue badge holders and 9 parent bays. There is also a card and cash machine located on South Mall next to Greggs. View our centre [&hellip;]<\/p>\n","protected":false},"author":1,"featured_media":0,"parent":0,"menu_order":0,"comment_status":"closed","ping_status":"closed","template":"","meta":{"_acf_changed":false,"site-sidebar-layout":"no-sidebar","site-content-layout":"page-builder","ast-site-content-layout":"full-width-container","site-content-style":"unboxed","site-sidebar-style":"unboxed","ast-global-header-display":"","ast-banner-title-visibility":"","ast-main-header-display":"","ast-hfb-above-header-display":"","ast-hfb-below-header-display":"","ast-hfb-mobile-header-display":"","site-post-title":"disabled","ast-breadcrumbs-content":"","ast-featured-img":"disabled","footer-sml-layout":"","ast-disable-related-posts":"","theme-transparent-header-meta":"","adv-header-id-meta":"","stick-header-meta":"","header-above-stick-meta":"","header-main-stick-meta":"","header-below-stick-meta":"","astra-migrate-meta-layouts":"set","ast-page-background-enabled":"default","ast-page-background-meta":{"desktop":{"background-color":"var(--ast-global-color-4)","background-image":"","background-repeat":"repeat","background-position":"center center","background-size":"auto","background-attachment":"scroll","background-type":"","background-media":"","overlay-type":"","overlay-color":"","overlay-opacity":"","overlay-gradient":""},"tablet":{"background-color":"","background-image":"","background-repeat":"repeat","background-position":"center center","background-size":"auto","background-attachment":"scroll","background-type":"","background-media":"","overlay-type":"","overlay-color":"","overlay-opacity":"","overlay-gradient":""},"mobile":{"background-color":"","background-image":"","background-repeat":"repeat","background-position":"center center","background-size":"auto","background-attachment":"scroll","background-type":"","background-media":"","overlay-type":"","overlay-color":"","overlay-opacity":"","overlay-gradient":""}},"ast-content-background-meta":{"desktop":{"background-color":"var(--ast-global-color-5)","background-image":"","background-repeat":"repeat","background-position":"center center","background-size":"auto","background-attachment":"scroll","background-type":"","background-media":"","overlay-type":"","overlay-color":"","overlay-opacity":"","overlay-gradient":""},"tablet":{"background-color":"var(--ast-global-color-5)","background-image":"","background-repeat":"repeat","background-position":"center center","background-size":"auto","background-attachment":"scroll","background-type":"","background-media":"","overlay-type":"","overlay-color":"","overlay-opacity":"","overlay-gradient":""},"mobile":{"background-color":"var(--ast-global-color-5)","background-image":"","background-repeat":"repeat","background-position":"center center","background-size":"auto","background-attachment":"scroll","background-type":"","background-media":"","overlay-type":"","overlay-color":"","overlay-opacity":"","overlay-gradient":""}},"footnotes":""},"class_list":["post-467","page","type-page","status-publish","hentry"],"acf":[],"_links":{"self":[{"href":"https:\/\/edmontongreencentre.co.uk\/pl\/wp-json\/wp\/v2\/pages\/467","targetHints":{"allow":["GET"]}}],"collection":[{"href":"https:\/\/edmontongreencentre.co.uk\/pl\/wp-json\/wp\/v2\/pages"}],"about":[{"href":"https:\/\/edmontongreencentre.co.uk\/pl\/wp-json\/wp\/v2\/types\/page"}],"author":[{"embeddable":true,"href":"https:\/\/edmontongreencentre.co.uk\/pl\/wp-json\/wp\/v2\/users\/1"}],"replies":[{"embeddable":true,"href":"https:\/\/edmontongreencentre.co.uk\/pl\/wp-json\/wp\/v2\/comments?post=467"}],"version-history":[{"count":6,"href":"https:\/\/edmontongreencentre.co.uk\/pl\/wp-json\/wp\/v2\/pages\/467\/revisions"}],"predecessor-version":[{"id":3620,"href":"https:\/\/edmontongreencentre.co.uk\/pl\/wp-json\/wp\/v2\/pages\/467\/revisions\/3620"}],"wp:attachment":[{"href":"https:\/\/edmontongreencentre.co.uk\/pl\/wp-json\/wp\/v2\/media?parent=467"}],"curies":[{"name":"wp","href":"https:\/\/api.w.org\/{rel}","templated":true}]}}