{"id":472,"date":"2023-09-27T12:33:14","date_gmt":"2023-09-27T12:33:14","guid":{"rendered":"https:\/\/edmonton.toolbox.pink\/?page_id=472"},"modified":"2024-10-11T08:54:28","modified_gmt":"2024-10-11T07:54:28","slug":"facilities","status":"publish","type":"page","link":"https:\/\/edmontongreencentre.co.uk\/pl\/facilities\/","title":{"rendered":"Udogodnienia"},"content":{"rendered":"<div data-elementor-type=\"wp-page\" data-elementor-id=\"472\" class=\"elementor elementor-472\" data-elementor-post-type=\"page\">\n\t\t\t\t<div class=\"elementor-element elementor-element-0d8ca90 e-con-full e-flex e-con e-parent\" data-id=\"0d8ca90\" data-element_type=\"container\" data-e-type=\"container\">\n\t\t<div class=\"elementor-element elementor-element-a2906f9 e-con-full e-flex e-con e-child\" data-id=\"a2906f9\" data-element_type=\"container\" data-e-type=\"container\" data-settings=\"{&quot;background_background&quot;:&quot;classic&quot;}\">\n\t\t\t\t<div class=\"elementor-element elementor-element-9594dcc elementor-widget elementor-widget-heading\" data-id=\"9594dcc\" data-element_type=\"widget\" data-e-type=\"widget\" data-widget_type=\"heading.default\">\n\t\t\t\t<div class=\"elementor-widget-container\">\n\t\t\t\t\t<h1 class=\"elementor-heading-title elementor-size-default\">Udogodnienia<\/h1>\t\t\t\t<\/div>\n\t\t\t\t<\/div>\n\t\t\t\t<\/div>\n\t\t\t\t<\/div>\n\t\t<div class=\"elementor-element elementor-element-a4b07de e-flex e-con-boxed e-con e-parent\" data-id=\"a4b07de\" data-element_type=\"container\" data-e-type=\"container\" data-settings=\"{&quot;background_background&quot;:&quot;classic&quot;}\">\n\t\t\t\t\t<div class=\"e-con-inner\">\n\t\t<div class=\"elementor-element elementor-element-9001bd3 e-con-full e-flex e-con e-child\" data-id=\"9001bd3\" data-element_type=\"container\" data-e-type=\"container\">\n\t\t\t\t<div class=\"elementor-element elementor-element-91c4503 elementor-widget__width-inherit elementor-widget elementor-widget-text-editor\" data-id=\"91c4503\" data-element_type=\"widget\" data-e-type=\"widget\" data-widget_type=\"text-editor.default\">\n\t\t\t\t<div class=\"elementor-widget-container\">\n\t\t\t\t\t\t\t\t\t<p>Edmonton Green z dum\u0105 oferuje klientom szeroki wachlarz us\u0142ug, dzi\u0119ki kt\u00f3rym zakupy b\u0119d\u0105 dla nich przyjemne, bezpieczne i bezstresowe.<\/p><ul><li>Darmowe Wi-Fi<\/li><li>Toalety dla os\u00f3b niepe\u0142nosprawnych<\/li><li>Sklepowa mobilno\u015b\u0107<\/li><li>Bankomaty<\/li><li>Miejsce do przewijania niemowl\u0105t<\/li><li>G\u0142\u00f3wny dworzec autobusowy<\/li><li>Dworzec kolejowy Edmonton Green 1 minuta spacerem od centrum<\/li><li>Przelew pieni\u0119\u017cny Western Union<\/li><li>Miejsca parkingowe dla os\u00f3b niepe\u0142nosprawnych na wszystkich parkingach<\/li><li>Ponad 1000 miejsc parkingowych<\/li><\/ul><p>Biuro Zarz\u0105du Centrum mie\u015bci si\u0119 na g\u00f3rnym poziomie Rynku. Nasi przyja\u017ani pracownicy s\u0142u\u017c\u0105 Pa\u0144stwu pomoc\u0105 i udzielaj\u0105 informacji na temat Centrum.<\/p><p>Prosz\u0119 zadzwoni\u0107 pod numer 0208 803 4414 lub wys\u0142a\u0107 wiadomo\u015b\u0107 e-mail na adres edmontongreen@ashdownphillips.com<\/p><h3>Zagubione mienie<\/h3><p>W przypadku zgubienia rzeczy prosimy o kontakt z Biurem Ochrony pod numerem telefonu 0208 345 6103 lub za po\u015brednictwem poczty elektronicznej pod adresem edmontongreen@ashdownphillips.com<\/p><h3>Wypoczynek<\/h3><p>Edmonton Green nie jest tylko \u015bwietnym miejscem na zakupy, jest tam r\u00f3wnie\u017c szeroki wyb\u00f3r obiekt\u00f3w rekreacyjnych. Odwied\u017a nasz\u0105 stron\u0119 <a href=\"https:\/\/edmontongreencentre.co.uk\/pl\/shop\/\">katalog sklep\u00f3w<\/a>.<\/p><h3>Sklepowa mobilno\u015b\u0107<\/h3><p>9:30-17:00 od wtorku do soboty<\/p><p>Shopmobility to program, kt\u00f3ry zapewnia klientom z dysfunkcj\u0105 ruchu skutery i w\u00f3zki inwalidzkie z nap\u0119dem elektrycznym lub r\u0119cznym.<\/p><p>Shopmobility jest dla ka\u017cdego, kto ma problemy z mobilno\u015bci\u0105, niezale\u017cnie od tego, czy niepe\u0142nosprawno\u015b\u0107 jest sta\u0142a czy tymczasowa, i jest zar\u00f3wno dla mieszka\u0144c\u00f3w, jak i go\u015bci. Zapewnia bezp\u0142atn\u0105 codzienn\u0105 us\u0142ug\u0119 wypo\u017cyczania r\u0119cznych i elektrycznych w\u00f3zk\u00f3w inwalidzkich oraz elektrycznych skuter\u00f3w, aby umo\u017cliwi\u0107 ludziom dost\u0119p do sklep\u00f3w i us\u0142ug w Edmonton Green i Enfield Town.<\/p><p>Aby korzysta\u0107 ze sprz\u0119tu, nale\u017cy si\u0119 zarejestrowa\u0107, okazuj\u0105c dwa dokumenty to\u017csamo\u015bci zawieraj\u0105ce imi\u0119 i nazwisko oraz adres, na przyk\u0142ad ostatni wyci\u0105g z banku, prawo jazdy lub ostatni rachunek za media.<\/p><p>Kiedy po raz pierwszy skorzystasz z w\u00f3zka inwalidzkiego lub skutera, b\u0119dziesz m\u00f3g\u0142 wybra\u0107 ten, z kt\u00f3rym czujesz si\u0119 najwygodniej. Nast\u0119pnie przeszkolony pracownik poka\u017ce Ci, jak bezpiecznie go obs\u0142ugiwa\u0107.<\/p><p>Sklep Edmonton Shopmobility znajduje si\u0119 pod adresem 4 Monmouth Road (z ty\u0142u ko\u015bcio\u0142a Edmonton Baptist Church)<\/p><p>Aby uzyska\u0107 wi\u0119cej informacji, skontaktuj si\u0119 z <a href=\"tel:02083791193\">020 8379 1193<\/a> Lub <a href=\"https:\/\/www.enfield.gov.uk\/services\/roads-and-transport\/shopmobility\" target=\"_blank\" rel=\"noopener\">Kliknij tutaj<\/a>.<\/p>\t\t\t\t\t\t\t\t<\/div>\n\t\t\t\t<\/div>\n\t\t\t\t<\/div>\n\t\t<div class=\"elementor-element elementor-element-45934cc e-con-full e-flex e-con e-child\" data-id=\"45934cc\" data-element_type=\"container\" data-e-type=\"container\">\n\t\t\t\t<div class=\"elementor-element elementor-element-706ea8b elementor-widget elementor-widget-text-editor\" data-id=\"706ea8b\" data-element_type=\"widget\" data-e-type=\"widget\" data-widget_type=\"text-editor.default\">\n\t\t\t\t<div class=\"elementor-widget-container\">\n\t\t\t\t\t\t\t\t\t<h3>Us\u0142uga taks\u00f3wkowa<\/h3><p>Us\u0142ug\u0119 taks\u00f3wkow\u0105 znajdziesz na parkingu kr\u00f3tkoterminowym:<\/p><p>Market Car Service Limited, Edmonton Green Shopping Centre, 26 The Concourse, Londyn N9 0TY<\/p><p><a href=\"https:\/\/www.marketcarservice.com\" target=\"_blank\" rel=\"noopener\">www.marketcarservice.com<\/a><br \/><a href=\"tel:02088033407\">020 8803 3407<\/a><\/p><h3>Centrum Zdrowia GP w Edmonton<\/h3><p>Maj\u0105ca siedzib\u0119 w Evergreen Primary Care Centre przy Smythe Close, plac\u00f3wka Edmonton GP Health Centre \u015bwiadczy szeroki zakres us\u0142ug, obejmuj\u0105cych m.in. szczepienia przed podr\u00f3\u017c\u0105, kliniki dla niemowl\u0105t, badania przesiewowe w kierunku zdrowia seksualnego i POChP.<\/p><p>Godziny otwarcia: poniedzia\u0142ek \u2013 pi\u0105tek: 08.00 \u2013 18.30, sobota: 08.00 \u2013 13.00<\/p><p>Aby uzyska\u0107 wi\u0119cej informacji, <a href=\"https:\/\/www.evergreensurgery.nhs.uk\/\" target=\"_blank\" rel=\"noopener\">Kliknij tutaj<\/a>.<\/p><h3>Biblioteka Zielona w Edmonton<\/h3><p>Biblioteka Edmonton Green mie\u015bci si\u0119 pod adresem 36-44 South Mall. Us\u0142ugi obejmuj\u0105 DVD, bezp\u0142atny dost\u0119p do Internetu i komputera, bibliotek\u0119 informacyjn\u0105, miejsce do nauki, centrum odrabiania zada\u0144 domowych i otwarte centrum nauki. Co tydzie\u0144 odbywa si\u0119 r\u00f3wnie\u017c szereg zaj\u0119\u0107 dla doros\u0142ych i dzieci.<\/p><p>Godziny otwarcia: poniedzia\u0142ek \u2013 czwartek: 09.00 \u2013 19.00, pi\u0105tek: 09.00 \u2013 17.30, sobota: 09.00 \u2013 17.00<\/p><h3>Ko\u015bci\u00f3\u0142 Baptyst\u00f3w<\/h3><p>Budynek ko\u015bcio\u0142a, kt\u00f3ry zosta\u0142 zbudowany w 1976 r., stoi na czele ruchliwej lokalnej dzielnicy handlowej, kt\u00f3ra obs\u0142uguje populacj\u0119 oko\u0142o 76 000 os\u00f3b. Dzielnica przechodzi gruntowny remont w ci\u0105gu najbli\u017cszych kilku lat, co mo\u017ce mie\u0107 wp\u0142yw na nasz w\u0142asny budynek ko\u015bcielny. Oko\u0142o 90% zgromadzenia mieszka w promieniu mili od ko\u015bcio\u0142a, co nadaje mu silny lokalny charakter.<\/p><h3>Obiekty artystyczne<\/h3><p>Teatr integracyjny Facefront \u2013 52 Market Square, pierwsze pi\u0119tro<\/p><p>Face Front dzia\u0142a inkluzywnie na rzecz spo\u0142eczno\u015bci poprzez sztuk\u0119.<\/p>\t\t\t\t\t\t\t\t<\/div>\n\t\t\t\t<\/div>\n\t\t\t\t<\/div>\n\t\t\t\t\t<\/div>\n\t\t\t\t<\/div>\n\t\t\t\t<\/div>","protected":false},"excerpt":{"rendered":"<p>Facilities Edmonton Green is proud to offer a range of customer services to make your shopping experience enjoyable, safe and stress-free. Free WIFI Accessible toilets Shopmobility ATM Machines Baby change facilities Main bus station Edmonton Green train station 1-minute walk from the centre Western Union Money transfer Blue badge parking bays in all car parks [&hellip;]<\/p>\n","protected":false},"author":1,"featured_media":0,"parent":0,"menu_order":0,"comment_status":"closed","ping_status":"closed","template":"","meta":{"_acf_changed":false,"site-sidebar-layout":"no-sidebar","site-content-layout":"page-builder","ast-site-content-layout":"full-width-container","site-content-style":"unboxed","site-sidebar-style":"unboxed","ast-global-header-display":"","ast-banner-title-visibility":"","ast-main-header-display":"","ast-hfb-above-header-display":"","ast-hfb-below-header-display":"","ast-hfb-mobile-header-display":"","site-post-title":"disabled","ast-breadcrumbs-content":"","ast-featured-img":"disabled","footer-sml-layout":"","ast-disable-related-posts":"","theme-transparent-header-meta":"","adv-header-id-meta":"","stick-header-meta":"","header-above-stick-meta":"","header-main-stick-meta":"","header-below-stick-meta":"","astra-migrate-meta-layouts":"set","ast-page-background-enabled":"default","ast-page-background-meta":{"desktop":{"background-color":"var(--ast-global-color-4)","background-image":"","background-repeat":"repeat","background-position":"center center","background-size":"auto","background-attachment":"scroll","background-type":"","background-media":"","overlay-type":"","overlay-color":"","overlay-opacity":"","overlay-gradient":""},"tablet":{"background-color":"","background-image":"","background-repeat":"repeat","background-position":"center center","background-size":"auto","background-attachment":"scroll","background-type":"","background-media":"","overlay-type":"","overlay-color":"","overlay-opacity":"","overlay-gradient":""},"mobile":{"background-color":"","background-image":"","background-repeat":"repeat","background-position":"center center","background-size":"auto","background-attachment":"scroll","background-type":"","background-media":"","overlay-type":"","overlay-color":"","overlay-opacity":"","overlay-gradient":""}},"ast-content-background-meta":{"desktop":{"background-color":"var(--ast-global-color-5)","background-image":"","background-repeat":"repeat","background-position":"center center","background-size":"auto","background-attachment":"scroll","background-type":"","background-media":"","overlay-type":"","overlay-color":"","overlay-opacity":"","overlay-gradient":""},"tablet":{"background-color":"var(--ast-global-color-5)","background-image":"","background-repeat":"repeat","background-position":"center center","background-size":"auto","background-attachment":"scroll","background-type":"","background-media":"","overlay-type":"","overlay-color":"","overlay-opacity":"","overlay-gradient":""},"mobile":{"background-color":"var(--ast-global-color-5)","background-image":"","background-repeat":"repeat","background-position":"center center","background-size":"auto","background-attachment":"scroll","background-type":"","background-media":"","overlay-type":"","overlay-color":"","overlay-opacity":"","overlay-gradient":""}},"footnotes":""},"class_list":["post-472","page","type-page","status-publish","hentry"],"acf":[],"_links":{"self":[{"href":"https:\/\/edmontongreencentre.co.uk\/pl\/wp-json\/wp\/v2\/pages\/472","targetHints":{"allow":["GET"]}}],"collection":[{"href":"https:\/\/edmontongreencentre.co.uk\/pl\/wp-json\/wp\/v2\/pages"}],"about":[{"href":"https:\/\/edmontongreencentre.co.uk\/pl\/wp-json\/wp\/v2\/types\/page"}],"author":[{"embeddable":true,"href":"https:\/\/edmontongreencentre.co.uk\/pl\/wp-json\/wp\/v2\/users\/1"}],"replies":[{"embeddable":true,"href":"https:\/\/edmontongreencentre.co.uk\/pl\/wp-json\/wp\/v2\/comments?post=472"}],"version-history":[{"count":0,"href":"https:\/\/edmontongreencentre.co.uk\/pl\/wp-json\/wp\/v2\/pages\/472\/revisions"}],"wp:attachment":[{"href":"https:\/\/edmontongreencentre.co.uk\/pl\/wp-json\/wp\/v2\/media?parent=472"}],"curies":[{"name":"wp","href":"https:\/\/api.w.org\/{rel}","templated":true}]}}