{"id":489,"date":"2023-09-27T12:45:56","date_gmt":"2023-09-27T12:45:56","guid":{"rendered":"https:\/\/edmonton.toolbox.pink\/?page_id=489"},"modified":"2023-10-16T12:58:55","modified_gmt":"2023-10-16T12:58:55","slug":"dementia-friendly","status":"publish","type":"page","link":"https:\/\/edmontongreencentre.co.uk\/pl\/dementia-friendly\/","title":{"rendered":"Przyjazny dla os\u00f3b z demencj\u0105"},"content":{"rendered":"<div data-elementor-type=\"wp-page\" data-elementor-id=\"489\" class=\"elementor elementor-489\" data-elementor-post-type=\"page\">\n\t\t\t\t<div class=\"elementor-element elementor-element-0d8ca90 e-con-full e-flex e-con e-parent\" data-id=\"0d8ca90\" data-element_type=\"container\" data-e-type=\"container\">\n\t\t<div class=\"elementor-element elementor-element-a2906f9 e-con-full e-flex e-con e-child\" data-id=\"a2906f9\" data-element_type=\"container\" data-e-type=\"container\" data-settings=\"{&quot;background_background&quot;:&quot;classic&quot;}\">\n\t\t\t\t<div class=\"elementor-element elementor-element-9594dcc elementor-widget elementor-widget-heading\" data-id=\"9594dcc\" data-element_type=\"widget\" data-e-type=\"widget\" data-widget_type=\"heading.default\">\n\t\t\t\t<div class=\"elementor-widget-container\">\n\t\t\t\t\t<h1 class=\"elementor-heading-title elementor-size-default\">Przyjazny dla os\u00f3b z demencj\u0105<\/h1>\t\t\t\t<\/div>\n\t\t\t\t<\/div>\n\t\t\t\t<\/div>\n\t\t\t\t<\/div>\n\t\t<div class=\"elementor-element elementor-element-a4b07de e-flex e-con-boxed e-con e-parent\" data-id=\"a4b07de\" data-element_type=\"container\" data-e-type=\"container\" data-settings=\"{&quot;background_background&quot;:&quot;classic&quot;}\">\n\t\t\t\t\t<div class=\"e-con-inner\">\n\t\t<div class=\"elementor-element elementor-element-9001bd3 e-con-full e-flex e-con e-child\" data-id=\"9001bd3\" data-element_type=\"container\" data-e-type=\"container\">\n\t\t\t\t<div class=\"elementor-element elementor-element-91c4503 elementor-widget__width-inherit elementor-widget elementor-widget-text-editor\" data-id=\"91c4503\" data-element_type=\"widget\" data-e-type=\"widget\" data-widget_type=\"text-editor.default\">\n\t\t\t\t<div class=\"elementor-widget-container\">\n\t\t\t\t\t\t\t\t\t<p>Edmonton Green Shopping Centre jest teraz zatwierdzonym cz\u0142onkiem Enfield Dementia Alliance. Oznacza to, \u017ce zostali\u015bmy uznani przez Alzheimer&#039;s Society za spo\u0142eczno\u015b\u0107 przyjazn\u0105 osobom z demencj\u0105.<\/p><p>Spo\u0142eczno\u015b\u0107 przyjazna osobom z demencj\u0105 to miasto, miasteczko lub wie\u015b, w kt\u00f3rej osoby z demencj\u0105 s\u0105 rozumiane, szanowane i wspierane. W spo\u0142eczno\u015bci przyjaznej osobom z demencj\u0105 ludzie b\u0119d\u0105 \u015bwiadomi demencji i b\u0119d\u0105 j\u0105 rozumie\u0107, dzi\u0119ki czemu osoby z demencj\u0105 b\u0119d\u0105 mog\u0142y nadal \u017cy\u0107 tak, jak chc\u0105 i w wybranej przez siebie spo\u0142eczno\u015bci.<\/p><p>\u00a0<\/p><h3>Co do tej pory zrobili\u015bmy<\/h3><ul><li>Do tej pory kadra zarz\u0105dzaj\u0105ca bra\u0142a udzia\u0142 w warsztatach po\u015bwi\u0119conych przyjacio\u0142om os\u00f3b chorych na demencj\u0119.<\/li><li>Trzech cz\u0142onk\u00f3w zespo\u0142u zg\u0142osi\u0142o si\u0119 do grona przyjaci\u00f3\u0142 os\u00f3b chorych na demencj\u0119.<\/li><li>Udost\u0119pnianie informacji naszym sprzedawcom detalicznym i szerszemu gronu klient\u00f3w<\/li><li>Opracowano map\u0119 przyjazn\u0105 osobom z demencj\u0105<\/li><\/ul><p><a href=\"https:\/\/edmontongreencentre.co.uk\/wp-content\/uploads\/2023\/09\/Dementia-Friendly-Map.pdf\" target=\"_blank\" rel=\"noopener\">Pobierz map\u0119 tutaj<\/a><\/p>\t\t\t\t\t\t\t\t<\/div>\n\t\t\t\t<\/div>\n\t\t\t\t<\/div>\n\t\t<div class=\"elementor-element elementor-element-45934cc e-con-full e-flex e-con e-child\" data-id=\"45934cc\" data-element_type=\"container\" data-e-type=\"container\">\n\t\t\t\t<div class=\"elementor-element elementor-element-22cb228 elementor-widget__width-inherit elementor-widget elementor-widget-text-editor\" data-id=\"22cb228\" data-element_type=\"widget\" data-e-type=\"widget\" data-widget_type=\"text-editor.default\">\n\t\t\t\t<div class=\"elementor-widget-container\">\n\t\t\t\t\t\t\t\t\t<p>Nasze zobowi\u0105zanie dotycz\u0105ce demencji ma na celu pokazanie naszego zaanga\u017cowania w rozwijanie w\u015br\u00f3d naszych pracownik\u00f3w wiedzy na temat demencji oraz ci\u0105g\u0142e dostosowywanie i udoskonalanie \u015bwiadczonych przez nas us\u0142ug w celu zaspokojenia potrzeb naszych klient\u00f3w i spo\u0142eczno\u015bci os\u00f3b cierpi\u0105cych na demencj\u0119.<\/p><p><a href=\"https:\/\/edmontongreencentre.co.uk\/wp-content\/uploads\/2023\/09\/Action-plan-1.pdf\">KLIKNIJ TUTAJ<\/a>\u00a0aby zapozna\u0107 si\u0119 z naszym planem dzia\u0142a\u0144 przyjaznym osobom z demencj\u0105.<\/p><p>B\u0119dziemy regularnie aktualizowa\u0107 t\u0119 stron\u0119, informuj\u0105c o kolejnych udoskonaleniach i zmianach w centrum handlowym Edmonton Green, przyjaznych osobom z demencj\u0105.<\/p>\t\t\t\t\t\t\t\t<\/div>\n\t\t\t\t<\/div>\n\t\t\t\t<\/div>\n\t\t\t\t\t<\/div>\n\t\t\t\t<\/div>\n\t\t<div class=\"elementor-element elementor-element-890adc8 e-flex e-con-boxed e-con e-parent\" data-id=\"890adc8\" data-element_type=\"container\" data-e-type=\"container\" data-settings=\"{&quot;background_background&quot;:&quot;classic&quot;}\">\n\t\t\t\t\t<div class=\"e-con-inner\">\n\t\t\t\t<div class=\"elementor-element elementor-element-8709c0f elementor-widget elementor-widget-image\" data-id=\"8709c0f\" data-element_type=\"widget\" data-e-type=\"widget\" data-widget_type=\"image.default\">\n\t\t\t\t<div class=\"elementor-widget-container\">\n\t\t\t\t\t\t\t\t\t\t\t\t\t\t\t<img fetchpriority=\"high\" decoding=\"async\" width=\"2000\" height=\"1414\" src=\"https:\/\/edmontongreencentre.co.uk\/wp-content\/uploads\/2023\/09\/Dementia-Friendly-Map.jpg\" class=\"attachment-full size-full wp-image-493\" alt=\"\" srcset=\"https:\/\/edmontongreencentre.co.uk\/wp-content\/uploads\/2023\/09\/Dementia-Friendly-Map.jpg 2000w, https:\/\/edmontongreencentre.co.uk\/wp-content\/uploads\/2023\/09\/Dementia-Friendly-Map-300x212.jpg 300w, https:\/\/edmontongreencentre.co.uk\/wp-content\/uploads\/2023\/09\/Dementia-Friendly-Map-1024x724.jpg 1024w, https:\/\/edmontongreencentre.co.uk\/wp-content\/uploads\/2023\/09\/Dementia-Friendly-Map-768x543.jpg 768w, https:\/\/edmontongreencentre.co.uk\/wp-content\/uploads\/2023\/09\/Dementia-Friendly-Map-1536x1086.jpg 1536w\" sizes=\"(max-width: 2000px) 100vw, 2000px\" \/>\t\t\t\t\t\t\t\t\t\t\t\t\t\t\t<\/div>\n\t\t\t\t<\/div>\n\t\t\t\t\t<\/div>\n\t\t\t\t<\/div>\n\t\t\t\t<\/div>","protected":false},"excerpt":{"rendered":"<p>Dementia Friendly Edmonton Green Shopping Centre is now an approved member of the Enfield Dementia Alliance. This means we have been recognised by the Alzheimer\u2019s Society as working towards becoming a dementia-friendly community. A dementia-friendly community is a city, town or village where people with dementia are understood, respected and supported. In a dementia-friendly community [&hellip;]<\/p>\n","protected":false},"author":1,"featured_media":0,"parent":0,"menu_order":0,"comment_status":"closed","ping_status":"closed","template":"","meta":{"_acf_changed":false,"site-sidebar-layout":"no-sidebar","site-content-layout":"page-builder","ast-site-content-layout":"full-width-container","site-content-style":"unboxed","site-sidebar-style":"unboxed","ast-global-header-display":"","ast-banner-title-visibility":"","ast-main-header-display":"","ast-hfb-above-header-display":"","ast-hfb-below-header-display":"","ast-hfb-mobile-header-display":"","site-post-title":"disabled","ast-breadcrumbs-content":"","ast-featured-img":"disabled","footer-sml-layout":"","ast-disable-related-posts":"","theme-transparent-header-meta":"","adv-header-id-meta":"","stick-header-meta":"","header-above-stick-meta":"","header-main-stick-meta":"","header-below-stick-meta":"","astra-migrate-meta-layouts":"set","ast-page-background-enabled":"default","ast-page-background-meta":{"desktop":{"background-color":"var(--ast-global-color-4)","background-image":"","background-repeat":"repeat","background-position":"center center","background-size":"auto","background-attachment":"scroll","background-type":"","background-media":"","overlay-type":"","overlay-color":"","overlay-opacity":"","overlay-gradient":""},"tablet":{"background-color":"","background-image":"","background-repeat":"repeat","background-position":"center center","background-size":"auto","background-attachment":"scroll","background-type":"","background-media":"","overlay-type":"","overlay-color":"","overlay-opacity":"","overlay-gradient":""},"mobile":{"background-color":"","background-image":"","background-repeat":"repeat","background-position":"center center","background-size":"auto","background-attachment":"scroll","background-type":"","background-media":"","overlay-type":"","overlay-color":"","overlay-opacity":"","overlay-gradient":""}},"ast-content-background-meta":{"desktop":{"background-color":"var(--ast-global-color-5)","background-image":"","background-repeat":"repeat","background-position":"center center","background-size":"auto","background-attachment":"scroll","background-type":"","background-media":"","overlay-type":"","overlay-color":"","overlay-opacity":"","overlay-gradient":""},"tablet":{"background-color":"var(--ast-global-color-5)","background-image":"","background-repeat":"repeat","background-position":"center center","background-size":"auto","background-attachment":"scroll","background-type":"","background-media":"","overlay-type":"","overlay-color":"","overlay-opacity":"","overlay-gradient":""},"mobile":{"background-color":"var(--ast-global-color-5)","background-image":"","background-repeat":"repeat","background-position":"center center","background-size":"auto","background-attachment":"scroll","background-type":"","background-media":"","overlay-type":"","overlay-color":"","overlay-opacity":"","overlay-gradient":""}},"footnotes":""},"class_list":["post-489","page","type-page","status-publish","hentry"],"acf":[],"_links":{"self":[{"href":"https:\/\/edmontongreencentre.co.uk\/pl\/wp-json\/wp\/v2\/pages\/489","targetHints":{"allow":["GET"]}}],"collection":[{"href":"https:\/\/edmontongreencentre.co.uk\/pl\/wp-json\/wp\/v2\/pages"}],"about":[{"href":"https:\/\/edmontongreencentre.co.uk\/pl\/wp-json\/wp\/v2\/types\/page"}],"author":[{"embeddable":true,"href":"https:\/\/edmontongreencentre.co.uk\/pl\/wp-json\/wp\/v2\/users\/1"}],"replies":[{"embeddable":true,"href":"https:\/\/edmontongreencentre.co.uk\/pl\/wp-json\/wp\/v2\/comments?post=489"}],"version-history":[{"count":0,"href":"https:\/\/edmontongreencentre.co.uk\/pl\/wp-json\/wp\/v2\/pages\/489\/revisions"}],"wp:attachment":[{"href":"https:\/\/edmontongreencentre.co.uk\/pl\/wp-json\/wp\/v2\/media?parent=489"}],"curies":[{"name":"wp","href":"https:\/\/api.w.org\/{rel}","templated":true}]}}