{"id":3,"date":"2023-04-27T14:39:32","date_gmt":"2023-04-27T14:39:32","guid":{"rendered":"https:\/\/edmonton.toolbox.pink\/?page_id=3"},"modified":"2025-06-13T14:54:54","modified_gmt":"2025-06-13T13:54:54","slug":"privacy-policy","status":"publish","type":"page","link":"https:\/\/edmontongreencentre.co.uk\/pt\/privacy-policy\/","title":{"rendered":"pol\u00edtica de Privacidade"},"content":{"rendered":"<p>Estamos comprometidos em proteger sua privacidade e manter suas informa\u00e7\u00f5es pessoais seguras. Esta pol\u00edtica define como coletamos informa\u00e7\u00f5es em nosso site. Isso ajudar\u00e1 voc\u00ea a decidir como deseja usar nosso site, produtos e servi\u00e7os. Todos os dados ser\u00e3o tratados em conformidade com a legisla\u00e7\u00e3o de prote\u00e7\u00e3o de dados vigente no Reino Unido.&nbsp;<\/p>\n\n\n\n<p>Esta pol\u00edtica de privacidade aplica-se apenas a este site. Outros links dentro deste site para outros sites n\u00e3o s\u00e3o abrangidos por esta pol\u00edtica.<\/p>\n\n\n\n<p><\/p>\n\n\n\n<h2 class=\"wp-block-heading\">PROTE\u00c7\u00c3O DE DADOS<\/h2>\n\n\n\n<p>Cumprimos nossas obriga\u00e7\u00f5es sob a Lei de Prote\u00e7\u00e3o de Dados de 1998, relativas \u00e0 manuten\u00e7\u00e3o de dados pessoais. Se mantivermos esse tipo de informa\u00e7\u00e3o sobre voc\u00ea, as utilizaremos apenas para os fins com os quais voc\u00ea concordou.<\/p>\n\n\n\n<p><\/p>\n\n\n\n<h2 class=\"wp-block-heading\">INFORMA\u00c7\u00d5ES QUE COLETAMOS<\/h2>\n\n\n\n<p>Quando voc\u00ea visita nosso site, podemos coletar as seguintes informa\u00e7\u00f5es suas:<\/p>\n\n\n\n<ul class=\"wp-block-list\">\n<li>Informa\u00e7\u00f5es pessoais que voc\u00ea escolhe revelar que coletamos e que nos permitem entrar em contato com voc\u00ea<\/li>\n\n\n\n<li>As informa\u00e7\u00f5es em nosso site s\u00e3o coletadas geralmente enquanto voc\u00ea e outras pessoas navegam em nosso site<\/li>\n\n\n\n<li>Informa\u00e7\u00f5es que nos permitem entrar em contato com voc\u00ea, como seu endere\u00e7o de e-mail<\/li>\n<\/ul>\n\n\n\n<p>Os Dados Pessoais ser\u00e3o coletados, processados e utilizados pelo Edmonton Green Shopping Centre com a finalidade de lhe proporcionar o melhor servi\u00e7o e a melhor experi\u00eancia poss\u00edveis. Observe que seus dados pessoais poder\u00e3o ser processados por uma organiza\u00e7\u00e3o designada, trabalhando em nosso nome para gerenci\u00e1-los da melhor forma poss\u00edvel. Podemos usar os dados que voc\u00ea nos fornecer para entrar em contato com voc\u00ea sobre os servi\u00e7os que oferecemos. A menos que voc\u00ea solicite o contr\u00e1rio, tamb\u00e9m podemos enviar e-mails com as ofertas mais recentes. Sempre lhe daremos a op\u00e7\u00e3o de receber ou n\u00e3o esses e-mails.<\/p>\n\n\n\n<p><\/p>\n\n\n\n<h2 class=\"wp-block-heading\">INFORMA\u00c7\u00d5ES DO SITE<\/h2>\n\n\n\n<p>Coletamos informa\u00e7\u00f5es sobre tend\u00eancias no comportamento do usu\u00e1rio em nosso site para nos mostrar quais partes do site s\u00e3o mais comumente usadas e aquelas que podemos precisar desenvolver para facilitar seu uso.<\/p>\n\n\n\n<p>Esses dados n\u00e3o ser\u00e3o usados em conjunto com dados que o identifiquem como indiv\u00edduo.<\/p>\n\n\n\n<p>N\u00e3o vendemos, alugamos ou trocamos suas informa\u00e7\u00f5es pessoais com terceiros.<\/p>\n\n\n\n<p><\/p>\n\n\n\n<h2 class=\"wp-block-heading\">SUA PERMISS\u00c3O<\/h2>\n\n\n\n<p>Ao usar nosso site, voc\u00ea concorda que coletemos e usemos informa\u00e7\u00f5es conforme descrevemos.<\/p>\n\n\n\n<p>Caso tenha alguma d\u00favida adicional sobre nossa pol\u00edtica de privacidade, entre em contato conosco usando nossa ferramenta de contato.<\/p>\n\n\n\n<p>Se alterarmos nossa pol\u00edtica de privacidade, publicaremos as altera\u00e7\u00f5es nesta p\u00e1gina para que voc\u00ea esteja sempre ciente de:<\/p>\n\n\n\n<ul class=\"wp-block-list\">\n<li>quais informa\u00e7\u00f5es coletamos<\/li>\n\n\n\n<li>como o usamos e em que circunst\u00e2ncias o revelamos<\/li>\n<\/ul>","protected":false},"excerpt":{"rendered":"<p>We are committed to protecting your privacy and keeping your personal information secure. This policy sets out how we collect information on our website. This will help you decide how you want to use our site, products and services. All data will be dealt with in compliance with the current UK data protection legislation.&nbsp; This [&hellip;]<\/p>\n","protected":false},"author":1,"featured_media":0,"parent":0,"menu_order":0,"comment_status":"closed","ping_status":"open","template":"","meta":{"_acf_changed":false,"site-sidebar-layout":"default","site-content-layout":"","ast-site-content-layout":"default","site-content-style":"default","site-sidebar-style":"default","ast-global-header-display":"","ast-banner-title-visibility":"","ast-main-header-display":"","ast-hfb-above-header-display":"","ast-hfb-below-header-display":"","ast-hfb-mobile-header-display":"","site-post-title":"","ast-breadcrumbs-content":"","ast-featured-img":"","footer-sml-layout":"","ast-disable-related-posts":"","theme-transparent-header-meta":"","adv-header-id-meta":"","stick-header-meta":"","header-above-stick-meta":"","header-main-stick-meta":"","header-below-stick-meta":"","astra-migrate-meta-layouts":"set","ast-page-background-enabled":"default","ast-page-background-meta":{"desktop":{"background-color":"var(--ast-global-color-4)","background-image":"","background-repeat":"repeat","background-position":"center center","background-size":"auto","background-attachment":"scroll","background-type":"","background-media":"","overlay-type":"","overlay-color":"","overlay-opacity":"","overlay-gradient":""},"tablet":{"background-color":"","background-image":"","background-repeat":"repeat","background-position":"center center","background-size":"auto","background-attachment":"scroll","background-type":"","background-media":"","overlay-type":"","overlay-color":"","overlay-opacity":"","overlay-gradient":""},"mobile":{"background-color":"","background-image":"","background-repeat":"repeat","background-position":"center center","background-size":"auto","background-attachment":"scroll","background-type":"","background-media":"","overlay-type":"","overlay-color":"","overlay-opacity":"","overlay-gradient":""}},"ast-content-background-meta":{"desktop":{"background-color":"var(--ast-global-color-5)","background-image":"","background-repeat":"repeat","background-position":"center center","background-size":"auto","background-attachment":"scroll","background-type":"","background-media":"","overlay-type":"","overlay-color":"","overlay-opacity":"","overlay-gradient":""},"tablet":{"background-color":"var(--ast-global-color-5)","background-image":"","background-repeat":"repeat","background-position":"center center","background-size":"auto","background-attachment":"scroll","background-type":"","background-media":"","overlay-type":"","overlay-color":"","overlay-opacity":"","overlay-gradient":""},"mobile":{"background-color":"var(--ast-global-color-5)","background-image":"","background-repeat":"repeat","background-position":"center center","background-size":"auto","background-attachment":"scroll","background-type":"","background-media":"","overlay-type":"","overlay-color":"","overlay-opacity":"","overlay-gradient":""}},"footnotes":""},"class_list":["post-3","page","type-page","status-publish","hentry"],"acf":[],"_links":{"self":[{"href":"https:\/\/edmontongreencentre.co.uk\/pt\/wp-json\/wp\/v2\/pages\/3","targetHints":{"allow":["GET"]}}],"collection":[{"href":"https:\/\/edmontongreencentre.co.uk\/pt\/wp-json\/wp\/v2\/pages"}],"about":[{"href":"https:\/\/edmontongreencentre.co.uk\/pt\/wp-json\/wp\/v2\/types\/page"}],"author":[{"embeddable":true,"href":"https:\/\/edmontongreencentre.co.uk\/pt\/wp-json\/wp\/v2\/users\/1"}],"replies":[{"embeddable":true,"href":"https:\/\/edmontongreencentre.co.uk\/pt\/wp-json\/wp\/v2\/comments?post=3"}],"version-history":[{"count":2,"href":"https:\/\/edmontongreencentre.co.uk\/pt\/wp-json\/wp\/v2\/pages\/3\/revisions"}],"predecessor-version":[{"id":3305,"href":"https:\/\/edmontongreencentre.co.uk\/pt\/wp-json\/wp\/v2\/pages\/3\/revisions\/3305"}],"wp:attachment":[{"href":"https:\/\/edmontongreencentre.co.uk\/pt\/wp-json\/wp\/v2\/media?parent=3"}],"curies":[{"name":"wp","href":"https:\/\/api.w.org\/{rel}","templated":true}]}}