{"id":3265,"date":"2025-06-09T14:32:48","date_gmt":"2025-06-09T13:32:48","guid":{"rendered":"https:\/\/edmontongreencentre.co.uk\/?page_id=3265"},"modified":"2025-12-03T14:28:02","modified_gmt":"2025-12-03T14:28:02","slug":"cookie-policy","status":"publish","type":"page","link":"https:\/\/edmontongreencentre.co.uk\/pt\/cookie-policy\/","title":{"rendered":"Pol\u00edtica de Cookies"},"content":{"rendered":"<div data-elementor-type=\"wp-page\" data-elementor-id=\"3265\" class=\"elementor elementor-3265\" data-elementor-post-type=\"page\">\n\t\t\t\t<div class=\"elementor-element elementor-element-c1276f6 e-flex e-con-boxed e-con e-parent\" data-id=\"c1276f6\" data-element_type=\"container\" data-e-type=\"container\">\n\t\t\t\t\t<div class=\"e-con-inner\">\n\t\t\t\t<div class=\"elementor-element elementor-element-cd209a0 elementor-widget elementor-widget-heading\" data-id=\"cd209a0\" data-element_type=\"widget\" data-e-type=\"widget\" data-widget_type=\"heading.default\">\n\t\t\t\t<div class=\"elementor-widget-container\">\n\t\t\t\t\t<h2 class=\"elementor-heading-title elementor-size-default\">Pol\u00edtica de Cookies<\/h2>\t\t\t\t<\/div>\n\t\t\t\t<\/div>\n\t\t\t\t<div class=\"elementor-element elementor-element-0c7648e elementor-widget elementor-widget-text-editor\" data-id=\"0c7648e\" data-element_type=\"widget\" data-e-type=\"widget\" data-widget_type=\"text-editor.default\">\n\t\t\t\t<div class=\"elementor-widget-container\">\n\t\t\t\t\t\t\t\t\t<p>Cookies s\u00e3o arquivos de texto enviados ao seu computador e usados pelo seu navegador para armazenar informa\u00e7\u00f5es. Os cookies que usamos permitem que seu navegador se lembre se voc\u00ea j\u00e1 visitou nosso site e quais s\u00e3o suas prefer\u00eancias.<\/p><p>Assim como na maioria dos sites, usamos cookies para melhorar a sua experi\u00eancia de usu\u00e1rio, permitindo que nosso site &quot;lembre-se de voc\u00ea&quot;, seja durante a sua visita (usando um &quot;cookie de sess\u00e3o&quot;) ou em visitas repetidas (usando um &quot;cookie persistente&quot;). Tamb\u00e9m usamos dois tipos diferentes de cookies: prim\u00e1rios (que possu\u00edmos) e de terceiros (quando permitimos que um terceiro, como o Google, defina cookies no seu computador ou dispositivo m\u00f3vel).<\/p><p>Os cookies realizam diversas fun\u00e7\u00f5es, como permitir que voc\u00ea navegue entre as p\u00e1ginas com efici\u00eancia, armazenar suas prefer\u00eancias e, de modo geral, melhorar sua experi\u00eancia em um site. Os cookies tornam a intera\u00e7\u00e3o entre voc\u00ea e o site mais r\u00e1pida e f\u00e1cil. Se um site n\u00e3o usa cookies, ele considerar\u00e1 que voc\u00ea \u00e9 um novo visitante sempre que voc\u00ea acessar uma nova p\u00e1gina \u2013 por exemplo, quando voc\u00ea insere seus dados de login e acessa outra p\u00e1gina, ele n\u00e3o o reconhecer\u00e1 e n\u00e3o conseguir\u00e1 mant\u00ea-lo conectado.<\/p><h4 class=\"wp-block-heading\">Como recusar ou retirar o consentimento<\/h4><p>Embora os cookies que utilizamos neste site sejam inofensivos e n\u00e3o revelem sua identidade, nem todos desejam que arquivos de texto sejam baixados em seus computadores ou dispositivos m\u00f3veis. Se preferir, \u00e9 poss\u00edvel bloquear alguns ou todos os cookies, ou at\u00e9 mesmo excluir cookies j\u00e1 configurados; por\u00e9m, voc\u00ea precisa estar ciente de que poder\u00e1 perder algumas funcionalidades deste site.<\/p><p>Voc\u00ea pode gerenciar como os cookies interagem com seu computador ou dispositivo m\u00f3vel por meio do seu navegador (por exemplo, Internet Explorer, Chrome, Safari, Firefox, Android), para ser alertado quando cookies s\u00e3o enviados ou para recus\u00e1-los completamente. Voc\u00ea tamb\u00e9m pode excluir cookies que j\u00e1 foram definidos.<\/p><p>H\u00e1 tamb\u00e9m um site muito \u00fatil que explica como controlar sua intera\u00e7\u00e3o com cookies \u2013 visite este site para obter mais informa\u00e7\u00f5es:<\/p><p><a href=\"https:\/\/www.aboutcookies.org\/\" target=\"_blank\" rel=\"noreferrer noopener\">Sobre Cookies<\/a><\/p><p>O site da BBC tamb\u00e9m possui uma se\u00e7\u00e3o clara e abrangente que explica o que a empresa faz e como funciona. Esteja ciente de que esta se\u00e7\u00e3o \u00e9 destinada aos usu\u00e1rios do site da BBC, que utiliza mais cookies do que o nosso.<\/p><p><a href=\"http:\/\/www.bbc.co.uk\/usingthebbc\/cookies\/\" target=\"_blank\" rel=\"noreferrer noopener\">Biscoitos da BBC<\/a><\/p>\t\t\t\t\t\t\t\t<\/div>\n\t\t\t\t<\/div>\n\t\t\t\t<div class=\"elementor-element elementor-element-7ff4374 elementor-widget elementor-widget-html\" data-id=\"7ff4374\" data-element_type=\"widget\" data-e-type=\"widget\" data-widget_type=\"html.default\">\n\t\t\t\t<div class=\"elementor-widget-container\">\n\t\t\t\t\t<div id=\"ot-sdk-cookie-policy\"><\/div>\t\t\t\t<\/div>\n\t\t\t\t<\/div>\n\t\t\t\t\t<\/div>\n\t\t\t\t<\/div>\n\t\t\t\t<\/div>","protected":false},"excerpt":{"rendered":"<p>Cookie Policy Cookies are text files sent to your computer and used by your web browser to store information. The cookies we use allow your browser to remember whether you\u2019ve visited our site before and what your preferences are. As with most websites we use cookies to improve your user experience by enabling our website [&hellip;]<\/p>\n","protected":false},"author":1,"featured_media":0,"parent":0,"menu_order":0,"comment_status":"closed","ping_status":"closed","template":"","meta":{"_acf_changed":false,"site-sidebar-layout":"no-sidebar","site-content-layout":"page-builder","ast-site-content-layout":"full-width-container","site-content-style":"unboxed","site-sidebar-style":"unboxed","ast-global-header-display":"","ast-banner-title-visibility":"","ast-main-header-display":"","ast-hfb-above-header-display":"","ast-hfb-below-header-display":"","ast-hfb-mobile-header-display":"","site-post-title":"disabled","ast-breadcrumbs-content":"","ast-featured-img":"disabled","footer-sml-layout":"","ast-disable-related-posts":"","theme-transparent-header-meta":"","adv-header-id-meta":"","stick-header-meta":"","header-above-stick-meta":"","header-main-stick-meta":"","header-below-stick-meta":"","astra-migrate-meta-layouts":"set","ast-page-background-enabled":"default","ast-page-background-meta":{"desktop":{"background-color":"var(--ast-global-color-4)","background-image":"","background-repeat":"repeat","background-position":"center center","background-size":"auto","background-attachment":"scroll","background-type":"","background-media":"","overlay-type":"","overlay-color":"","overlay-opacity":"","overlay-gradient":""},"tablet":{"background-color":"","background-image":"","background-repeat":"repeat","background-position":"center center","background-size":"auto","background-attachment":"scroll","background-type":"","background-media":"","overlay-type":"","overlay-color":"","overlay-opacity":"","overlay-gradient":""},"mobile":{"background-color":"","background-image":"","background-repeat":"repeat","background-position":"center center","background-size":"auto","background-attachment":"scroll","background-type":"","background-media":"","overlay-type":"","overlay-color":"","overlay-opacity":"","overlay-gradient":""}},"ast-content-background-meta":{"desktop":{"background-color":"var(--ast-global-color-5)","background-image":"","background-repeat":"repeat","background-position":"center center","background-size":"auto","background-attachment":"scroll","background-type":"","background-media":"","overlay-type":"","overlay-color":"","overlay-opacity":"","overlay-gradient":""},"tablet":{"background-color":"var(--ast-global-color-5)","background-image":"","background-repeat":"repeat","background-position":"center center","background-size":"auto","background-attachment":"scroll","background-type":"","background-media":"","overlay-type":"","overlay-color":"","overlay-opacity":"","overlay-gradient":""},"mobile":{"background-color":"var(--ast-global-color-5)","background-image":"","background-repeat":"repeat","background-position":"center center","background-size":"auto","background-attachment":"scroll","background-type":"","background-media":"","overlay-type":"","overlay-color":"","overlay-opacity":"","overlay-gradient":""}},"footnotes":""},"class_list":["post-3265","page","type-page","status-publish","hentry"],"acf":[],"_links":{"self":[{"href":"https:\/\/edmontongreencentre.co.uk\/pt\/wp-json\/wp\/v2\/pages\/3265","targetHints":{"allow":["GET"]}}],"collection":[{"href":"https:\/\/edmontongreencentre.co.uk\/pt\/wp-json\/wp\/v2\/pages"}],"about":[{"href":"https:\/\/edmontongreencentre.co.uk\/pt\/wp-json\/wp\/v2\/types\/page"}],"author":[{"embeddable":true,"href":"https:\/\/edmontongreencentre.co.uk\/pt\/wp-json\/wp\/v2\/users\/1"}],"replies":[{"embeddable":true,"href":"https:\/\/edmontongreencentre.co.uk\/pt\/wp-json\/wp\/v2\/comments?post=3265"}],"version-history":[{"count":3,"href":"https:\/\/edmontongreencentre.co.uk\/pt\/wp-json\/wp\/v2\/pages\/3265\/revisions"}],"predecessor-version":[{"id":3528,"href":"https:\/\/edmontongreencentre.co.uk\/pt\/wp-json\/wp\/v2\/pages\/3265\/revisions\/3528"}],"wp:attachment":[{"href":"https:\/\/edmontongreencentre.co.uk\/pt\/wp-json\/wp\/v2\/media?parent=3265"}],"curies":[{"name":"wp","href":"https:\/\/api.w.org\/{rel}","templated":true}]}}