{"id":456,"date":"2023-09-27T12:00:03","date_gmt":"2023-09-27T12:00:03","guid":{"rendered":"https:\/\/edmonton.toolbox.pink\/?page_id=456"},"modified":"2023-11-28T08:47:43","modified_gmt":"2023-11-28T08:47:43","slug":"getting-here","status":"publish","type":"page","link":"https:\/\/edmontongreencentre.co.uk\/pt\/getting-here\/","title":{"rendered":"Como chegar aqui"},"content":{"rendered":"<div data-elementor-type=\"wp-page\" data-elementor-id=\"456\" class=\"elementor elementor-456\" data-elementor-post-type=\"page\">\n\t\t\t\t<div class=\"elementor-element elementor-element-0d8ca90 e-con-full e-flex e-con e-parent\" data-id=\"0d8ca90\" data-element_type=\"container\" data-e-type=\"container\">\n\t\t<div class=\"elementor-element elementor-element-a2906f9 e-con-full e-flex e-con e-child\" data-id=\"a2906f9\" data-element_type=\"container\" data-e-type=\"container\" data-settings=\"{&quot;background_background&quot;:&quot;classic&quot;}\">\n\t\t\t\t<div class=\"elementor-element elementor-element-9594dcc elementor-widget elementor-widget-heading\" data-id=\"9594dcc\" data-element_type=\"widget\" data-e-type=\"widget\" data-widget_type=\"heading.default\">\n\t\t\t\t<div class=\"elementor-widget-container\">\n\t\t\t\t\t<h1 class=\"elementor-heading-title elementor-size-default\">Como chegar aqui<\/h1>\t\t\t\t<\/div>\n\t\t\t\t<\/div>\n\t\t\t\t<\/div>\n\t\t\t\t<\/div>\n\t\t<div class=\"elementor-element elementor-element-a4b07de e-flex e-con-boxed e-con e-parent\" data-id=\"a4b07de\" data-element_type=\"container\" data-e-type=\"container\" data-settings=\"{&quot;background_background&quot;:&quot;classic&quot;}\">\n\t\t\t\t\t<div class=\"e-con-inner\">\n\t\t<div class=\"elementor-element elementor-element-9001bd3 e-con-full e-flex e-con e-child\" data-id=\"9001bd3\" data-element_type=\"container\" data-e-type=\"container\">\n\t\t\t\t<div class=\"elementor-element elementor-element-91c4503 elementor-widget__width-inherit elementor-widget elementor-widget-text-editor\" data-id=\"91c4503\" data-element_type=\"widget\" data-e-type=\"widget\" data-widget_type=\"text-editor.default\">\n\t\t\t\t<div class=\"elementor-widget-container\">\n\t\t\t\t\t\t\t\t\t<h3>De carro<\/h3><p>GPS: N9 0TZ<\/p><p>Se voc\u00ea estiver dirigindo, Edmonton Green \u00e9 totalmente acess\u00edvel pelas principais estradas, incluindo M25, M11, M1, A406 e A10.<\/p><p>Temos 1.000 vagas de estacionamento em quatro estacionamentos, incluindo vagas para fam\u00edlias e vagas acess\u00edveis para portadores de cart\u00e3o azul. Veja as tarifas de estacionamento. <a href=\"https:\/\/edmontongreencentre.co.uk\/pt\/car-park\/\">AQUI<\/a>.<\/p><h3>De \u00f4nibus<\/h3><p>Edmonton Green tem sua pr\u00f3pria esta\u00e7\u00e3o rodovi\u00e1ria, atendendo as linhas 102, 144, 149, 259, 279, 349, 491 e N279. Para planejar sua viagem de \u00f4nibus, visite <a href=\"https:\/\/tfl.gov.uk\/maps\/bus?Input=Edmonton+Green+Bus+Station&amp;InputGeolocation=51.625201%2C-0.059194&amp;searchBoxType=bus\" target=\"_blank\" rel=\"noopener\">CLIQUE AQUI<\/a>.<\/p><h3>De trem<\/h3><p>A esta\u00e7\u00e3o de trem Edmonton Green fica a poucos minutos a p\u00e9 do centro.<\/p><p>Os servi\u00e7os fornecidos pela Greater Anglia v\u00e3o em dire\u00e7\u00e3o ao norte at\u00e9 Enfield Town, com escalas em Bush Hill Park, e Cheshunt, com escalas em Southbury, Turkey Street e Theobalds Grove.<\/p><p>Servi\u00e7os em dire\u00e7\u00e3o ao sul para London Liverpool Street, com escalas em Silver Street, White Hart Lane, Bruce Grove, Seven Sisters (para a Linha Victoria do metr\u00f4 de Londres), Stamford Hill, Stoke Newington, Rectory Road, Hackney Downs, London Fields, Cambridge Heath e Bethnal Green.<\/p><p>Para planejar sua viagem de trem <a href=\"https:\/\/www.nationalrail.co.uk\/\" target=\"_blank\" rel=\"noopener\">CLIQUE AQUI<\/a>.<\/p><h3>Entregas Comerciais<\/h3><p>As entregas comerciais podem ser feitas utilizando as seguintes \u00e1reas de servi\u00e7o:<\/p><p>\u00c1rea de servi\u00e7o 1 \u2013 The Green A1010 N9 0TQ<br \/>\u00c1rea de servi\u00e7o 2 \u2013 The Broadway A1010 N9 0TW<br \/>\u00c1rea de servi\u00e7o 3 \u2013 Plevna Road N9 0TN<br \/>\u00c1rea de servi\u00e7o 4 \u2013 Plevna Road N9 0TN<br \/>\u00c1rea de servi\u00e7o 6 \u2013 Plevna Road N9 0TN<br \/>\u00c1rea de servi\u00e7o 7 \u2013 Plevna Road N9 0TE<br \/>\u00c1rea de servi\u00e7o 8 \u2013 Plevna Road N9 0TZ<br \/>\u00c1rea de servi\u00e7o 9 \u2013 Plevna Road N9 0TZ<br \/>\u00c1rea de servi\u00e7o 10 \u2013 Plevna Road N9 0EH<br \/>\u00c1rea de servi\u00e7o 11 \u2013 Plevna Road N9 0EH<br \/>\u00c1rea de servi\u00e7o 12 \u2013 Hertford Road N9 0HW<\/p>\t\t\t\t\t\t\t\t<\/div>\n\t\t\t\t<\/div>\n\t\t\t\t<\/div>\n\t\t<div class=\"elementor-element elementor-element-45934cc e-con-full e-flex e-con e-child\" data-id=\"45934cc\" data-element_type=\"container\" data-e-type=\"container\">\n\t\t\t\t<div class=\"elementor-element elementor-element-b031708 elementor-widget elementor-widget-google_maps\" data-id=\"b031708\" data-element_type=\"widget\" data-e-type=\"widget\" data-widget_type=\"google_maps.default\">\n\t\t\t\t<div class=\"elementor-widget-container\">\n\t\t\t\t\t\t\t<div class=\"elementor-custom-embed\">\n\t\t\t<iframe loading=\"lazy\"\n\t\t\t\t\tsrc=\"https:\/\/maps.google.com\/maps?q=Edmonton%20Green%20Shopping%20Centre&#038;t=m&#038;z=16&#038;output=embed&#038;iwloc=near\"\n\t\t\t\t\ttitle=\"Centro Comercial Edmonton Green\"\n\t\t\t\t\taria-label=\"Centro Comercial Edmonton Green\"\n\t\t\t><\/iframe>\n\t\t<\/div>\n\t\t\t\t\t\t<\/div>\n\t\t\t\t<\/div>\n\t\t\t\t<\/div>\n\t\t\t\t\t<\/div>\n\t\t\t\t<\/div>\n\t\t\t\t<\/div>","protected":false},"excerpt":{"rendered":"<p>Getting Here By Car SAT NAV: N9 0TZ If you are driving, Edmonton Green is fully accessible from major roads including the M25, M11, M1, A406 and A10. We have 1,000 car parking spaces across four car parks, including family spaces and accessibility spaces for blue badge holders. View the parking tariffs HERE. By Bus [&hellip;]<\/p>\n","protected":false},"author":1,"featured_media":0,"parent":0,"menu_order":0,"comment_status":"closed","ping_status":"closed","template":"","meta":{"_acf_changed":false,"site-sidebar-layout":"no-sidebar","site-content-layout":"page-builder","ast-site-content-layout":"full-width-container","site-content-style":"unboxed","site-sidebar-style":"unboxed","ast-global-header-display":"","ast-banner-title-visibility":"","ast-main-header-display":"","ast-hfb-above-header-display":"","ast-hfb-below-header-display":"","ast-hfb-mobile-header-display":"","site-post-title":"disabled","ast-breadcrumbs-content":"","ast-featured-img":"disabled","footer-sml-layout":"","ast-disable-related-posts":"","theme-transparent-header-meta":"","adv-header-id-meta":"","stick-header-meta":"","header-above-stick-meta":"","header-main-stick-meta":"","header-below-stick-meta":"","astra-migrate-meta-layouts":"set","ast-page-background-enabled":"default","ast-page-background-meta":{"desktop":{"background-color":"var(--ast-global-color-4)","background-image":"","background-repeat":"repeat","background-position":"center center","background-size":"auto","background-attachment":"scroll","background-type":"","background-media":"","overlay-type":"","overlay-color":"","overlay-opacity":"","overlay-gradient":""},"tablet":{"background-color":"","background-image":"","background-repeat":"repeat","background-position":"center center","background-size":"auto","background-attachment":"scroll","background-type":"","background-media":"","overlay-type":"","overlay-color":"","overlay-opacity":"","overlay-gradient":""},"mobile":{"background-color":"","background-image":"","background-repeat":"repeat","background-position":"center center","background-size":"auto","background-attachment":"scroll","background-type":"","background-media":"","overlay-type":"","overlay-color":"","overlay-opacity":"","overlay-gradient":""}},"ast-content-background-meta":{"desktop":{"background-color":"var(--ast-global-color-5)","background-image":"","background-repeat":"repeat","background-position":"center center","background-size":"auto","background-attachment":"scroll","background-type":"","background-media":"","overlay-type":"","overlay-color":"","overlay-opacity":"","overlay-gradient":""},"tablet":{"background-color":"var(--ast-global-color-5)","background-image":"","background-repeat":"repeat","background-position":"center center","background-size":"auto","background-attachment":"scroll","background-type":"","background-media":"","overlay-type":"","overlay-color":"","overlay-opacity":"","overlay-gradient":""},"mobile":{"background-color":"var(--ast-global-color-5)","background-image":"","background-repeat":"repeat","background-position":"center center","background-size":"auto","background-attachment":"scroll","background-type":"","background-media":"","overlay-type":"","overlay-color":"","overlay-opacity":"","overlay-gradient":""}},"footnotes":""},"class_list":["post-456","page","type-page","status-publish","hentry"],"acf":[],"_links":{"self":[{"href":"https:\/\/edmontongreencentre.co.uk\/pt\/wp-json\/wp\/v2\/pages\/456","targetHints":{"allow":["GET"]}}],"collection":[{"href":"https:\/\/edmontongreencentre.co.uk\/pt\/wp-json\/wp\/v2\/pages"}],"about":[{"href":"https:\/\/edmontongreencentre.co.uk\/pt\/wp-json\/wp\/v2\/types\/page"}],"author":[{"embeddable":true,"href":"https:\/\/edmontongreencentre.co.uk\/pt\/wp-json\/wp\/v2\/users\/1"}],"replies":[{"embeddable":true,"href":"https:\/\/edmontongreencentre.co.uk\/pt\/wp-json\/wp\/v2\/comments?post=456"}],"version-history":[{"count":0,"href":"https:\/\/edmontongreencentre.co.uk\/pt\/wp-json\/wp\/v2\/pages\/456\/revisions"}],"wp:attachment":[{"href":"https:\/\/edmontongreencentre.co.uk\/pt\/wp-json\/wp\/v2\/media?parent=456"}],"curies":[{"name":"wp","href":"https:\/\/api.w.org\/{rel}","templated":true}]}}