{"id":467,"date":"2023-09-27T12:30:01","date_gmt":"2023-09-27T12:30:01","guid":{"rendered":"https:\/\/edmonton.toolbox.pink\/?page_id=467"},"modified":"2026-02-08T18:02:23","modified_gmt":"2026-02-08T18:02:23","slug":"car-park","status":"publish","type":"page","link":"https:\/\/edmontongreencentre.co.uk\/pt\/car-park\/","title":{"rendered":"Estacionamento"},"content":{"rendered":"<div data-elementor-type=\"wp-page\" data-elementor-id=\"467\" class=\"elementor elementor-467\" data-elementor-post-type=\"page\">\n\t\t\t\t<div class=\"elementor-element elementor-element-0d8ca90 e-con-full e-flex e-con e-parent\" data-id=\"0d8ca90\" data-element_type=\"container\" data-e-type=\"container\">\n\t\t<div class=\"elementor-element elementor-element-a2906f9 e-con-full e-flex e-con e-child\" data-id=\"a2906f9\" data-element_type=\"container\" data-e-type=\"container\" data-settings=\"{&quot;background_background&quot;:&quot;classic&quot;}\">\n\t\t\t\t<div class=\"elementor-element elementor-element-9594dcc elementor-widget elementor-widget-heading\" data-id=\"9594dcc\" data-element_type=\"widget\" data-e-type=\"widget\" data-widget_type=\"heading.default\">\n\t\t\t\t<div class=\"elementor-widget-container\">\n\t\t\t\t\t<h1 class=\"elementor-heading-title elementor-size-default\">Estacionamento<\/h1>\t\t\t\t<\/div>\n\t\t\t\t<\/div>\n\t\t\t\t<\/div>\n\t\t\t\t<\/div>\n\t\t<div class=\"elementor-element elementor-element-a4b07de e-flex e-con-boxed e-con e-parent\" data-id=\"a4b07de\" data-element_type=\"container\" data-e-type=\"container\" data-settings=\"{&quot;background_background&quot;:&quot;classic&quot;}\">\n\t\t\t\t\t<div class=\"e-con-inner\">\n\t\t<div class=\"elementor-element elementor-element-9001bd3 e-con-full e-flex e-con e-child\" data-id=\"9001bd3\" data-element_type=\"container\" data-e-type=\"container\">\n\t\t\t\t<div class=\"elementor-element elementor-element-c58abbe elementor-widget__width-inherit elementor-widget elementor-widget-text-editor\" data-id=\"c58abbe\" data-element_type=\"widget\" data-e-type=\"widget\" data-widget_type=\"text-editor.default\">\n\t\t\t\t<div class=\"elementor-widget-container\">\n\t\t\t\t\t\t\t\t\t<p>O Edmonton Green tem 964 vagas de estacionamento com um sistema ANPR, ent\u00e3o basta visitar uma m\u00e1quina de pagamento ao sair do centro.<\/p><p>H\u00e1 77 vagas adicionais acess\u00edveis para portadores de crach\u00e1 azul e 9 vagas para pais.<\/p>\t\t\t\t\t\t\t\t<\/div>\n\t\t\t\t<\/div>\n\t\t\t\t<div class=\"elementor-element elementor-element-10998ce elementor-widget elementor-widget-shortcode\" data-id=\"10998ce\" data-element_type=\"widget\" data-e-type=\"widget\" data-widget_type=\"shortcode.default\">\n\t\t\t\t<div class=\"elementor-widget-container\">\n\t\t\t\t\t\t\t<div class=\"elementor-shortcode\">\n<table id=\"tablepress-1\" class=\"tablepress tablepress-id-1\">\n<tbody>\n<tr class=\"row-1\">\n\t<td class=\"column-1\">Estacionamento<\/td><td class=\"column-2\">Ba\u00edas<\/td><td class=\"column-3\">Distintivo Azul<\/td><td class=\"column-4\">Pais<\/td><td class=\"column-5\">M\u00e1quina de pagamento<\/td>\n<\/tr>\n<tr class=\"row-2\">\n\t<td class=\"column-1\">Sul Inferior<\/td><td class=\"column-2\">175<\/td><td class=\"column-3\">37<\/td><td class=\"column-4\">6<\/td><td class=\"column-5\">Tr\u00eas m\u00e1quinas somente com cart\u00e3o no Asda<\/td>\n<\/tr>\n<tr class=\"row-3\">\n\t<td class=\"column-1\">Sul Superior<\/td><td class=\"column-2\">196<\/td><td class=\"column-3\">0<\/td><td class=\"column-4\">0<\/td><td class=\"column-5\">Nenhuma m\u00e1quina<\/td>\n<\/tr>\n<tr class=\"row-4\">\n\t<td class=\"column-1\">Norte<\/td><td class=\"column-2\">160<\/td><td class=\"column-3\">19<\/td><td class=\"column-4\">0<\/td><td class=\"column-5\">Duas m\u00e1quinas somente com cart\u00e3o<\/td>\n<\/tr>\n<tr class=\"row-5\">\n\t<td class=\"column-1\">V\u00e1rios andares<\/td><td class=\"column-2\">401<\/td><td class=\"column-3\">19<\/td><td class=\"column-4\">3<\/td><td class=\"column-5\">Cart\u00e3o somente no t\u00e9rreo<\/td>\n<\/tr>\n<tr class=\"row-6\">\n\t<td class=\"column-1\">Estadia curta<\/td><td class=\"column-2\">32<\/td><td class=\"column-3\">2<\/td><td class=\"column-4\">0<\/td><td class=\"column-5\">Uma m\u00e1quina somente com cart\u00e3o<\/td>\n<\/tr>\n<\/tbody>\n<\/table>\n<\/div>\n\t\t\t\t\t\t<\/div>\n\t\t\t\t<\/div>\n\t\t\t\t<div class=\"elementor-element elementor-element-91c4503 elementor-widget__width-inherit elementor-widget elementor-widget-text-editor\" data-id=\"91c4503\" data-element_type=\"widget\" data-e-type=\"widget\" data-widget_type=\"text-editor.default\">\n\t\t\t\t<div class=\"elementor-widget-container\">\n\t\t\t\t\t\t\t\t\t<p><span style=\"font-style: inherit; font-weight: inherit; background-color: var( --e-global-color-astglobalcolor5 ); color: var(--ast-global-color-0);\">H\u00e1 tamb\u00e9m um caixa eletr\u00f4nico e de cart\u00e3o no South Mall, pr\u00f3ximo ao Greggs.<\/span><\/p><p><a href=\"https:\/\/edmontongreencentre.co.uk\/wp-content\/uploads\/2024\/10\/TR-Edmonton-Green_Autumn2024.pdf\" target=\"_blank\" rel=\"noopener\">Veja o mapa do nosso centro aqui.<\/a><\/p>\t\t\t\t\t\t\t\t<\/div>\n\t\t\t\t<\/div>\n\t\t\t\t<\/div>\n\t\t<div class=\"elementor-element elementor-element-45934cc e-con-full e-flex e-con e-child\" data-id=\"45934cc\" data-element_type=\"container\" data-e-type=\"container\">\n\t\t\t\t<div class=\"elementor-element elementor-element-22cb228 elementor-widget__width-inherit elementor-widget elementor-widget-text-editor\" data-id=\"22cb228\" data-element_type=\"widget\" data-e-type=\"widget\" data-widget_type=\"text-editor.default\">\n\t\t\t\t<div class=\"elementor-widget-container\">\n\t\t\t\t\t\t\t\t\t<h3>Tarifas<\/h3><p>At\u00e9 1 hora\u2026 \u00a31,50<br \/>At\u00e9 3 horas\u2026 \u00a33,00<br \/>At\u00e9 5 horas\u2026 \u00a35,00<br \/>6 a 24 horas\u2026..\u00a310,00<br \/>Passe mensal\u2026..\u00a3 75,00 (apenas estacionamento de longa dura\u00e7\u00e3o)<\/p><h4>Tarifas de estacionamento de curta dura\u00e7\u00e3o\u00a0<br \/><span style=\"font-style: inherit; font-weight: inherit; background-color: var( --e-global-color-astglobalcolor5 ); color: var(--ast-global-color-0);\">aplicar de segunda a domingo<\/span><\/h4><p>0-20 minutos\u2026\u2026\u2026\u2026\u2026\u2026.Gr\u00e1tis<\/p><p>20 minutos a 1 hora\u2026\u00a310<\/p><p><strong>Estacione gratuitamente com um selo azul<\/strong><\/p><p>Se voc\u00ea tiver um Blue Badge v\u00e1lido ou estiver dirigindo um passageiro que possua um crach\u00e1 v\u00e1lido, voc\u00ea pode solicitar estacionamento GRATUITO no shopping center Edmonton Green preenchendo o formul\u00e1rio <a href=\"https:\/\/edmontongreencentre.co.uk\/wp-content\/uploads\/2023\/09\/BlueBadge.pdf\"><span style=\"text-decoration: underline;\"><strong>aqui<\/strong><\/span><\/a>, ou ligue para 0208 8034 414 para obter mais informa\u00e7\u00f5es.<\/p><p>Para saber mais sobre as regras e restri\u00e7\u00f5es de estacionamento para portadores de defici\u00eancia, clique em <a href=\"https:\/\/edmontongreencentre.co.uk\/pt\/blue-badge\/\"><span style=\"text-decoration: underline;\"><strong>aqui<\/strong><\/span><\/a>.<\/p><p>Caso tenha alguma d\u00favida ou esteja interessado em um Passe Mensal,<br \/>entre em contato com nosso suporte ao cliente 24 horas por dia, 7 dias por semana, pelo telefone 03700427216 ou envie um e-mail<br \/><a href=\"mailto:clearpark@g24.co.uk\">clearpark@g24.co.uk<\/a> para assist\u00eancia.<\/p><p>O propriet\u00e1rio do Edmonton Green reserva-se o direito de alterar as tarifas a qualquer momento.<\/p><p>O Edmonton Green Shopping Centre ou seu agente de gest\u00e3o contratado para os estacionamentos n\u00e3o se responsabilizam por perdas ou danos a ve\u00edculos ou conte\u00fados dentro dos estacionamentos.<\/p><h3>Restri\u00e7\u00f5es de altura<\/h3><p>Curta dura\u00e7\u00e3o \u2013 2,2 m <br \/>Rampa Asda \u2013 2,2 m Restri\u00e7\u00e3o de altura e restri\u00e7\u00e3o de peso de 2,5 T<br \/>MSCP \u2013 2,0 m<\/p>\t\t\t\t\t\t\t\t<\/div>\n\t\t\t\t<\/div>\n\t\t\t\t<\/div>\n\t\t\t\t\t<\/div>\n\t\t\t\t<\/div>\n\t\t\t\t<\/div>","protected":false},"excerpt":{"rendered":"<p>Parking Edmonton Green has 964 parking spaces with an ANPR system so simply visit a pay machine as you leave the centre. There are an additional 77 accessible bays for blue badge holders and 9 parent bays. There is also a card and cash machine located on South Mall next to Greggs. View our centre [&hellip;]<\/p>\n","protected":false},"author":1,"featured_media":0,"parent":0,"menu_order":0,"comment_status":"closed","ping_status":"closed","template":"","meta":{"_acf_changed":false,"site-sidebar-layout":"no-sidebar","site-content-layout":"page-builder","ast-site-content-layout":"full-width-container","site-content-style":"unboxed","site-sidebar-style":"unboxed","ast-global-header-display":"","ast-banner-title-visibility":"","ast-main-header-display":"","ast-hfb-above-header-display":"","ast-hfb-below-header-display":"","ast-hfb-mobile-header-display":"","site-post-title":"disabled","ast-breadcrumbs-content":"","ast-featured-img":"disabled","footer-sml-layout":"","ast-disable-related-posts":"","theme-transparent-header-meta":"","adv-header-id-meta":"","stick-header-meta":"","header-above-stick-meta":"","header-main-stick-meta":"","header-below-stick-meta":"","astra-migrate-meta-layouts":"set","ast-page-background-enabled":"default","ast-page-background-meta":{"desktop":{"background-color":"var(--ast-global-color-4)","background-image":"","background-repeat":"repeat","background-position":"center center","background-size":"auto","background-attachment":"scroll","background-type":"","background-media":"","overlay-type":"","overlay-color":"","overlay-opacity":"","overlay-gradient":""},"tablet":{"background-color":"","background-image":"","background-repeat":"repeat","background-position":"center center","background-size":"auto","background-attachment":"scroll","background-type":"","background-media":"","overlay-type":"","overlay-color":"","overlay-opacity":"","overlay-gradient":""},"mobile":{"background-color":"","background-image":"","background-repeat":"repeat","background-position":"center center","background-size":"auto","background-attachment":"scroll","background-type":"","background-media":"","overlay-type":"","overlay-color":"","overlay-opacity":"","overlay-gradient":""}},"ast-content-background-meta":{"desktop":{"background-color":"var(--ast-global-color-5)","background-image":"","background-repeat":"repeat","background-position":"center center","background-size":"auto","background-attachment":"scroll","background-type":"","background-media":"","overlay-type":"","overlay-color":"","overlay-opacity":"","overlay-gradient":""},"tablet":{"background-color":"var(--ast-global-color-5)","background-image":"","background-repeat":"repeat","background-position":"center center","background-size":"auto","background-attachment":"scroll","background-type":"","background-media":"","overlay-type":"","overlay-color":"","overlay-opacity":"","overlay-gradient":""},"mobile":{"background-color":"var(--ast-global-color-5)","background-image":"","background-repeat":"repeat","background-position":"center center","background-size":"auto","background-attachment":"scroll","background-type":"","background-media":"","overlay-type":"","overlay-color":"","overlay-opacity":"","overlay-gradient":""}},"footnotes":""},"class_list":["post-467","page","type-page","status-publish","hentry"],"acf":[],"_links":{"self":[{"href":"https:\/\/edmontongreencentre.co.uk\/pt\/wp-json\/wp\/v2\/pages\/467","targetHints":{"allow":["GET"]}}],"collection":[{"href":"https:\/\/edmontongreencentre.co.uk\/pt\/wp-json\/wp\/v2\/pages"}],"about":[{"href":"https:\/\/edmontongreencentre.co.uk\/pt\/wp-json\/wp\/v2\/types\/page"}],"author":[{"embeddable":true,"href":"https:\/\/edmontongreencentre.co.uk\/pt\/wp-json\/wp\/v2\/users\/1"}],"replies":[{"embeddable":true,"href":"https:\/\/edmontongreencentre.co.uk\/pt\/wp-json\/wp\/v2\/comments?post=467"}],"version-history":[{"count":6,"href":"https:\/\/edmontongreencentre.co.uk\/pt\/wp-json\/wp\/v2\/pages\/467\/revisions"}],"predecessor-version":[{"id":3620,"href":"https:\/\/edmontongreencentre.co.uk\/pt\/wp-json\/wp\/v2\/pages\/467\/revisions\/3620"}],"wp:attachment":[{"href":"https:\/\/edmontongreencentre.co.uk\/pt\/wp-json\/wp\/v2\/media?parent=467"}],"curies":[{"name":"wp","href":"https:\/\/api.w.org\/{rel}","templated":true}]}}