{"id":472,"date":"2023-09-27T12:33:14","date_gmt":"2023-09-27T12:33:14","guid":{"rendered":"https:\/\/edmonton.toolbox.pink\/?page_id=472"},"modified":"2024-10-11T08:54:28","modified_gmt":"2024-10-11T07:54:28","slug":"facilities","status":"publish","type":"page","link":"https:\/\/edmontongreencentre.co.uk\/pt\/facilities\/","title":{"rendered":"Instala\u00e7\u00f5es"},"content":{"rendered":"<div data-elementor-type=\"wp-page\" data-elementor-id=\"472\" class=\"elementor elementor-472\" data-elementor-post-type=\"page\">\n\t\t\t\t<div class=\"elementor-element elementor-element-0d8ca90 e-con-full e-flex e-con e-parent\" data-id=\"0d8ca90\" data-element_type=\"container\" data-e-type=\"container\">\n\t\t<div class=\"elementor-element elementor-element-a2906f9 e-con-full e-flex e-con e-child\" data-id=\"a2906f9\" data-element_type=\"container\" data-e-type=\"container\" data-settings=\"{&quot;background_background&quot;:&quot;classic&quot;}\">\n\t\t\t\t<div class=\"elementor-element elementor-element-9594dcc elementor-widget elementor-widget-heading\" data-id=\"9594dcc\" data-element_type=\"widget\" data-e-type=\"widget\" data-widget_type=\"heading.default\">\n\t\t\t\t<div class=\"elementor-widget-container\">\n\t\t\t\t\t<h1 class=\"elementor-heading-title elementor-size-default\">Instala\u00e7\u00f5es<\/h1>\t\t\t\t<\/div>\n\t\t\t\t<\/div>\n\t\t\t\t<\/div>\n\t\t\t\t<\/div>\n\t\t<div class=\"elementor-element elementor-element-a4b07de e-flex e-con-boxed e-con e-parent\" data-id=\"a4b07de\" data-element_type=\"container\" data-e-type=\"container\" data-settings=\"{&quot;background_background&quot;:&quot;classic&quot;}\">\n\t\t\t\t\t<div class=\"e-con-inner\">\n\t\t<div class=\"elementor-element elementor-element-9001bd3 e-con-full e-flex e-con e-child\" data-id=\"9001bd3\" data-element_type=\"container\" data-e-type=\"container\">\n\t\t\t\t<div class=\"elementor-element elementor-element-91c4503 elementor-widget__width-inherit elementor-widget elementor-widget-text-editor\" data-id=\"91c4503\" data-element_type=\"widget\" data-e-type=\"widget\" data-widget_type=\"text-editor.default\">\n\t\t\t\t<div class=\"elementor-widget-container\">\n\t\t\t\t\t\t\t\t\t<p>A Edmonton Green tem orgulho de oferecer uma variedade de servi\u00e7os ao cliente para tornar sua experi\u00eancia de compra agrad\u00e1vel, segura e sem estresse.<\/p><ul><li>Wi-Fi gr\u00e1tis<\/li><li>Banheiros acess\u00edveis<\/li><li>Mobilidade de loja<\/li><li>Caixas eletr\u00f4nicos<\/li><li>Instala\u00e7\u00f5es para troca de fraldas<\/li><li>Esta\u00e7\u00e3o rodovi\u00e1ria principal<\/li><li>Esta\u00e7\u00e3o de trem Edmonton Green a 1 minuto a p\u00e9 do centro<\/li><li>Transfer\u00eancia de dinheiro da Western Union<\/li><li>Vagas de estacionamento para portadores de cart\u00e3o azul em todos os estacionamentos<\/li><li>Mais de 1.000 vagas de estacionamento<\/li><\/ul><p>O escrit\u00f3rio da Administra\u00e7\u00e3o do Centro fica no andar superior da Pra\u00e7a do Mercado, onde nossa equipe simp\u00e1tica poder\u00e1 fornecer assist\u00eancia e informa\u00e7\u00f5es sobre o Centro.<\/p><p>Ligue para 0208 803 4414 ou envie um e-mail para edmontongreen@ashdownphillips.com<\/p><h3>Objetos Perdidos<\/h3><p>Para objetos perdidos, entre em contato com o Escrit\u00f3rio de Seguran\u00e7a pelo telefone 0208 345 6103 ou pelo e-mail edmontongreen@ashdownphillips.com<\/p><h3>Lazer<\/h3><p>Edmonton Green n\u00e3o \u00e9 apenas um \u00f3timo lugar para fazer compras, mas tamb\u00e9m oferece uma ampla variedade de op\u00e7\u00f5es de lazer. Visite nosso <a href=\"https:\/\/edmontongreencentre.co.uk\/pt\/shop\/\">diret\u00f3rio de lojas<\/a>.<\/p><h3>Mobilidade de loja<\/h3><p>9h30 \u00e0s 17h de ter\u00e7a a s\u00e1bado<\/p><p>Shopmobility \u00e9 um programa que fornece aos compradores com defici\u00eancias de mobilidade patinetes el\u00e9tricos ou manuais e cadeiras de rodas.<\/p><p>O Shopmobility \u00e9 voltado para qualquer pessoa com problemas de mobilidade, seja a defici\u00eancia permanente ou tempor\u00e1ria, e atende moradores e visitantes. Ele oferece um servi\u00e7o di\u00e1rio gratuito de empr\u00e9stimo de cadeiras de rodas manuais e motorizadas, al\u00e9m de patinetes motorizados, para que as pessoas possam acessar as lojas e servi\u00e7os de Edmonton Green e Enfield Town.<\/p><p>Voc\u00ea precisar\u00e1 se registrar para usar o equipamento, fornecendo dois documentos de identifica\u00e7\u00e3o que mostrem seu nome e endere\u00e7o, por exemplo, extrato banc\u00e1rio recente, carteira de motorista ou conta de servi\u00e7o p\u00fablico recente.<\/p><p>Na primeira vez que voc\u00ea usar uma cadeira de rodas ou scooter, voc\u00ea poder\u00e1 escolher aquela com a qual se sente mais confort\u00e1vel. Depois, um membro treinado da equipe lhe mostrar\u00e1 como oper\u00e1-la com seguran\u00e7a.<\/p><p>A Edmonton Shopmobility pode ser encontrada na 4 Monmouth Road (atr\u00e1s da Igreja Batista de Edmonton)<\/p><p>Para mais informa\u00e7\u00f5es, entre em contato <a href=\"tel:02083791193\">020 8379 1193<\/a> ou <a href=\"https:\/\/www.enfield.gov.uk\/services\/roads-and-transport\/shopmobility\" target=\"_blank\" rel=\"noopener\">Clique aqui<\/a>.<\/p>\t\t\t\t\t\t\t\t<\/div>\n\t\t\t\t<\/div>\n\t\t\t\t<\/div>\n\t\t<div class=\"elementor-element elementor-element-45934cc e-con-full e-flex e-con e-child\" data-id=\"45934cc\" data-element_type=\"container\" data-e-type=\"container\">\n\t\t\t\t<div class=\"elementor-element elementor-element-706ea8b elementor-widget elementor-widget-text-editor\" data-id=\"706ea8b\" data-element_type=\"widget\" data-e-type=\"widget\" data-widget_type=\"text-editor.default\">\n\t\t\t\t<div class=\"elementor-widget-container\">\n\t\t\t\t\t\t\t\t\t<h3>Servi\u00e7o de t\u00e1xi<\/h3><p>Um servi\u00e7o de t\u00e1xi est\u00e1 localizado no estacionamento de curta dura\u00e7\u00e3o:<\/p><p>Market Car Service Limited, Centro Comercial Edmonton Green, 26 The Concourse, Londres N9 0TY<\/p><p><a href=\"https:\/\/www.marketcarservice.com\" target=\"_blank\" rel=\"noopener\">www.marketcarservice.com<\/a><br \/><a href=\"tel:02088033407\">020 8803 3407<\/a><\/p><h3>Centro de Sa\u00fade GP de Edmonton<\/h3><p>Localizado no Evergreen Primary Care Centre em Smythe Close, o Edmonton GP Health Centre oferece uma variedade de servi\u00e7os que abrangem, entre muitos outros, vacinas para viagens, cl\u00ednicas para beb\u00eas, exames de sa\u00fade sexual e DPOC.<\/p><p>Hor\u00e1rio de funcionamento: Segunda a sexta: 08:00 \u2013 18:30, s\u00e1bado: 08:00 \u2013 13:00<\/p><p>Para mais informa\u00e7\u00f5es, <a href=\"https:\/\/www.evergreensurgery.nhs.uk\/\" target=\"_blank\" rel=\"noopener\">Clique aqui<\/a>.<\/p><h3>Biblioteca Edmonton Green<\/h3><p>A Biblioteca Edmonton Green fica no endere\u00e7o 36-44 South Mall. Os servi\u00e7os incluem DVDs, acesso gratuito \u00e0 internet e a computadores, biblioteca de refer\u00eancia, \u00e1rea de estudo, centro de tarefas de casa e um centro de aprendizagem aberto. H\u00e1 tamb\u00e9m uma s\u00e9rie de atividades semanais para adultos e crian\u00e7as.<\/p><p>Hor\u00e1rio de funcionamento: Segunda a quinta: 09:00 \u2013 19:00, Sexta: 09:00 \u2013 17:30, S\u00e1bado: 09:00 \u2013 17:00<\/p><h3>Igreja Batista<\/h3><p>O pr\u00e9dio da igreja, constru\u00eddo em 1976, fica no topo de uma movimentada \u00e1rea comercial local, que atende a uma popula\u00e7\u00e3o de cerca de 76.000 pessoas. O local passar\u00e1 por uma grande reforma nos pr\u00f3ximos anos, o que pode ter implica\u00e7\u00f5es para o nosso pr\u00f3prio pr\u00e9dio. Cerca de 90% da congrega\u00e7\u00e3o moram em um raio de 1,6 km da igreja, o que lhe confere um forte toque local.<\/p><h3>Instala\u00e7\u00f5es de Artes<\/h3><p>Teatro Inclusivo Facefront \u2013 52 Market Square, Primeiro Andar<\/p><p>A Face Front trabalha de forma inclusiva com a comunidade por meio das artes.<\/p>\t\t\t\t\t\t\t\t<\/div>\n\t\t\t\t<\/div>\n\t\t\t\t<\/div>\n\t\t\t\t\t<\/div>\n\t\t\t\t<\/div>\n\t\t\t\t<\/div>","protected":false},"excerpt":{"rendered":"<p>Facilities Edmonton Green is proud to offer a range of customer services to make your shopping experience enjoyable, safe and stress-free. Free WIFI Accessible toilets Shopmobility ATM Machines Baby change facilities Main bus station Edmonton Green train station 1-minute walk from the centre Western Union Money transfer Blue badge parking bays in all car parks [&hellip;]<\/p>\n","protected":false},"author":1,"featured_media":0,"parent":0,"menu_order":0,"comment_status":"closed","ping_status":"closed","template":"","meta":{"_acf_changed":false,"site-sidebar-layout":"no-sidebar","site-content-layout":"page-builder","ast-site-content-layout":"full-width-container","site-content-style":"unboxed","site-sidebar-style":"unboxed","ast-global-header-display":"","ast-banner-title-visibility":"","ast-main-header-display":"","ast-hfb-above-header-display":"","ast-hfb-below-header-display":"","ast-hfb-mobile-header-display":"","site-post-title":"disabled","ast-breadcrumbs-content":"","ast-featured-img":"disabled","footer-sml-layout":"","ast-disable-related-posts":"","theme-transparent-header-meta":"","adv-header-id-meta":"","stick-header-meta":"","header-above-stick-meta":"","header-main-stick-meta":"","header-below-stick-meta":"","astra-migrate-meta-layouts":"set","ast-page-background-enabled":"default","ast-page-background-meta":{"desktop":{"background-color":"var(--ast-global-color-4)","background-image":"","background-repeat":"repeat","background-position":"center center","background-size":"auto","background-attachment":"scroll","background-type":"","background-media":"","overlay-type":"","overlay-color":"","overlay-opacity":"","overlay-gradient":""},"tablet":{"background-color":"","background-image":"","background-repeat":"repeat","background-position":"center center","background-size":"auto","background-attachment":"scroll","background-type":"","background-media":"","overlay-type":"","overlay-color":"","overlay-opacity":"","overlay-gradient":""},"mobile":{"background-color":"","background-image":"","background-repeat":"repeat","background-position":"center center","background-size":"auto","background-attachment":"scroll","background-type":"","background-media":"","overlay-type":"","overlay-color":"","overlay-opacity":"","overlay-gradient":""}},"ast-content-background-meta":{"desktop":{"background-color":"var(--ast-global-color-5)","background-image":"","background-repeat":"repeat","background-position":"center center","background-size":"auto","background-attachment":"scroll","background-type":"","background-media":"","overlay-type":"","overlay-color":"","overlay-opacity":"","overlay-gradient":""},"tablet":{"background-color":"var(--ast-global-color-5)","background-image":"","background-repeat":"repeat","background-position":"center center","background-size":"auto","background-attachment":"scroll","background-type":"","background-media":"","overlay-type":"","overlay-color":"","overlay-opacity":"","overlay-gradient":""},"mobile":{"background-color":"var(--ast-global-color-5)","background-image":"","background-repeat":"repeat","background-position":"center center","background-size":"auto","background-attachment":"scroll","background-type":"","background-media":"","overlay-type":"","overlay-color":"","overlay-opacity":"","overlay-gradient":""}},"footnotes":""},"class_list":["post-472","page","type-page","status-publish","hentry"],"acf":[],"_links":{"self":[{"href":"https:\/\/edmontongreencentre.co.uk\/pt\/wp-json\/wp\/v2\/pages\/472","targetHints":{"allow":["GET"]}}],"collection":[{"href":"https:\/\/edmontongreencentre.co.uk\/pt\/wp-json\/wp\/v2\/pages"}],"about":[{"href":"https:\/\/edmontongreencentre.co.uk\/pt\/wp-json\/wp\/v2\/types\/page"}],"author":[{"embeddable":true,"href":"https:\/\/edmontongreencentre.co.uk\/pt\/wp-json\/wp\/v2\/users\/1"}],"replies":[{"embeddable":true,"href":"https:\/\/edmontongreencentre.co.uk\/pt\/wp-json\/wp\/v2\/comments?post=472"}],"version-history":[{"count":0,"href":"https:\/\/edmontongreencentre.co.uk\/pt\/wp-json\/wp\/v2\/pages\/472\/revisions"}],"wp:attachment":[{"href":"https:\/\/edmontongreencentre.co.uk\/pt\/wp-json\/wp\/v2\/media?parent=472"}],"curies":[{"name":"wp","href":"https:\/\/api.w.org\/{rel}","templated":true}]}}