{"id":489,"date":"2023-09-27T12:45:56","date_gmt":"2023-09-27T12:45:56","guid":{"rendered":"https:\/\/edmonton.toolbox.pink\/?page_id=489"},"modified":"2023-10-16T12:58:55","modified_gmt":"2023-10-16T12:58:55","slug":"dementia-friendly","status":"publish","type":"page","link":"https:\/\/edmontongreencentre.co.uk\/pt\/dementia-friendly\/","title":{"rendered":"Amig\u00e1vel para pessoas com dem\u00eancia"},"content":{"rendered":"<div data-elementor-type=\"wp-page\" data-elementor-id=\"489\" class=\"elementor elementor-489\" data-elementor-post-type=\"page\">\n\t\t\t\t<div class=\"elementor-element elementor-element-0d8ca90 e-con-full e-flex e-con e-parent\" data-id=\"0d8ca90\" data-element_type=\"container\" data-e-type=\"container\">\n\t\t<div class=\"elementor-element elementor-element-a2906f9 e-con-full e-flex e-con e-child\" data-id=\"a2906f9\" data-element_type=\"container\" data-e-type=\"container\" data-settings=\"{&quot;background_background&quot;:&quot;classic&quot;}\">\n\t\t\t\t<div class=\"elementor-element elementor-element-9594dcc elementor-widget elementor-widget-heading\" data-id=\"9594dcc\" data-element_type=\"widget\" data-e-type=\"widget\" data-widget_type=\"heading.default\">\n\t\t\t\t<div class=\"elementor-widget-container\">\n\t\t\t\t\t<h1 class=\"elementor-heading-title elementor-size-default\">Amig\u00e1vel para pessoas com dem\u00eancia<\/h1>\t\t\t\t<\/div>\n\t\t\t\t<\/div>\n\t\t\t\t<\/div>\n\t\t\t\t<\/div>\n\t\t<div class=\"elementor-element elementor-element-a4b07de e-flex e-con-boxed e-con e-parent\" data-id=\"a4b07de\" data-element_type=\"container\" data-e-type=\"container\" data-settings=\"{&quot;background_background&quot;:&quot;classic&quot;}\">\n\t\t\t\t\t<div class=\"e-con-inner\">\n\t\t<div class=\"elementor-element elementor-element-9001bd3 e-con-full e-flex e-con e-child\" data-id=\"9001bd3\" data-element_type=\"container\" data-e-type=\"container\">\n\t\t\t\t<div class=\"elementor-element elementor-element-91c4503 elementor-widget__width-inherit elementor-widget elementor-widget-text-editor\" data-id=\"91c4503\" data-element_type=\"widget\" data-e-type=\"widget\" data-widget_type=\"text-editor.default\">\n\t\t\t\t<div class=\"elementor-widget-container\">\n\t\t\t\t\t\t\t\t\t<p>O Edmonton Green Shopping Centre agora \u00e9 membro aprovado da Enfield Dementia Alliance. Isso significa que fomos reconhecidos pela Alzheimer&#039;s Society por trabalharmos para nos tornarmos uma comunidade amiga da dem\u00eancia.<\/p><p>Uma comunidade amiga da dem\u00eancia \u00e9 uma cidade, vila ou aldeia onde as pessoas com dem\u00eancia s\u00e3o compreendidas, respeitadas e apoiadas. Numa comunidade amiga da dem\u00eancia, as pessoas estar\u00e3o cientes e compreender\u00e3o a dem\u00eancia, para que possam continuar a viver da forma que desejam e na comunidade que escolherem.<\/p><p>\u00a0<\/p><h3>O que fizemos at\u00e9 agora<\/h3><ul><li>At\u00e9 o momento, a equipe de gest\u00e3o participou de um workshop sobre amigos da dem\u00eancia.<\/li><li>Tr\u00eas membros da equipe se inscreveram para se tornarem amigos da dem\u00eancia.<\/li><li>Informa\u00e7\u00f5es compartilhadas com nossos varejistas e neg\u00f3cios em geral<\/li><li>Desenvolveu um mapa favor\u00e1vel \u00e0 dem\u00eancia<\/li><\/ul><p><a href=\"https:\/\/edmontongreencentre.co.uk\/wp-content\/uploads\/2023\/09\/Dementia-Friendly-Map.pdf\" target=\"_blank\" rel=\"noopener\">Baixe o mapa aqui<\/a><\/p>\t\t\t\t\t\t\t\t<\/div>\n\t\t\t\t<\/div>\n\t\t\t\t<\/div>\n\t\t<div class=\"elementor-element elementor-element-45934cc e-con-full e-flex e-con e-child\" data-id=\"45934cc\" data-element_type=\"container\" data-e-type=\"container\">\n\t\t\t\t<div class=\"elementor-element elementor-element-22cb228 elementor-widget__width-inherit elementor-widget elementor-widget-text-editor\" data-id=\"22cb228\" data-element_type=\"widget\" data-e-type=\"widget\" data-widget_type=\"text-editor.default\">\n\t\t\t\t<div class=\"elementor-widget-container\">\n\t\t\t\t\t\t\t\t\t<p>Nosso compromisso com a dem\u00eancia \u00e9 mostrar nosso comprometimento em desenvolver a compreens\u00e3o dos nossos funcion\u00e1rios sobre a dem\u00eancia e continuar a adaptar e melhorar o servi\u00e7o que oferecemos para atender \u00e0s necessidades dos nossos clientes e da comunidade que vive com dem\u00eancia.<\/p><p><a href=\"https:\/\/edmontongreencentre.co.uk\/wp-content\/uploads\/2023\/09\/Action-plan-1.pdf\">CLIQUE AQUI<\/a>\u00a0para ver nosso plano de a\u00e7\u00e3o favor\u00e1vel \u00e0 dem\u00eancia.<\/p><p>Atualizaremos esta p\u00e1gina regularmente com mais melhorias e mudan\u00e7as para pessoas com dem\u00eancia no Edmonton Green Shopping Centre.<\/p>\t\t\t\t\t\t\t\t<\/div>\n\t\t\t\t<\/div>\n\t\t\t\t<\/div>\n\t\t\t\t\t<\/div>\n\t\t\t\t<\/div>\n\t\t<div class=\"elementor-element elementor-element-890adc8 e-flex e-con-boxed e-con e-parent\" data-id=\"890adc8\" data-element_type=\"container\" data-e-type=\"container\" data-settings=\"{&quot;background_background&quot;:&quot;classic&quot;}\">\n\t\t\t\t\t<div class=\"e-con-inner\">\n\t\t\t\t<div class=\"elementor-element elementor-element-8709c0f elementor-widget elementor-widget-image\" data-id=\"8709c0f\" data-element_type=\"widget\" data-e-type=\"widget\" data-widget_type=\"image.default\">\n\t\t\t\t<div class=\"elementor-widget-container\">\n\t\t\t\t\t\t\t\t\t\t\t\t\t\t\t<img fetchpriority=\"high\" decoding=\"async\" width=\"2000\" height=\"1414\" src=\"https:\/\/edmontongreencentre.co.uk\/wp-content\/uploads\/2023\/09\/Dementia-Friendly-Map.jpg\" class=\"attachment-full size-full wp-image-493\" alt=\"\" srcset=\"https:\/\/edmontongreencentre.co.uk\/wp-content\/uploads\/2023\/09\/Dementia-Friendly-Map.jpg 2000w, https:\/\/edmontongreencentre.co.uk\/wp-content\/uploads\/2023\/09\/Dementia-Friendly-Map-300x212.jpg 300w, https:\/\/edmontongreencentre.co.uk\/wp-content\/uploads\/2023\/09\/Dementia-Friendly-Map-1024x724.jpg 1024w, https:\/\/edmontongreencentre.co.uk\/wp-content\/uploads\/2023\/09\/Dementia-Friendly-Map-768x543.jpg 768w, https:\/\/edmontongreencentre.co.uk\/wp-content\/uploads\/2023\/09\/Dementia-Friendly-Map-1536x1086.jpg 1536w\" sizes=\"(max-width: 2000px) 100vw, 2000px\" \/>\t\t\t\t\t\t\t\t\t\t\t\t\t\t\t<\/div>\n\t\t\t\t<\/div>\n\t\t\t\t\t<\/div>\n\t\t\t\t<\/div>\n\t\t\t\t<\/div>","protected":false},"excerpt":{"rendered":"<p>Dementia Friendly Edmonton Green Shopping Centre is now an approved member of the Enfield Dementia Alliance. This means we have been recognised by the Alzheimer\u2019s Society as working towards becoming a dementia-friendly community. A dementia-friendly community is a city, town or village where people with dementia are understood, respected and supported. In a dementia-friendly community [&hellip;]<\/p>\n","protected":false},"author":1,"featured_media":0,"parent":0,"menu_order":0,"comment_status":"closed","ping_status":"closed","template":"","meta":{"_acf_changed":false,"site-sidebar-layout":"no-sidebar","site-content-layout":"page-builder","ast-site-content-layout":"full-width-container","site-content-style":"unboxed","site-sidebar-style":"unboxed","ast-global-header-display":"","ast-banner-title-visibility":"","ast-main-header-display":"","ast-hfb-above-header-display":"","ast-hfb-below-header-display":"","ast-hfb-mobile-header-display":"","site-post-title":"disabled","ast-breadcrumbs-content":"","ast-featured-img":"disabled","footer-sml-layout":"","ast-disable-related-posts":"","theme-transparent-header-meta":"","adv-header-id-meta":"","stick-header-meta":"","header-above-stick-meta":"","header-main-stick-meta":"","header-below-stick-meta":"","astra-migrate-meta-layouts":"set","ast-page-background-enabled":"default","ast-page-background-meta":{"desktop":{"background-color":"var(--ast-global-color-4)","background-image":"","background-repeat":"repeat","background-position":"center center","background-size":"auto","background-attachment":"scroll","background-type":"","background-media":"","overlay-type":"","overlay-color":"","overlay-opacity":"","overlay-gradient":""},"tablet":{"background-color":"","background-image":"","background-repeat":"repeat","background-position":"center center","background-size":"auto","background-attachment":"scroll","background-type":"","background-media":"","overlay-type":"","overlay-color":"","overlay-opacity":"","overlay-gradient":""},"mobile":{"background-color":"","background-image":"","background-repeat":"repeat","background-position":"center center","background-size":"auto","background-attachment":"scroll","background-type":"","background-media":"","overlay-type":"","overlay-color":"","overlay-opacity":"","overlay-gradient":""}},"ast-content-background-meta":{"desktop":{"background-color":"var(--ast-global-color-5)","background-image":"","background-repeat":"repeat","background-position":"center center","background-size":"auto","background-attachment":"scroll","background-type":"","background-media":"","overlay-type":"","overlay-color":"","overlay-opacity":"","overlay-gradient":""},"tablet":{"background-color":"var(--ast-global-color-5)","background-image":"","background-repeat":"repeat","background-position":"center center","background-size":"auto","background-attachment":"scroll","background-type":"","background-media":"","overlay-type":"","overlay-color":"","overlay-opacity":"","overlay-gradient":""},"mobile":{"background-color":"var(--ast-global-color-5)","background-image":"","background-repeat":"repeat","background-position":"center center","background-size":"auto","background-attachment":"scroll","background-type":"","background-media":"","overlay-type":"","overlay-color":"","overlay-opacity":"","overlay-gradient":""}},"footnotes":""},"class_list":["post-489","page","type-page","status-publish","hentry"],"acf":[],"_links":{"self":[{"href":"https:\/\/edmontongreencentre.co.uk\/pt\/wp-json\/wp\/v2\/pages\/489","targetHints":{"allow":["GET"]}}],"collection":[{"href":"https:\/\/edmontongreencentre.co.uk\/pt\/wp-json\/wp\/v2\/pages"}],"about":[{"href":"https:\/\/edmontongreencentre.co.uk\/pt\/wp-json\/wp\/v2\/types\/page"}],"author":[{"embeddable":true,"href":"https:\/\/edmontongreencentre.co.uk\/pt\/wp-json\/wp\/v2\/users\/1"}],"replies":[{"embeddable":true,"href":"https:\/\/edmontongreencentre.co.uk\/pt\/wp-json\/wp\/v2\/comments?post=489"}],"version-history":[{"count":0,"href":"https:\/\/edmontongreencentre.co.uk\/pt\/wp-json\/wp\/v2\/pages\/489\/revisions"}],"wp:attachment":[{"href":"https:\/\/edmontongreencentre.co.uk\/pt\/wp-json\/wp\/v2\/media?parent=489"}],"curies":[{"name":"wp","href":"https:\/\/api.w.org\/{rel}","templated":true}]}}