{"id":3,"date":"2023-04-27T14:39:32","date_gmt":"2023-04-27T14:39:32","guid":{"rendered":"https:\/\/edmonton.toolbox.pink\/?page_id=3"},"modified":"2025-06-13T14:54:54","modified_gmt":"2025-06-13T13:54:54","slug":"privacy-policy","status":"publish","type":"page","link":"https:\/\/edmontongreencentre.co.uk\/tr\/privacy-policy\/","title":{"rendered":"Gizlilik Politikas\u0131"},"content":{"rendered":"<p>Gizlili\u011finizi korumaya ve ki\u015fisel bilgilerinizi g\u00fcvende tutmaya kararl\u0131y\u0131z. Bu politika, web sitemizde bilgileri nas\u0131l toplad\u0131\u011f\u0131m\u0131z\u0131 belirler. Bu, sitemizi, \u00fcr\u00fcnlerimizi ve hizmetlerimizi nas\u0131l kullanmak istedi\u011finize karar vermenize yard\u0131mc\u0131 olacakt\u0131r. T\u00fcm veriler, ge\u00e7erli \u0130ngiltere veri koruma mevzuat\u0131na uygun \u015fekilde i\u015flenecektir.&nbsp;<\/p>\n\n\n\n<p>Bu gizlilik politikas\u0131 yaln\u0131zca bu web sitesiyle ilgilidir. Bu sitedeki di\u011fer web sitelerine olan di\u011fer ba\u011flant\u0131lar bu politika kapsam\u0131nda de\u011fildir.<\/p>\n\n\n\n<p><\/p>\n\n\n\n<h2 class=\"wp-block-heading\">VER\u0130 KORUMA<\/h2>\n\n\n\n<p>Ki\u015fisel verileri saklamaya ili\u015fkin 1998 tarihli Veri Koruma Yasas\u0131 kapsam\u0131ndaki y\u00fck\u00fcml\u00fcl\u00fcklerimizi yerine getiriyoruz. Hakk\u0131n\u0131zda bu t\u00fcr bilgileri sakl\u0131yorsak, bunlar\u0131 yaln\u0131zca kabul etti\u011finiz ama\u00e7lar i\u00e7in kullanaca\u011f\u0131z.<\/p>\n\n\n\n<p><\/p>\n\n\n\n<h2 class=\"wp-block-heading\">TOPLADI\u011eIMIZ B\u0130LG\u0130LER<\/h2>\n\n\n\n<p>Web sitemizi ziyaret etti\u011finizde sizden a\u015fa\u011f\u0131daki bilgileri toplayabiliriz:<\/p>\n\n\n\n<ul class=\"wp-block-list\">\n<li>Toplad\u0131\u011f\u0131m\u0131z ve sizinle ileti\u015fim kurmam\u0131z\u0131 sa\u011flayan, if\u015fa etmeyi se\u00e7ti\u011finiz ki\u015fisel bilgiler<\/li>\n\n\n\n<li>Web sitemizde siz ve di\u011fer ki\u015filer sitemizde gezinirken genel olarak toplad\u0131\u011f\u0131m\u0131z bilgiler<\/li>\n\n\n\n<li>E-posta adresiniz gibi sizinle ileti\u015fim kurmam\u0131z\u0131 sa\u011flayan bilgiler<\/li>\n<\/ul>\n\n\n\n<p>Ki\u015fisel Veriler, Edmonton Green Al\u0131\u015fveri\u015f Merkezi taraf\u0131ndan size m\u00fcmk\u00fcn olan en iyi hizmeti ve deneyimi sunmak amac\u0131yla toplanacak, i\u015flenecek ve kullan\u0131lacakt\u0131r. L\u00fctfen ki\u015fisel verilerinizin, m\u00fcmk\u00fcn olan en iyi \u015fekilde y\u00f6netmek i\u00e7in bizim ad\u0131m\u0131za \u00e7al\u0131\u015fan atanm\u0131\u015f bir kurulu\u015f taraf\u0131ndan i\u015flenebilece\u011fini unutmay\u0131n. Bize verdi\u011finiz bilgileri, sundu\u011fumuz hizmetler hakk\u0131nda sizinle ileti\u015fime ge\u00e7mek i\u00e7in kullanabiliriz. Aksi takdirde, size en son teklifler hakk\u0131nda e-postalar da g\u00f6nderebiliriz. Bu e-postalar\u0131 al\u0131p almama konusunda size her zaman bir se\u00e7enek sunaca\u011f\u0131z.<\/p>\n\n\n\n<p><\/p>\n\n\n\n<h2 class=\"wp-block-heading\">WEB S\u0130TES\u0130 B\u0130LG\u0130LER\u0130<\/h2>\n\n\n\n<p>Sitemizin hangi b\u00f6l\u00fcmlerinin en s\u0131k kullan\u0131ld\u0131\u011f\u0131n\u0131 ve sizin i\u00e7in kullan\u0131m\u0131 kolayla\u015ft\u0131rmak i\u00e7in hangilerini geli\u015ftirmemiz gerekti\u011fini bize g\u00f6stermek amac\u0131yla, sitemizdeki kullan\u0131c\u0131 davran\u0131\u015f e\u011filimleri hakk\u0131nda bilgi topluyoruz.<\/p>\n\n\n\n<p>Bu veriler sizi bir birey olarak tan\u0131mlayan verilerle birlikte kullan\u0131lmayacakt\u0131r.<\/p>\n\n\n\n<p>Ki\u015fisel bilgilerinizi \u00fc\u00e7\u00fcnc\u00fc ki\u015filere satm\u0131yor, kiralam\u0131yor veya ticari ama\u00e7la kullanm\u0131yoruz.<\/p>\n\n\n\n<p><\/p>\n\n\n\n<h2 class=\"wp-block-heading\">\u0130ZN\u0130N\u0130Z<\/h2>\n\n\n\n<p>Web sitemizi kulland\u0131\u011f\u0131n\u0131zda, bilgilerinizin a\u00e7\u0131klad\u0131\u011f\u0131m\u0131z \u015fekilde toplanmas\u0131n\u0131 ve kullan\u0131lmas\u0131n\u0131 kabul etmi\u015f olursunuz.<\/p>\n\n\n\n<p>Gizlilik politikam\u0131z hakk\u0131nda ba\u015fka sorular\u0131n\u0131z varsa l\u00fctfen bizimle ileti\u015fim kurun.<\/p>\n\n\n\n<p>Gizlilik politikam\u0131z\u0131 de\u011fi\u015ftirirsek, de\u011fi\u015fiklikleri bu sayfada yay\u0131nlayaca\u011f\u0131z, b\u00f6ylece her zaman \u015funlardan haberdar olacaks\u0131n\u0131z:<\/p>\n\n\n\n<ul class=\"wp-block-list\">\n<li>hangi bilgileri topluyoruz<\/li>\n\n\n\n<li>bunu nas\u0131l kulland\u0131\u011f\u0131m\u0131z\u0131 ve hangi durumlarda if\u015fa etti\u011fimizi<\/li>\n<\/ul>","protected":false},"excerpt":{"rendered":"<p>We are committed to protecting your privacy and keeping your personal information secure. This policy sets out how we collect information on our website. This will help you decide how you want to use our site, products and services. All data will be dealt with in compliance with the current UK data protection legislation.&nbsp; This [&hellip;]<\/p>\n","protected":false},"author":1,"featured_media":0,"parent":0,"menu_order":0,"comment_status":"closed","ping_status":"open","template":"","meta":{"_acf_changed":false,"site-sidebar-layout":"default","site-content-layout":"","ast-site-content-layout":"default","site-content-style":"default","site-sidebar-style":"default","ast-global-header-display":"","ast-banner-title-visibility":"","ast-main-header-display":"","ast-hfb-above-header-display":"","ast-hfb-below-header-display":"","ast-hfb-mobile-header-display":"","site-post-title":"","ast-breadcrumbs-content":"","ast-featured-img":"","footer-sml-layout":"","ast-disable-related-posts":"","theme-transparent-header-meta":"","adv-header-id-meta":"","stick-header-meta":"","header-above-stick-meta":"","header-main-stick-meta":"","header-below-stick-meta":"","astra-migrate-meta-layouts":"set","ast-page-background-enabled":"default","ast-page-background-meta":{"desktop":{"background-color":"var(--ast-global-color-4)","background-image":"","background-repeat":"repeat","background-position":"center center","background-size":"auto","background-attachment":"scroll","background-type":"","background-media":"","overlay-type":"","overlay-color":"","overlay-opacity":"","overlay-gradient":""},"tablet":{"background-color":"","background-image":"","background-repeat":"repeat","background-position":"center center","background-size":"auto","background-attachment":"scroll","background-type":"","background-media":"","overlay-type":"","overlay-color":"","overlay-opacity":"","overlay-gradient":""},"mobile":{"background-color":"","background-image":"","background-repeat":"repeat","background-position":"center center","background-size":"auto","background-attachment":"scroll","background-type":"","background-media":"","overlay-type":"","overlay-color":"","overlay-opacity":"","overlay-gradient":""}},"ast-content-background-meta":{"desktop":{"background-color":"var(--ast-global-color-5)","background-image":"","background-repeat":"repeat","background-position":"center center","background-size":"auto","background-attachment":"scroll","background-type":"","background-media":"","overlay-type":"","overlay-color":"","overlay-opacity":"","overlay-gradient":""},"tablet":{"background-color":"var(--ast-global-color-5)","background-image":"","background-repeat":"repeat","background-position":"center center","background-size":"auto","background-attachment":"scroll","background-type":"","background-media":"","overlay-type":"","overlay-color":"","overlay-opacity":"","overlay-gradient":""},"mobile":{"background-color":"var(--ast-global-color-5)","background-image":"","background-repeat":"repeat","background-position":"center center","background-size":"auto","background-attachment":"scroll","background-type":"","background-media":"","overlay-type":"","overlay-color":"","overlay-opacity":"","overlay-gradient":""}},"footnotes":""},"class_list":["post-3","page","type-page","status-publish","hentry"],"acf":[],"_links":{"self":[{"href":"https:\/\/edmontongreencentre.co.uk\/tr\/wp-json\/wp\/v2\/pages\/3","targetHints":{"allow":["GET"]}}],"collection":[{"href":"https:\/\/edmontongreencentre.co.uk\/tr\/wp-json\/wp\/v2\/pages"}],"about":[{"href":"https:\/\/edmontongreencentre.co.uk\/tr\/wp-json\/wp\/v2\/types\/page"}],"author":[{"embeddable":true,"href":"https:\/\/edmontongreencentre.co.uk\/tr\/wp-json\/wp\/v2\/users\/1"}],"replies":[{"embeddable":true,"href":"https:\/\/edmontongreencentre.co.uk\/tr\/wp-json\/wp\/v2\/comments?post=3"}],"version-history":[{"count":2,"href":"https:\/\/edmontongreencentre.co.uk\/tr\/wp-json\/wp\/v2\/pages\/3\/revisions"}],"predecessor-version":[{"id":3305,"href":"https:\/\/edmontongreencentre.co.uk\/tr\/wp-json\/wp\/v2\/pages\/3\/revisions\/3305"}],"wp:attachment":[{"href":"https:\/\/edmontongreencentre.co.uk\/tr\/wp-json\/wp\/v2\/media?parent=3"}],"curies":[{"name":"wp","href":"https:\/\/api.w.org\/{rel}","templated":true}]}}