{"id":3265,"date":"2025-06-09T14:32:48","date_gmt":"2025-06-09T13:32:48","guid":{"rendered":"https:\/\/edmontongreencentre.co.uk\/?page_id=3265"},"modified":"2025-12-03T14:28:02","modified_gmt":"2025-12-03T14:28:02","slug":"cookie-policy","status":"publish","type":"page","link":"https:\/\/edmontongreencentre.co.uk\/tr\/cookie-policy\/","title":{"rendered":"\u00c7erez Politikas\u0131"},"content":{"rendered":"<div data-elementor-type=\"wp-page\" data-elementor-id=\"3265\" class=\"elementor elementor-3265\" data-elementor-post-type=\"page\">\n\t\t\t\t<div class=\"elementor-element elementor-element-c1276f6 e-flex e-con-boxed e-con e-parent\" data-id=\"c1276f6\" data-element_type=\"container\" data-e-type=\"container\">\n\t\t\t\t\t<div class=\"e-con-inner\">\n\t\t\t\t<div class=\"elementor-element elementor-element-cd209a0 elementor-widget elementor-widget-heading\" data-id=\"cd209a0\" data-element_type=\"widget\" data-e-type=\"widget\" data-widget_type=\"heading.default\">\n\t\t\t\t<div class=\"elementor-widget-container\">\n\t\t\t\t\t<h2 class=\"elementor-heading-title elementor-size-default\">\u00c7erez Politikas\u0131<\/h2>\t\t\t\t<\/div>\n\t\t\t\t<\/div>\n\t\t\t\t<div class=\"elementor-element elementor-element-0c7648e elementor-widget elementor-widget-text-editor\" data-id=\"0c7648e\" data-element_type=\"widget\" data-e-type=\"widget\" data-widget_type=\"text-editor.default\">\n\t\t\t\t<div class=\"elementor-widget-container\">\n\t\t\t\t\t\t\t\t\t<p>\u00c7erezler, bilgisayar\u0131n\u0131za g\u00f6nderilen ve web taray\u0131c\u0131n\u0131z taraf\u0131ndan bilgi depolamak i\u00e7in kullan\u0131lan metin dosyalar\u0131d\u0131r. Kulland\u0131\u011f\u0131m\u0131z \u00e7erezler, taray\u0131c\u0131n\u0131z\u0131n sitemizi daha \u00f6nce ziyaret edip etmedi\u011finizi ve tercihlerinizin ne oldu\u011funu hat\u0131rlamas\u0131n\u0131 sa\u011flar.<\/p><p>\u00c7o\u011fu web sitesinde oldu\u011fu gibi, web sitemizin sizi &#039;hat\u0131rlamas\u0131n\u0131&#039; sa\u011flayarak kullan\u0131c\u0131 deneyiminizi iyile\u015ftirmek i\u00e7in \u00e7erezleri kullan\u0131r\u0131z; bu, ziyaretiniz s\u00fcresince (bir &#039;oturum \u00e7erezi&#039; kullanarak) veya tekrarlanan ziyaretler s\u0131ras\u0131nda (bir &#039;kal\u0131c\u0131 \u00e7erez&#039; kullanarak) ger\u00e7ekle\u015fir. Ayr\u0131ca iki farkl\u0131 t\u00fcrde \u00e7erez de kullan\u0131r\u0131z: birinci taraf (sahip oldu\u011fumuz) ve \u00fc\u00e7\u00fcnc\u00fc taraf (Google gibi bir \u00fc\u00e7\u00fcnc\u00fc taraf\u0131n bilgisayar\u0131n\u0131za veya mobil cihaz\u0131n\u0131za \u00e7erezler yerle\u015ftirmesine izin verdi\u011fimiz).<\/p><p>\u00c7erezler, sayfalar aras\u0131nda verimli bir \u015fekilde gezinmenizi sa\u011flamak, tercihlerinizi saklamak ve genel olarak bir web sitesi deneyiminizi iyile\u015ftirmek gibi bir\u00e7ok farkl\u0131 i\u015f yapar. \u00c7erezler, sizinle web sitesi aras\u0131ndaki etkile\u015fimi daha h\u0131zl\u0131 ve kolay hale getirir. Bir web sitesi \u00e7erez kullanm\u0131yorsa, sitede yeni bir sayfaya her ge\u00e7ti\u011finizde sizi yeni bir ziyaret\u00e7i olarak d\u00fc\u015f\u00fcnecektir; \u00f6rne\u011fin, oturum a\u00e7ma bilgilerinizi girip ba\u015fka bir sayfaya ge\u00e7ti\u011finizde sizi tan\u0131mayacak ve oturumunuzun a\u00e7\u0131k kalmas\u0131n\u0131 sa\u011flayamayacakt\u0131r.<\/p><h4 class=\"wp-block-heading\">R\u0131za nas\u0131l reddedilir veya geri \u00e7ekilir<\/h4><p>Bu web sitesinde kulland\u0131\u011f\u0131m\u0131z \u00e7erezler olduk\u00e7a zarars\u0131z olsa ve kimli\u011finizi if\u015fa etmese de, herkes bilgisayar\u0131na veya mobil cihaz\u0131na metin dosyalar\u0131 indirilmesini istemez. \u0130sterseniz, baz\u0131 veya t\u00fcm \u00e7erezleri engellemek veya \u00f6nceden ayarlanm\u0131\u015f \u00e7erezleri silmek bile m\u00fcmk\u00fcnd\u00fcr; ancak bu web sitesinde baz\u0131 i\u015flevleri kaybedebilece\u011finizi bilmeniz gerekir.<\/p><p>\u00c7erezlerin bilgisayar\u0131n\u0131zla veya mobil cihaz\u0131n\u0131zla nas\u0131l etkile\u015fime girece\u011fini taray\u0131c\u0131n\u0131z (\u00f6rne\u011fin Internet Explorer, Chrome, Safari, Firefox, Android) arac\u0131l\u0131\u011f\u0131yla y\u00f6netebilirsiniz, b\u00f6ylece \u00e7erezler g\u00f6nderildi\u011finde uyar\u0131 al\u0131rs\u0131n\u0131z veya \u00e7erezleri tamamen reddedebilirsiniz. Ayr\u0131ca, \u00f6nceden ayarlanm\u0131\u015f olan \u00e7erezleri de silebilirsiniz.<\/p><p>\u00c7erezlerle etkile\u015fiminizi nas\u0131l kontrol edece\u011finizi a\u00e7\u0131klayan \u00e7ok faydal\u0131 bir web sitesi de bulunmaktad\u0131r. Daha fazla bilgi i\u00e7in l\u00fctfen bu siteyi ziyaret edin:<\/p><p><a href=\"https:\/\/www.aboutcookies.org\/\" target=\"_blank\" rel=\"noreferrer noopener\">\u00c7erezler Hakk\u0131nda<\/a><\/p><p>BBC web sitesinde ayr\u0131ca ne yapt\u0131klar\u0131n\u0131 ve nas\u0131l \u00e7al\u0131\u015ft\u0131klar\u0131n\u0131 a\u00e7\u0131klayan net ve kapsaml\u0131 bir b\u00f6l\u00fcm bulunmaktad\u0131r. L\u00fctfen bu b\u00f6l\u00fcm\u00fcn, bizimkinden daha fazla \u00e7erez kullanan web sitelerinin kullan\u0131c\u0131lar\u0131na y\u00f6nelik oldu\u011funu unutmay\u0131n.<\/p><p><a href=\"http:\/\/www.bbc.co.uk\/usingthebbc\/cookies\/\" target=\"_blank\" rel=\"noreferrer noopener\">BBC Kurabiyeleri<\/a><\/p>\t\t\t\t\t\t\t\t<\/div>\n\t\t\t\t<\/div>\n\t\t\t\t<div class=\"elementor-element elementor-element-7ff4374 elementor-widget elementor-widget-html\" data-id=\"7ff4374\" data-element_type=\"widget\" data-e-type=\"widget\" data-widget_type=\"html.default\">\n\t\t\t\t<div class=\"elementor-widget-container\">\n\t\t\t\t\t<div id=\"ot-sdk-cookie-policy\"><\/div>\t\t\t\t<\/div>\n\t\t\t\t<\/div>\n\t\t\t\t\t<\/div>\n\t\t\t\t<\/div>\n\t\t\t\t<\/div>","protected":false},"excerpt":{"rendered":"<p>Cookie Policy Cookies are text files sent to your computer and used by your web browser to store information. The cookies we use allow your browser to remember whether you\u2019ve visited our site before and what your preferences are. As with most websites we use cookies to improve your user experience by enabling our website [&hellip;]<\/p>\n","protected":false},"author":1,"featured_media":0,"parent":0,"menu_order":0,"comment_status":"closed","ping_status":"closed","template":"","meta":{"_acf_changed":false,"site-sidebar-layout":"no-sidebar","site-content-layout":"page-builder","ast-site-content-layout":"full-width-container","site-content-style":"unboxed","site-sidebar-style":"unboxed","ast-global-header-display":"","ast-banner-title-visibility":"","ast-main-header-display":"","ast-hfb-above-header-display":"","ast-hfb-below-header-display":"","ast-hfb-mobile-header-display":"","site-post-title":"disabled","ast-breadcrumbs-content":"","ast-featured-img":"disabled","footer-sml-layout":"","ast-disable-related-posts":"","theme-transparent-header-meta":"","adv-header-id-meta":"","stick-header-meta":"","header-above-stick-meta":"","header-main-stick-meta":"","header-below-stick-meta":"","astra-migrate-meta-layouts":"set","ast-page-background-enabled":"default","ast-page-background-meta":{"desktop":{"background-color":"var(--ast-global-color-4)","background-image":"","background-repeat":"repeat","background-position":"center center","background-size":"auto","background-attachment":"scroll","background-type":"","background-media":"","overlay-type":"","overlay-color":"","overlay-opacity":"","overlay-gradient":""},"tablet":{"background-color":"","background-image":"","background-repeat":"repeat","background-position":"center center","background-size":"auto","background-attachment":"scroll","background-type":"","background-media":"","overlay-type":"","overlay-color":"","overlay-opacity":"","overlay-gradient":""},"mobile":{"background-color":"","background-image":"","background-repeat":"repeat","background-position":"center center","background-size":"auto","background-attachment":"scroll","background-type":"","background-media":"","overlay-type":"","overlay-color":"","overlay-opacity":"","overlay-gradient":""}},"ast-content-background-meta":{"desktop":{"background-color":"var(--ast-global-color-5)","background-image":"","background-repeat":"repeat","background-position":"center center","background-size":"auto","background-attachment":"scroll","background-type":"","background-media":"","overlay-type":"","overlay-color":"","overlay-opacity":"","overlay-gradient":""},"tablet":{"background-color":"var(--ast-global-color-5)","background-image":"","background-repeat":"repeat","background-position":"center center","background-size":"auto","background-attachment":"scroll","background-type":"","background-media":"","overlay-type":"","overlay-color":"","overlay-opacity":"","overlay-gradient":""},"mobile":{"background-color":"var(--ast-global-color-5)","background-image":"","background-repeat":"repeat","background-position":"center center","background-size":"auto","background-attachment":"scroll","background-type":"","background-media":"","overlay-type":"","overlay-color":"","overlay-opacity":"","overlay-gradient":""}},"footnotes":""},"class_list":["post-3265","page","type-page","status-publish","hentry"],"acf":[],"_links":{"self":[{"href":"https:\/\/edmontongreencentre.co.uk\/tr\/wp-json\/wp\/v2\/pages\/3265","targetHints":{"allow":["GET"]}}],"collection":[{"href":"https:\/\/edmontongreencentre.co.uk\/tr\/wp-json\/wp\/v2\/pages"}],"about":[{"href":"https:\/\/edmontongreencentre.co.uk\/tr\/wp-json\/wp\/v2\/types\/page"}],"author":[{"embeddable":true,"href":"https:\/\/edmontongreencentre.co.uk\/tr\/wp-json\/wp\/v2\/users\/1"}],"replies":[{"embeddable":true,"href":"https:\/\/edmontongreencentre.co.uk\/tr\/wp-json\/wp\/v2\/comments?post=3265"}],"version-history":[{"count":3,"href":"https:\/\/edmontongreencentre.co.uk\/tr\/wp-json\/wp\/v2\/pages\/3265\/revisions"}],"predecessor-version":[{"id":3528,"href":"https:\/\/edmontongreencentre.co.uk\/tr\/wp-json\/wp\/v2\/pages\/3265\/revisions\/3528"}],"wp:attachment":[{"href":"https:\/\/edmontongreencentre.co.uk\/tr\/wp-json\/wp\/v2\/media?parent=3265"}],"curies":[{"name":"wp","href":"https:\/\/api.w.org\/{rel}","templated":true}]}}