{"id":456,"date":"2023-09-27T12:00:03","date_gmt":"2023-09-27T12:00:03","guid":{"rendered":"https:\/\/edmonton.toolbox.pink\/?page_id=456"},"modified":"2023-11-28T08:47:43","modified_gmt":"2023-11-28T08:47:43","slug":"getting-here","status":"publish","type":"page","link":"https:\/\/edmontongreencentre.co.uk\/tr\/getting-here\/","title":{"rendered":"Buraya Nas\u0131l Gelinir"},"content":{"rendered":"<div data-elementor-type=\"wp-page\" data-elementor-id=\"456\" class=\"elementor elementor-456\" data-elementor-post-type=\"page\">\n\t\t\t\t<div class=\"elementor-element elementor-element-0d8ca90 e-con-full e-flex e-con e-parent\" data-id=\"0d8ca90\" data-element_type=\"container\" data-e-type=\"container\">\n\t\t<div class=\"elementor-element elementor-element-a2906f9 e-con-full e-flex e-con e-child\" data-id=\"a2906f9\" data-element_type=\"container\" data-e-type=\"container\" data-settings=\"{&quot;background_background&quot;:&quot;classic&quot;}\">\n\t\t\t\t<div class=\"elementor-element elementor-element-9594dcc elementor-widget elementor-widget-heading\" data-id=\"9594dcc\" data-element_type=\"widget\" data-e-type=\"widget\" data-widget_type=\"heading.default\">\n\t\t\t\t<div class=\"elementor-widget-container\">\n\t\t\t\t\t<h1 class=\"elementor-heading-title elementor-size-default\">Buraya Nas\u0131l Gelinir<\/h1>\t\t\t\t<\/div>\n\t\t\t\t<\/div>\n\t\t\t\t<\/div>\n\t\t\t\t<\/div>\n\t\t<div class=\"elementor-element elementor-element-a4b07de e-flex e-con-boxed e-con e-parent\" data-id=\"a4b07de\" data-element_type=\"container\" data-e-type=\"container\" data-settings=\"{&quot;background_background&quot;:&quot;classic&quot;}\">\n\t\t\t\t\t<div class=\"e-con-inner\">\n\t\t<div class=\"elementor-element elementor-element-9001bd3 e-con-full e-flex e-con e-child\" data-id=\"9001bd3\" data-element_type=\"container\" data-e-type=\"container\">\n\t\t\t\t<div class=\"elementor-element elementor-element-91c4503 elementor-widget__width-inherit elementor-widget elementor-widget-text-editor\" data-id=\"91c4503\" data-element_type=\"widget\" data-e-type=\"widget\" data-widget_type=\"text-editor.default\">\n\t\t\t\t<div class=\"elementor-widget-container\">\n\t\t\t\t\t\t\t\t\t<h3>Araba ile<\/h3><p>Uydu navigasyonu: N9 0TZ<\/p><p>Araba kullan\u0131yorsan\u0131z, Edmonton Green&#039;e M25, M11, M1, A406 ve A10 gibi ana yollardan kolayca ula\u015fabilirsiniz.<\/p><p>D\u00f6rt otoparkta 1.000 ara\u00e7l\u0131k park yerimiz var, bunlara aile alanlar\u0131 ve mavi rozet sahipleri i\u00e7in eri\u015filebilir alanlar da dahil. Park tarifelerini g\u00f6r\u00fcnt\u00fcleyin <a href=\"https:\/\/edmontongreencentre.co.uk\/tr\/car-park\/\">BURADA<\/a>.<\/p><h3>Otob\u00fcsle<\/h3><p>Edmonton Green&#039;in 102, 144, 149, 259, 279, 349, 491, N279 g\u00fczergahlar\u0131na hizmet veren kendi otob\u00fcs istasyonu vard\u0131r. Otob\u00fcsle yolculu\u011funuzu planlamak i\u00e7in ziyaret edin <a href=\"https:\/\/tfl.gov.uk\/maps\/bus?Input=Edmonton+Green+Bus+Station&amp;InputGeolocation=51.625201%2C-0.059194&amp;searchBoxType=bus\" target=\"_blank\" rel=\"noopener\">BURAYA TIKLAYIN<\/a>.<\/p><h3>Trenle<\/h3><p>Edmonton Green tren istasyonu merkeze sadece birka\u00e7 dakikal\u0131k y\u00fcr\u00fcme mesafesindedir.<\/p><p>Greater Anglia taraf\u0131ndan sa\u011flanan seferler kuzeye do\u011fru Enfield Town&#039;a, Bush Hill Park&#039;a ve Cheshunt&#039;a, Southbury, Turkey Street ve Theobalds Grove&#039;a u\u011frayarak gidiyor.<\/p><p>Londra Liverpool Street&#039;e g\u00fcney y\u00f6nl\u00fc seferler Silver Street, White Hart Lane, Bruce Grove, Seven Sisters (Londra Metrosu Victoria Hatt\u0131 i\u00e7in), Stamford Hill, Stoke Newington, Rectory Road, Hackney Downs, London Fields, Cambridge Heath ve Bethnal Green&#039;den ge\u00e7mektedir.<\/p><p>Tren yolculu\u011funuzu planlamak i\u00e7in <a href=\"https:\/\/www.nationalrail.co.uk\/\" target=\"_blank\" rel=\"noopener\">BURAYA TIKLAYIN<\/a>.<\/p><h3>Ticari Teslimatlar<\/h3><p>Ticari Teslimatlar a\u015fa\u011f\u0131daki hizmet alanlar\u0131 kullan\u0131larak yap\u0131labilir:<\/p><p>Servis Alan\u0131 1 \u2013 Ye\u015fil A1010 N9 0TQ<br \/>Servis Alan\u0131 2 \u2013 Broadway A1010 N9 0TW<br \/>Hizmet Alan\u0131 3 \u2013 Plevna Yolu N9 0TN<br \/>Hizmet Alan\u0131 4 \u2013 Plevna Yolu N9 0TN<br \/>Hizmet Alan\u0131 6 \u2013 Plevna Yolu N9 0TN<br \/>Servis Alan\u0131 7 \u2013 Plevna Yolu N9 0TE<br \/>Hizmet Alan\u0131 8 \u2013 Plevna Yolu N9 0TZ<br \/>Hizmet Alan\u0131 9 \u2013 Plevna Yolu N9 0TZ<br \/>Hizmet Alan\u0131 10 \u2013 Plevna Yolu N9 0EH<br \/>Hizmet Alan\u0131 11 \u2013 Plevna Yolu N9 0EH<br \/>Hizmet Alan\u0131 12 \u2013 Hertford Yolu N9 0HW<\/p>\t\t\t\t\t\t\t\t<\/div>\n\t\t\t\t<\/div>\n\t\t\t\t<\/div>\n\t\t<div class=\"elementor-element elementor-element-45934cc e-con-full e-flex e-con e-child\" data-id=\"45934cc\" data-element_type=\"container\" data-e-type=\"container\">\n\t\t\t\t<div class=\"elementor-element elementor-element-b031708 elementor-widget elementor-widget-google_maps\" data-id=\"b031708\" data-element_type=\"widget\" data-e-type=\"widget\" data-widget_type=\"google_maps.default\">\n\t\t\t\t<div class=\"elementor-widget-container\">\n\t\t\t\t\t\t\t<div class=\"elementor-custom-embed\">\n\t\t\t<iframe loading=\"lazy\"\n\t\t\t\t\tsrc=\"https:\/\/maps.google.com\/maps?q=Edmonton%20Green%20Shopping%20Centre&#038;t=m&#038;z=16&#038;output=embed&#038;iwloc=near\"\n\t\t\t\t\ttitle=\"Edmonton Green Al\u0131\u015fveri\u015f Merkezi\"\n\t\t\t\t\taria-label=\"Edmonton Green Al\u0131\u015fveri\u015f Merkezi\"\n\t\t\t><\/iframe>\n\t\t<\/div>\n\t\t\t\t\t\t<\/div>\n\t\t\t\t<\/div>\n\t\t\t\t<\/div>\n\t\t\t\t\t<\/div>\n\t\t\t\t<\/div>\n\t\t\t\t<\/div>","protected":false},"excerpt":{"rendered":"<p>Getting Here By Car SAT NAV: N9 0TZ If you are driving, Edmonton Green is fully accessible from major roads including the M25, M11, M1, A406 and A10. We have 1,000 car parking spaces across four car parks, including family spaces and accessibility spaces for blue badge holders. View the parking tariffs HERE. By Bus [&hellip;]<\/p>\n","protected":false},"author":1,"featured_media":0,"parent":0,"menu_order":0,"comment_status":"closed","ping_status":"closed","template":"","meta":{"_acf_changed":false,"site-sidebar-layout":"no-sidebar","site-content-layout":"page-builder","ast-site-content-layout":"full-width-container","site-content-style":"unboxed","site-sidebar-style":"unboxed","ast-global-header-display":"","ast-banner-title-visibility":"","ast-main-header-display":"","ast-hfb-above-header-display":"","ast-hfb-below-header-display":"","ast-hfb-mobile-header-display":"","site-post-title":"disabled","ast-breadcrumbs-content":"","ast-featured-img":"disabled","footer-sml-layout":"","ast-disable-related-posts":"","theme-transparent-header-meta":"","adv-header-id-meta":"","stick-header-meta":"","header-above-stick-meta":"","header-main-stick-meta":"","header-below-stick-meta":"","astra-migrate-meta-layouts":"set","ast-page-background-enabled":"default","ast-page-background-meta":{"desktop":{"background-color":"var(--ast-global-color-4)","background-image":"","background-repeat":"repeat","background-position":"center center","background-size":"auto","background-attachment":"scroll","background-type":"","background-media":"","overlay-type":"","overlay-color":"","overlay-opacity":"","overlay-gradient":""},"tablet":{"background-color":"","background-image":"","background-repeat":"repeat","background-position":"center center","background-size":"auto","background-attachment":"scroll","background-type":"","background-media":"","overlay-type":"","overlay-color":"","overlay-opacity":"","overlay-gradient":""},"mobile":{"background-color":"","background-image":"","background-repeat":"repeat","background-position":"center center","background-size":"auto","background-attachment":"scroll","background-type":"","background-media":"","overlay-type":"","overlay-color":"","overlay-opacity":"","overlay-gradient":""}},"ast-content-background-meta":{"desktop":{"background-color":"var(--ast-global-color-5)","background-image":"","background-repeat":"repeat","background-position":"center center","background-size":"auto","background-attachment":"scroll","background-type":"","background-media":"","overlay-type":"","overlay-color":"","overlay-opacity":"","overlay-gradient":""},"tablet":{"background-color":"var(--ast-global-color-5)","background-image":"","background-repeat":"repeat","background-position":"center center","background-size":"auto","background-attachment":"scroll","background-type":"","background-media":"","overlay-type":"","overlay-color":"","overlay-opacity":"","overlay-gradient":""},"mobile":{"background-color":"var(--ast-global-color-5)","background-image":"","background-repeat":"repeat","background-position":"center center","background-size":"auto","background-attachment":"scroll","background-type":"","background-media":"","overlay-type":"","overlay-color":"","overlay-opacity":"","overlay-gradient":""}},"footnotes":""},"class_list":["post-456","page","type-page","status-publish","hentry"],"acf":[],"_links":{"self":[{"href":"https:\/\/edmontongreencentre.co.uk\/tr\/wp-json\/wp\/v2\/pages\/456","targetHints":{"allow":["GET"]}}],"collection":[{"href":"https:\/\/edmontongreencentre.co.uk\/tr\/wp-json\/wp\/v2\/pages"}],"about":[{"href":"https:\/\/edmontongreencentre.co.uk\/tr\/wp-json\/wp\/v2\/types\/page"}],"author":[{"embeddable":true,"href":"https:\/\/edmontongreencentre.co.uk\/tr\/wp-json\/wp\/v2\/users\/1"}],"replies":[{"embeddable":true,"href":"https:\/\/edmontongreencentre.co.uk\/tr\/wp-json\/wp\/v2\/comments?post=456"}],"version-history":[{"count":0,"href":"https:\/\/edmontongreencentre.co.uk\/tr\/wp-json\/wp\/v2\/pages\/456\/revisions"}],"wp:attachment":[{"href":"https:\/\/edmontongreencentre.co.uk\/tr\/wp-json\/wp\/v2\/media?parent=456"}],"curies":[{"name":"wp","href":"https:\/\/api.w.org\/{rel}","templated":true}]}}