{"id":467,"date":"2023-09-27T12:30:01","date_gmt":"2023-09-27T12:30:01","guid":{"rendered":"https:\/\/edmonton.toolbox.pink\/?page_id=467"},"modified":"2026-02-08T18:02:23","modified_gmt":"2026-02-08T18:02:23","slug":"car-park","status":"publish","type":"page","link":"https:\/\/edmontongreencentre.co.uk\/tr\/car-park\/","title":{"rendered":"Otopark"},"content":{"rendered":"<div data-elementor-type=\"wp-page\" data-elementor-id=\"467\" class=\"elementor elementor-467\" data-elementor-post-type=\"page\">\n\t\t\t\t<div class=\"elementor-element elementor-element-0d8ca90 e-con-full e-flex e-con e-parent\" data-id=\"0d8ca90\" data-element_type=\"container\" data-e-type=\"container\">\n\t\t<div class=\"elementor-element elementor-element-a2906f9 e-con-full e-flex e-con e-child\" data-id=\"a2906f9\" data-element_type=\"container\" data-e-type=\"container\" data-settings=\"{&quot;background_background&quot;:&quot;classic&quot;}\">\n\t\t\t\t<div class=\"elementor-element elementor-element-9594dcc elementor-widget elementor-widget-heading\" data-id=\"9594dcc\" data-element_type=\"widget\" data-e-type=\"widget\" data-widget_type=\"heading.default\">\n\t\t\t\t<div class=\"elementor-widget-container\">\n\t\t\t\t\t<h1 class=\"elementor-heading-title elementor-size-default\">Otopark<\/h1>\t\t\t\t<\/div>\n\t\t\t\t<\/div>\n\t\t\t\t<\/div>\n\t\t\t\t<\/div>\n\t\t<div class=\"elementor-element elementor-element-a4b07de e-flex e-con-boxed e-con e-parent\" data-id=\"a4b07de\" data-element_type=\"container\" data-e-type=\"container\" data-settings=\"{&quot;background_background&quot;:&quot;classic&quot;}\">\n\t\t\t\t\t<div class=\"e-con-inner\">\n\t\t<div class=\"elementor-element elementor-element-9001bd3 e-con-full e-flex e-con e-child\" data-id=\"9001bd3\" data-element_type=\"container\" data-e-type=\"container\">\n\t\t\t\t<div class=\"elementor-element elementor-element-c58abbe elementor-widget__width-inherit elementor-widget elementor-widget-text-editor\" data-id=\"c58abbe\" data-element_type=\"widget\" data-e-type=\"widget\" data-widget_type=\"text-editor.default\">\n\t\t\t\t<div class=\"elementor-widget-container\">\n\t\t\t\t\t\t\t\t\t<p>Edmonton Green&#039;de ANPR sistemine sahip 964 park yeri bulunuyor, bu nedenle merkezden ayr\u0131l\u0131rken \u00f6deme makinesini ziyaret etmeniz yeterli.<\/p><p>Mavi kart sahipleri i\u00e7in 77 adet eri\u015filebilir b\u00f6lme ve 9 adet ana b\u00f6lme daha bulunmaktad\u0131r.<\/p>\t\t\t\t\t\t\t\t<\/div>\n\t\t\t\t<\/div>\n\t\t\t\t<div class=\"elementor-element elementor-element-10998ce elementor-widget elementor-widget-shortcode\" data-id=\"10998ce\" data-element_type=\"widget\" data-e-type=\"widget\" data-widget_type=\"shortcode.default\">\n\t\t\t\t<div class=\"elementor-widget-container\">\n\t\t\t\t\t\t\t<div class=\"elementor-shortcode\">\n<table id=\"tablepress-1\" class=\"tablepress tablepress-id-1\">\n<tbody>\n<tr class=\"row-1\">\n\t<td class=\"column-1\">Otopark<\/td><td class=\"column-2\">Koylar<\/td><td class=\"column-3\">Mavi Rozet<\/td><td class=\"column-4\">Ebeveyn<\/td><td class=\"column-5\">\u00d6deme Makinesi<\/td>\n<\/tr>\n<tr class=\"row-2\">\n\t<td class=\"column-1\">G\u00fcney Alt<\/td><td class=\"column-2\">175<\/td><td class=\"column-3\">37<\/td><td class=\"column-4\">6<\/td><td class=\"column-5\">Asda&#039;da yaln\u0131zca kartla \u00f6deme yapan \u00fc\u00e7 makine<\/td>\n<\/tr>\n<tr class=\"row-3\">\n\t<td class=\"column-1\">G\u00fcney \u00dcst<\/td><td class=\"column-2\">196<\/td><td class=\"column-3\">0<\/td><td class=\"column-4\">0<\/td><td class=\"column-5\">Makine yok<\/td>\n<\/tr>\n<tr class=\"row-4\">\n\t<td class=\"column-1\">Kuzey<\/td><td class=\"column-2\">160<\/td><td class=\"column-3\">19<\/td><td class=\"column-4\">0<\/td><td class=\"column-5\">Sadece kartla \u00e7al\u0131\u015fan iki makine<\/td>\n<\/tr>\n<tr class=\"row-5\">\n\t<td class=\"column-1\">\u00c7ok Katl\u0131<\/td><td class=\"column-2\">401<\/td><td class=\"column-3\">19<\/td><td class=\"column-4\">3<\/td><td class=\"column-5\">Kart sadece zemin katta<\/td>\n<\/tr>\n<tr class=\"row-6\">\n\t<td class=\"column-1\">K\u0131sa S\u00fcreli Kal\u0131\u015f<\/td><td class=\"column-2\">32<\/td><td class=\"column-3\">2<\/td><td class=\"column-4\">0<\/td><td class=\"column-5\">Sadece kartl\u0131 bir makine<\/td>\n<\/tr>\n<\/tbody>\n<\/table>\n<!-- #tablepress-1 from cache --><\/div>\n\t\t\t\t\t\t<\/div>\n\t\t\t\t<\/div>\n\t\t\t\t<div class=\"elementor-element elementor-element-91c4503 elementor-widget__width-inherit elementor-widget elementor-widget-text-editor\" data-id=\"91c4503\" data-element_type=\"widget\" data-e-type=\"widget\" data-widget_type=\"text-editor.default\">\n\t\t\t\t<div class=\"elementor-widget-container\">\n\t\t\t\t\t\t\t\t\t<p><span style=\"font-style: inherit; font-weight: inherit; background-color: var( --e-global-color-astglobalcolor5 ); color: var(--ast-global-color-0);\">Ayr\u0131ca Greggs&#039;in yan\u0131ndaki South Mall&#039;da bir kart ve nakit makinesi de bulunmaktad\u0131r.<\/span><\/p><p><a href=\"https:\/\/edmontongreencentre.co.uk\/wp-content\/uploads\/2024\/10\/TR-Edmonton-Green_Autumn2024.pdf\" target=\"_blank\" rel=\"noopener\">Merkez haritam\u0131z\u0131 buradan inceleyebilirsiniz.<\/a><\/p>\t\t\t\t\t\t\t\t<\/div>\n\t\t\t\t<\/div>\n\t\t\t\t<\/div>\n\t\t<div class=\"elementor-element elementor-element-45934cc e-con-full e-flex e-con e-child\" data-id=\"45934cc\" data-element_type=\"container\" data-e-type=\"container\">\n\t\t\t\t<div class=\"elementor-element elementor-element-22cb228 elementor-widget__width-inherit elementor-widget elementor-widget-text-editor\" data-id=\"22cb228\" data-element_type=\"widget\" data-e-type=\"widget\" data-widget_type=\"text-editor.default\">\n\t\t\t\t<div class=\"elementor-widget-container\">\n\t\t\t\t\t\t\t\t\t<h3>Tarifeler<\/h3><p>1 saate kadar\u2026\u20261,50 \u00a3<br \/>En fazla 3 saat\u2026 3,00 \u00a3<br \/>5 saate kadar\u2026 5,00 \u00a3<br \/>6 ila 24 saat\u2026..\u00a310.00<br \/>Ayl\u0131k Ge\u00e7i\u015f\u2026..75,00 \u00a3 (Sadece Uzun D\u00f6nemli Otopark)<\/p><h4>K\u0131sa S\u00fcreli Otopark Tarifeleri\u00a0<br \/><span style=\"font-style: inherit; font-weight: inherit; background-color: var( --e-global-color-astglobalcolor5 ); color: var(--ast-global-color-0);\">Pazartesiden pazara kadar ge\u00e7erlidir<\/span><\/h4><p>0-20 dakika\u2026\u2026\u2026\u2026\u2026\u2026.\u00dccretsiz<\/p><p>20 dakikadan 1 saate kadar\u2026..\u00a310<\/p><p><strong>Mavi rozetle \u00fccretsiz park edin<\/strong><\/p><p>Ge\u00e7erli bir Mavi Rozetiniz varsa veya ge\u00e7erli bir rozete sahip bir yolcu ta\u015f\u0131yorsan\u0131z, Edmonton Green al\u0131\u015fveri\u015f merkezinde \u00dcCRETS\u0130Z park yeri i\u00e7in a\u015fa\u011f\u0131daki formu doldurarak ba\u015fvuruda bulunabilirsiniz: <a href=\"https:\/\/edmontongreencentre.co.uk\/wp-content\/uploads\/2023\/09\/BlueBadge.pdf\"><span style=\"text-decoration: underline;\"><strong>Burada<\/strong><\/span><\/a>veya daha fazla bilgi i\u00e7in 0208 8034 414&#039;\u00fc aray\u0131n.<\/p><p>Mavi Rozet park kurallar\u0131 ve k\u0131s\u0131tlamalar\u0131 hakk\u0131nda bilgi edinmek i\u00e7in t\u0131klay\u0131n <a href=\"https:\/\/edmontongreencentre.co.uk\/tr\/blue-badge\/\"><span style=\"text-decoration: underline;\"><strong>Burada<\/strong><\/span><\/a>.<\/p><p>Herhangi bir sorunuz varsa veya Ayl\u0131k Ge\u00e7i\u015f ile ilgileniyorsan\u0131z,<br \/>L\u00fctfen 03700427216 numaral\u0131 telefondan 7\/24 m\u00fc\u015fteri deste\u011fimizle ileti\u015fime ge\u00e7in veya e-posta g\u00f6nderin<br \/><a href=\"mailto:clearpark@g24.co.uk\">clearpark@g24.co.uk<\/a> yard\u0131m i\u00e7in.<\/p><p>Edmonton Green&#039;in sahibi, tarifeleri herhangi bir zamanda de\u011fi\u015ftirme hakk\u0131n\u0131 sakl\u0131 tutar.<\/p><p>Edmonton Green Al\u0131\u015fveri\u015f Merkezi veya otoparklar i\u00e7in s\u00f6zle\u015fmeli y\u00f6netim acentesi, otoparklardaki ara\u00e7larda veya e\u015fyalarda meydana gelen kay\u0131p veya hasardan sorumlu de\u011fildir.<\/p><h3>Y\u00fckseklik S\u0131n\u0131rlamalar\u0131<\/h3><p>K\u0131sa S\u00fcreli Konaklama \u2013 2,2m <br \/>Asda rampas\u0131 \u2013 2,2 m Y\u00fckseklik s\u0131n\u0131rlamas\u0131 ve 2,5 T a\u011f\u0131rl\u0131k s\u0131n\u0131rlamas\u0131<br \/>MSCP-2,0 milyon<\/p>\t\t\t\t\t\t\t\t<\/div>\n\t\t\t\t<\/div>\n\t\t\t\t<\/div>\n\t\t\t\t\t<\/div>\n\t\t\t\t<\/div>\n\t\t\t\t<\/div>","protected":false},"excerpt":{"rendered":"<p>Parking Edmonton Green has 964 parking spaces with an ANPR system so simply visit a pay machine as you leave the centre. There are an additional 77 accessible bays for blue badge holders and 9 parent bays. There is also a card and cash machine located on South Mall next to Greggs. View our centre [&hellip;]<\/p>\n","protected":false},"author":1,"featured_media":0,"parent":0,"menu_order":0,"comment_status":"closed","ping_status":"closed","template":"","meta":{"_acf_changed":false,"site-sidebar-layout":"no-sidebar","site-content-layout":"page-builder","ast-site-content-layout":"full-width-container","site-content-style":"unboxed","site-sidebar-style":"unboxed","ast-global-header-display":"","ast-banner-title-visibility":"","ast-main-header-display":"","ast-hfb-above-header-display":"","ast-hfb-below-header-display":"","ast-hfb-mobile-header-display":"","site-post-title":"disabled","ast-breadcrumbs-content":"","ast-featured-img":"disabled","footer-sml-layout":"","ast-disable-related-posts":"","theme-transparent-header-meta":"","adv-header-id-meta":"","stick-header-meta":"","header-above-stick-meta":"","header-main-stick-meta":"","header-below-stick-meta":"","astra-migrate-meta-layouts":"set","ast-page-background-enabled":"default","ast-page-background-meta":{"desktop":{"background-color":"var(--ast-global-color-4)","background-image":"","background-repeat":"repeat","background-position":"center center","background-size":"auto","background-attachment":"scroll","background-type":"","background-media":"","overlay-type":"","overlay-color":"","overlay-opacity":"","overlay-gradient":""},"tablet":{"background-color":"","background-image":"","background-repeat":"repeat","background-position":"center center","background-size":"auto","background-attachment":"scroll","background-type":"","background-media":"","overlay-type":"","overlay-color":"","overlay-opacity":"","overlay-gradient":""},"mobile":{"background-color":"","background-image":"","background-repeat":"repeat","background-position":"center center","background-size":"auto","background-attachment":"scroll","background-type":"","background-media":"","overlay-type":"","overlay-color":"","overlay-opacity":"","overlay-gradient":""}},"ast-content-background-meta":{"desktop":{"background-color":"var(--ast-global-color-5)","background-image":"","background-repeat":"repeat","background-position":"center center","background-size":"auto","background-attachment":"scroll","background-type":"","background-media":"","overlay-type":"","overlay-color":"","overlay-opacity":"","overlay-gradient":""},"tablet":{"background-color":"var(--ast-global-color-5)","background-image":"","background-repeat":"repeat","background-position":"center center","background-size":"auto","background-attachment":"scroll","background-type":"","background-media":"","overlay-type":"","overlay-color":"","overlay-opacity":"","overlay-gradient":""},"mobile":{"background-color":"var(--ast-global-color-5)","background-image":"","background-repeat":"repeat","background-position":"center center","background-size":"auto","background-attachment":"scroll","background-type":"","background-media":"","overlay-type":"","overlay-color":"","overlay-opacity":"","overlay-gradient":""}},"footnotes":""},"class_list":["post-467","page","type-page","status-publish","hentry"],"acf":[],"_links":{"self":[{"href":"https:\/\/edmontongreencentre.co.uk\/tr\/wp-json\/wp\/v2\/pages\/467","targetHints":{"allow":["GET"]}}],"collection":[{"href":"https:\/\/edmontongreencentre.co.uk\/tr\/wp-json\/wp\/v2\/pages"}],"about":[{"href":"https:\/\/edmontongreencentre.co.uk\/tr\/wp-json\/wp\/v2\/types\/page"}],"author":[{"embeddable":true,"href":"https:\/\/edmontongreencentre.co.uk\/tr\/wp-json\/wp\/v2\/users\/1"}],"replies":[{"embeddable":true,"href":"https:\/\/edmontongreencentre.co.uk\/tr\/wp-json\/wp\/v2\/comments?post=467"}],"version-history":[{"count":6,"href":"https:\/\/edmontongreencentre.co.uk\/tr\/wp-json\/wp\/v2\/pages\/467\/revisions"}],"predecessor-version":[{"id":3620,"href":"https:\/\/edmontongreencentre.co.uk\/tr\/wp-json\/wp\/v2\/pages\/467\/revisions\/3620"}],"wp:attachment":[{"href":"https:\/\/edmontongreencentre.co.uk\/tr\/wp-json\/wp\/v2\/media?parent=467"}],"curies":[{"name":"wp","href":"https:\/\/api.w.org\/{rel}","templated":true}]}}