{"id":472,"date":"2023-09-27T12:33:14","date_gmt":"2023-09-27T12:33:14","guid":{"rendered":"https:\/\/edmonton.toolbox.pink\/?page_id=472"},"modified":"2024-10-11T08:54:28","modified_gmt":"2024-10-11T07:54:28","slug":"facilities","status":"publish","type":"page","link":"https:\/\/edmontongreencentre.co.uk\/tr\/facilities\/","title":{"rendered":"Tesisler"},"content":{"rendered":"<div data-elementor-type=\"wp-page\" data-elementor-id=\"472\" class=\"elementor elementor-472\" data-elementor-post-type=\"page\">\n\t\t\t\t<div class=\"elementor-element elementor-element-0d8ca90 e-con-full e-flex e-con e-parent\" data-id=\"0d8ca90\" data-element_type=\"container\" data-e-type=\"container\">\n\t\t<div class=\"elementor-element elementor-element-a2906f9 e-con-full e-flex e-con e-child\" data-id=\"a2906f9\" data-element_type=\"container\" data-e-type=\"container\" data-settings=\"{&quot;background_background&quot;:&quot;classic&quot;}\">\n\t\t\t\t<div class=\"elementor-element elementor-element-9594dcc elementor-widget elementor-widget-heading\" data-id=\"9594dcc\" data-element_type=\"widget\" data-e-type=\"widget\" data-widget_type=\"heading.default\">\n\t\t\t\t<div class=\"elementor-widget-container\">\n\t\t\t\t\t<h1 class=\"elementor-heading-title elementor-size-default\">Tesisler<\/h1>\t\t\t\t<\/div>\n\t\t\t\t<\/div>\n\t\t\t\t<\/div>\n\t\t\t\t<\/div>\n\t\t<div class=\"elementor-element elementor-element-a4b07de e-flex e-con-boxed e-con e-parent\" data-id=\"a4b07de\" data-element_type=\"container\" data-e-type=\"container\" data-settings=\"{&quot;background_background&quot;:&quot;classic&quot;}\">\n\t\t\t\t\t<div class=\"e-con-inner\">\n\t\t<div class=\"elementor-element elementor-element-9001bd3 e-con-full e-flex e-con e-child\" data-id=\"9001bd3\" data-element_type=\"container\" data-e-type=\"container\">\n\t\t\t\t<div class=\"elementor-element elementor-element-91c4503 elementor-widget__width-inherit elementor-widget elementor-widget-text-editor\" data-id=\"91c4503\" data-element_type=\"widget\" data-e-type=\"widget\" data-widget_type=\"text-editor.default\">\n\t\t\t\t<div class=\"elementor-widget-container\">\n\t\t\t\t\t\t\t\t\t<p>Edmonton Green, al\u0131\u015fveri\u015f deneyiminizi keyifli, g\u00fcvenli ve stressiz hale getirmek i\u00e7in \u00e7e\u015fitli m\u00fc\u015fteri hizmetleri sunmaktan gurur duyar.<\/p><ul><li>\u00dccretsiz Wi-Fi<\/li><li>Eri\u015filebilir tuvaletler<\/li><li>Ma\u011fazamobilitesi<\/li><li>ATM Makineleri<\/li><li>Bebek bak\u0131m tesisleri<\/li><li>Ana otob\u00fcs istasyonu<\/li><li>Edmonton Green tren istasyonu merkeze 1 dakikal\u0131k y\u00fcr\u00fcme mesafesindedir<\/li><li>Western Union Para transferi<\/li><li>T\u00fcm otoparklarda mavi rozetli park yerleri<\/li><li>1.000&#039;den fazla park yeri<\/li><\/ul><p>Merkez Y\u00f6netim Ofisi, Pazar Meydan\u0131&#039;n\u0131n \u00fcst kat\u0131nda yer almaktad\u0131r. Burada g\u00fcler y\u00fczl\u00fc personelimiz, Merkez hakk\u0131nda size yard\u0131mc\u0131 olabilir ve bilgi verebilir.<\/p><p>L\u00fctfen 0208 803 4414&#039;\u00fc aray\u0131n veya edmontongreen@ashdownphillips.com adresine e-posta g\u00f6nderin.<\/p><h3>Kay\u0131p E\u015fya<\/h3><p>Kay\u0131p e\u015fyalar i\u00e7in l\u00fctfen 0208 345 6103 numaral\u0131 telefondan G\u00fcvenlik Ofisi ile ileti\u015fime ge\u00e7in veya edmontongreen@ashdownphillips.com adresine e-posta g\u00f6nderin.<\/p><h3>Bo\u015f vakit<\/h3><p>Edmonton Green sadece al\u0131\u015fveri\u015f i\u00e7in harika bir yer de\u011fil, ayn\u0131 zamanda \u00e7ok \u00e7e\u015fitli e\u011flence olanaklar\u0131 da var. L\u00fctfen ziyaret edin <a href=\"https:\/\/edmontongreencentre.co.uk\/tr\/shop\/\">ma\u011faza dizini<\/a>.<\/p><h3>Ma\u011fazamobilitesi<\/h3><p>Sal\u0131dan cumartesiye 09:30-17:00<\/p><p>Shopmobility, hareket kabiliyeti k\u0131s\u0131tl\u0131 olan al\u0131\u015fveri\u015f\u00e7ilere motorlu veya manuel scooter ve tekerlekli sandalye sa\u011flayan bir programd\u0131r.<\/p><p>Shopmobility, engellili\u011fi kal\u0131c\u0131 veya ge\u00e7ici olsun, hareket kabiliyeti sorunlar\u0131 olan herkes i\u00e7indir ve hem sakinler hem de ziyaret\u00e7iler i\u00e7indir. \u0130nsanlar\u0131n Edmonton Green ve Enfield Town&#039;daki ma\u011fazalara ve hizmetlere eri\u015febilmelerini sa\u011flamak i\u00e7in manuel ve elektrikli tekerlekli sandalyeler ve elektrikli scooter&#039;lar i\u00e7in \u00fccretsiz g\u00fcnl\u00fck \u00f6d\u00fcn\u00e7 verme hizmeti sa\u011flar.<\/p><p>Ekipman\u0131 kullanmak i\u00e7in ad\u0131n\u0131z\u0131 ve adresinizi g\u00f6steren iki kimlik belgesi sunarak kay\u0131t yapt\u0131rman\u0131z gerekecektir; \u00f6rne\u011fin, son banka ekstresi, ehliyet veya son elektrik\/su\/do\u011falgaz faturas\u0131.<\/p><p>\u0130lk defa tekerlekli sandalye veya scooter kulland\u0131\u011f\u0131n\u0131zda hangisiyle kendinizi en rahat hissetti\u011finizi se\u00e7ebileceksiniz, ard\u0131ndan e\u011fitimli bir personel taraf\u0131ndan g\u00fcvenli bir \u015fekilde nas\u0131l kullan\u0131laca\u011f\u0131 size g\u00f6sterilecektir.<\/p><p>Edmonton Shopmobility, 4 Monmouth Road&#039;da (Edmonton Baptist Kilisesi&#039;nin arkas\u0131nda) bulunabilir<\/p><p>Daha fazla bilgi i\u00e7in ileti\u015fime ge\u00e7in <a href=\"tel:02083791193\">020 8379 1193<\/a> veya <a href=\"https:\/\/www.enfield.gov.uk\/services\/roads-and-transport\/shopmobility\" target=\"_blank\" rel=\"noopener\">buraya t\u0131klay\u0131n<\/a>.<\/p>\t\t\t\t\t\t\t\t<\/div>\n\t\t\t\t<\/div>\n\t\t\t\t<\/div>\n\t\t<div class=\"elementor-element elementor-element-45934cc e-con-full e-flex e-con e-child\" data-id=\"45934cc\" data-element_type=\"container\" data-e-type=\"container\">\n\t\t\t\t<div class=\"elementor-element elementor-element-706ea8b elementor-widget elementor-widget-text-editor\" data-id=\"706ea8b\" data-element_type=\"widget\" data-e-type=\"widget\" data-widget_type=\"text-editor.default\">\n\t\t\t\t<div class=\"elementor-widget-container\">\n\t\t\t\t\t\t\t\t\t<h3>Taksi Hizmeti<\/h3><p>K\u0131sa S\u00fcreli Otopark&#039;ta taksi hizmeti bulunmaktad\u0131r:<\/p><p>Market Car Service Limited, Edmonton Green Al\u0131\u015fveri\u015f Merkezi, 26 The Concourse, Londra N9 0TY<\/p><p><a href=\"https:\/\/www.marketcarservice.com\" target=\"_blank\" rel=\"noopener\">www.marketcarservice.com<\/a><br \/><a href=\"tel:02088033407\">020 8803 3407<\/a><\/p><h3>Edmonton GP Sa\u011fl\u0131k Merkezi<\/h3><p>Smythe Close&#039;daki Evergreen Birincil Bak\u0131m Merkezi&#039;nde bulunan Edmonton GP Sa\u011fl\u0131k Merkezi, seyahat a\u015f\u0131lar\u0131, bebek klinikleri, cinsel sa\u011fl\u0131k taramalar\u0131 ve KOAH gibi bir\u00e7ok konuyu kapsayan bir dizi hizmet sunmaktad\u0131r.<\/p><p>\u00c7al\u0131\u015fma saatleri: Pazartesi - Cuma: 08.00 - 18.30, Cumartesi: 08.00 - 13.00<\/p><p>Daha fazla bilgi i\u00e7in, <a href=\"https:\/\/www.evergreensurgery.nhs.uk\/\" target=\"_blank\" rel=\"noopener\">buraya t\u0131klay\u0131n<\/a>.<\/p><h3>Edmonton Ye\u015fil K\u00fct\u00fcphanesi<\/h3><p>Edmonton Green K\u00fct\u00fcphanesi, 36-44 South Mall&#039;da bulunmaktad\u0131r. Hizmetler aras\u0131nda DVD&#039;ler, \u00fccretsiz internet ve bilgisayar eri\u015fimi, referans k\u00fct\u00fcphanesi, \u00e7al\u0131\u015fma alan\u0131, \u00f6dev merkezi ve a\u00e7\u0131k \u00f6\u011frenme merkezi bulunmaktad\u0131r. Ayr\u0131ca yeti\u015fkinler ve \u00e7ocuklar i\u00e7in haftal\u0131k bazda bir dizi etkinlik de vard\u0131r.<\/p><p>\u00c7al\u0131\u015fma saatleri: Pazartesi - Per\u015fembe: 09.00 - 19.00, Cuma: 09.00 - 17.30, Cumartesi: 09.00 - 17.00<\/p><h3>Baptist Kilisesi<\/h3><p>1976 y\u0131l\u0131nda in\u015fa edilen kilise binas\u0131, yakla\u015f\u0131k 76.000 ki\u015filik bir n\u00fcfusa hizmet veren yo\u011fun bir yerel al\u0131\u015fveri\u015f b\u00f6lgesinin ba\u015f\u0131nda yer almaktad\u0131r. B\u00f6lge, \u00f6n\u00fcm\u00fczdeki birka\u00e7 y\u0131l i\u00e7inde kendi kilise binam\u0131z i\u00e7in etkileri olabilecek b\u00fcy\u00fck bir tadilattan ge\u00e7mektedir. Cemaatin yakla\u015f\u0131k 90%&#039;si kilisenin bir mil yar\u0131\u00e7ap\u0131nda ya\u015famaktad\u0131r ve bu da ona g\u00fc\u00e7l\u00fc bir yerel his vermektedir.<\/p><h3>Sanat Tesisleri<\/h3><p>Facefront Kapsay\u0131c\u0131 Tiyatro \u2013 52 Market Meydan\u0131 Birinci Kat<\/p><p>Face Front, sanat arac\u0131l\u0131\u011f\u0131yla toplumla kapsay\u0131c\u0131 bir \u015fekilde \u00e7al\u0131\u015f\u0131yor.<\/p>\t\t\t\t\t\t\t\t<\/div>\n\t\t\t\t<\/div>\n\t\t\t\t<\/div>\n\t\t\t\t\t<\/div>\n\t\t\t\t<\/div>\n\t\t\t\t<\/div>","protected":false},"excerpt":{"rendered":"<p>Facilities Edmonton Green is proud to offer a range of customer services to make your shopping experience enjoyable, safe and stress-free. Free WIFI Accessible toilets Shopmobility ATM Machines Baby change facilities Main bus station Edmonton Green train station 1-minute walk from the centre Western Union Money transfer Blue badge parking bays in all car parks [&hellip;]<\/p>\n","protected":false},"author":1,"featured_media":0,"parent":0,"menu_order":0,"comment_status":"closed","ping_status":"closed","template":"","meta":{"_acf_changed":false,"site-sidebar-layout":"no-sidebar","site-content-layout":"page-builder","ast-site-content-layout":"full-width-container","site-content-style":"unboxed","site-sidebar-style":"unboxed","ast-global-header-display":"","ast-banner-title-visibility":"","ast-main-header-display":"","ast-hfb-above-header-display":"","ast-hfb-below-header-display":"","ast-hfb-mobile-header-display":"","site-post-title":"disabled","ast-breadcrumbs-content":"","ast-featured-img":"disabled","footer-sml-layout":"","ast-disable-related-posts":"","theme-transparent-header-meta":"","adv-header-id-meta":"","stick-header-meta":"","header-above-stick-meta":"","header-main-stick-meta":"","header-below-stick-meta":"","astra-migrate-meta-layouts":"set","ast-page-background-enabled":"default","ast-page-background-meta":{"desktop":{"background-color":"var(--ast-global-color-4)","background-image":"","background-repeat":"repeat","background-position":"center center","background-size":"auto","background-attachment":"scroll","background-type":"","background-media":"","overlay-type":"","overlay-color":"","overlay-opacity":"","overlay-gradient":""},"tablet":{"background-color":"","background-image":"","background-repeat":"repeat","background-position":"center center","background-size":"auto","background-attachment":"scroll","background-type":"","background-media":"","overlay-type":"","overlay-color":"","overlay-opacity":"","overlay-gradient":""},"mobile":{"background-color":"","background-image":"","background-repeat":"repeat","background-position":"center center","background-size":"auto","background-attachment":"scroll","background-type":"","background-media":"","overlay-type":"","overlay-color":"","overlay-opacity":"","overlay-gradient":""}},"ast-content-background-meta":{"desktop":{"background-color":"var(--ast-global-color-5)","background-image":"","background-repeat":"repeat","background-position":"center center","background-size":"auto","background-attachment":"scroll","background-type":"","background-media":"","overlay-type":"","overlay-color":"","overlay-opacity":"","overlay-gradient":""},"tablet":{"background-color":"var(--ast-global-color-5)","background-image":"","background-repeat":"repeat","background-position":"center center","background-size":"auto","background-attachment":"scroll","background-type":"","background-media":"","overlay-type":"","overlay-color":"","overlay-opacity":"","overlay-gradient":""},"mobile":{"background-color":"var(--ast-global-color-5)","background-image":"","background-repeat":"repeat","background-position":"center center","background-size":"auto","background-attachment":"scroll","background-type":"","background-media":"","overlay-type":"","overlay-color":"","overlay-opacity":"","overlay-gradient":""}},"footnotes":""},"class_list":["post-472","page","type-page","status-publish","hentry"],"acf":[],"_links":{"self":[{"href":"https:\/\/edmontongreencentre.co.uk\/tr\/wp-json\/wp\/v2\/pages\/472","targetHints":{"allow":["GET"]}}],"collection":[{"href":"https:\/\/edmontongreencentre.co.uk\/tr\/wp-json\/wp\/v2\/pages"}],"about":[{"href":"https:\/\/edmontongreencentre.co.uk\/tr\/wp-json\/wp\/v2\/types\/page"}],"author":[{"embeddable":true,"href":"https:\/\/edmontongreencentre.co.uk\/tr\/wp-json\/wp\/v2\/users\/1"}],"replies":[{"embeddable":true,"href":"https:\/\/edmontongreencentre.co.uk\/tr\/wp-json\/wp\/v2\/comments?post=472"}],"version-history":[{"count":0,"href":"https:\/\/edmontongreencentre.co.uk\/tr\/wp-json\/wp\/v2\/pages\/472\/revisions"}],"wp:attachment":[{"href":"https:\/\/edmontongreencentre.co.uk\/tr\/wp-json\/wp\/v2\/media?parent=472"}],"curies":[{"name":"wp","href":"https:\/\/api.w.org\/{rel}","templated":true}]}}