{"id":489,"date":"2023-09-27T12:45:56","date_gmt":"2023-09-27T12:45:56","guid":{"rendered":"https:\/\/edmonton.toolbox.pink\/?page_id=489"},"modified":"2023-10-16T12:58:55","modified_gmt":"2023-10-16T12:58:55","slug":"dementia-friendly","status":"publish","type":"page","link":"https:\/\/edmontongreencentre.co.uk\/tr\/dementia-friendly\/","title":{"rendered":"Demans Dostu"},"content":{"rendered":"<div data-elementor-type=\"wp-page\" data-elementor-id=\"489\" class=\"elementor elementor-489\" data-elementor-post-type=\"page\">\n\t\t\t\t<div class=\"elementor-element elementor-element-0d8ca90 e-con-full e-flex e-con e-parent\" data-id=\"0d8ca90\" data-element_type=\"container\" data-e-type=\"container\">\n\t\t<div class=\"elementor-element elementor-element-a2906f9 e-con-full e-flex e-con e-child\" data-id=\"a2906f9\" data-element_type=\"container\" data-e-type=\"container\" data-settings=\"{&quot;background_background&quot;:&quot;classic&quot;}\">\n\t\t\t\t<div class=\"elementor-element elementor-element-9594dcc elementor-widget elementor-widget-heading\" data-id=\"9594dcc\" data-element_type=\"widget\" data-e-type=\"widget\" data-widget_type=\"heading.default\">\n\t\t\t\t<div class=\"elementor-widget-container\">\n\t\t\t\t\t<h1 class=\"elementor-heading-title elementor-size-default\">Demans Dostu<\/h1>\t\t\t\t<\/div>\n\t\t\t\t<\/div>\n\t\t\t\t<\/div>\n\t\t\t\t<\/div>\n\t\t<div class=\"elementor-element elementor-element-a4b07de e-flex e-con-boxed e-con e-parent\" data-id=\"a4b07de\" data-element_type=\"container\" data-e-type=\"container\" data-settings=\"{&quot;background_background&quot;:&quot;classic&quot;}\">\n\t\t\t\t\t<div class=\"e-con-inner\">\n\t\t<div class=\"elementor-element elementor-element-9001bd3 e-con-full e-flex e-con e-child\" data-id=\"9001bd3\" data-element_type=\"container\" data-e-type=\"container\">\n\t\t\t\t<div class=\"elementor-element elementor-element-91c4503 elementor-widget__width-inherit elementor-widget elementor-widget-text-editor\" data-id=\"91c4503\" data-element_type=\"widget\" data-e-type=\"widget\" data-widget_type=\"text-editor.default\">\n\t\t\t\t<div class=\"elementor-widget-container\">\n\t\t\t\t\t\t\t\t\t<p>Edmonton Green Al\u0131\u015fveri\u015f Merkezi art\u0131k Enfield Dementia Alliance&#039;\u0131n onayl\u0131 bir \u00fcyesidir. Bu, Alzheimer Derne\u011fi taraf\u0131ndan demans dostu bir topluluk olma yolunda \u00e7al\u0131\u015ft\u0131\u011f\u0131m\u0131z i\u00e7in tan\u0131nd\u0131\u011f\u0131m\u0131z anlam\u0131na gelir.<\/p><p>Demans dostu bir topluluk, demans hastalar\u0131n\u0131n anla\u015f\u0131ld\u0131\u011f\u0131, sayg\u0131 duyuldu\u011fu ve desteklendi\u011fi bir \u015fehir, kasaba veya k\u00f6yd\u00fcr. Demans dostu bir toplulukta insanlar demans\u0131n fark\u0131nda olacak ve anlayacaklard\u0131r, b\u00f6ylece demans hastalar\u0131 istedikleri \u015fekilde ve se\u00e7tikleri toplulukta ya\u015famaya devam edebilirler.<\/p><p>\u00a0<\/p><h3>\u015eimdiye kadar neler yapt\u0131k<\/h3><ul><li>\u015eu ana kadar y\u00f6netim ekibimizle birlikte bir demans dostu \u00e7al\u0131\u015ftay\u0131na kat\u0131ld\u0131k.<\/li><li>Ekibimizin \u00fc\u00e7 \u00fcyesi demans dostu olmak i\u00e7in imza att\u0131.<\/li><li>Perakendecilerimiz ve daha geni\u015f i\u015fletmemizle bilgi payla\u015f\u0131m\u0131<\/li><li>Demans dostu bir harita geli\u015ftirildi<\/li><\/ul><p><a href=\"https:\/\/edmontongreencentre.co.uk\/wp-content\/uploads\/2023\/09\/Dementia-Friendly-Map.pdf\" target=\"_blank\" rel=\"noopener\">Haritay\u0131 buradan indirin<\/a><\/p>\t\t\t\t\t\t\t\t<\/div>\n\t\t\t\t<\/div>\n\t\t\t\t<\/div>\n\t\t<div class=\"elementor-element elementor-element-45934cc e-con-full e-flex e-con e-child\" data-id=\"45934cc\" data-element_type=\"container\" data-e-type=\"container\">\n\t\t\t\t<div class=\"elementor-element elementor-element-22cb228 elementor-widget__width-inherit elementor-widget elementor-widget-text-editor\" data-id=\"22cb228\" data-element_type=\"widget\" data-e-type=\"widget\" data-widget_type=\"text-editor.default\">\n\t\t\t\t<div class=\"elementor-widget-container\">\n\t\t\t\t\t\t\t\t\t<p>Demans taahh\u00fcd\u00fcm\u00fcz, \u00e7al\u0131\u015fanlar\u0131m\u0131z\u0131n demans konusundaki anlay\u0131\u015flar\u0131n\u0131 geli\u015ftirme ve m\u00fc\u015fterilerimizin ve demansla ya\u015fayan toplulu\u011fumuzun ihtiya\u00e7lar\u0131n\u0131 kar\u015f\u0131lamak i\u00e7in sundu\u011fumuz hizmeti uyarlamaya ve iyile\u015ftirmeye devam etme konusundaki kararl\u0131l\u0131\u011f\u0131m\u0131z\u0131 g\u00f6stermektir.<\/p><p><a href=\"https:\/\/edmontongreencentre.co.uk\/wp-content\/uploads\/2023\/09\/Action-plan-1.pdf\">BURAYA TIKLAYIN<\/a>\u00a0Demans dostu eylem plan\u0131m\u0131z\u0131 g\u00f6r\u00fcnt\u00fclemek i\u00e7in.<\/p><p>Edmonton Green Al\u0131\u015fveri\u015f Merkezi&#039;ndeki demans dostu iyile\u015ftirmeler ve de\u011fi\u015fikliklerle ilgili olarak bu sayfay\u0131 d\u00fczenli olarak g\u00fcncelleyece\u011fiz.<\/p>\t\t\t\t\t\t\t\t<\/div>\n\t\t\t\t<\/div>\n\t\t\t\t<\/div>\n\t\t\t\t\t<\/div>\n\t\t\t\t<\/div>\n\t\t<div class=\"elementor-element elementor-element-890adc8 e-flex e-con-boxed e-con e-parent\" data-id=\"890adc8\" data-element_type=\"container\" data-e-type=\"container\" data-settings=\"{&quot;background_background&quot;:&quot;classic&quot;}\">\n\t\t\t\t\t<div class=\"e-con-inner\">\n\t\t\t\t<div class=\"elementor-element elementor-element-8709c0f elementor-widget elementor-widget-image\" data-id=\"8709c0f\" data-element_type=\"widget\" data-e-type=\"widget\" data-widget_type=\"image.default\">\n\t\t\t\t<div class=\"elementor-widget-container\">\n\t\t\t\t\t\t\t\t\t\t\t\t\t\t\t<img fetchpriority=\"high\" decoding=\"async\" width=\"2000\" height=\"1414\" src=\"https:\/\/edmontongreencentre.co.uk\/wp-content\/uploads\/2023\/09\/Dementia-Friendly-Map.jpg\" class=\"attachment-full size-full wp-image-493\" alt=\"\" srcset=\"https:\/\/edmontongreencentre.co.uk\/wp-content\/uploads\/2023\/09\/Dementia-Friendly-Map.jpg 2000w, https:\/\/edmontongreencentre.co.uk\/wp-content\/uploads\/2023\/09\/Dementia-Friendly-Map-300x212.jpg 300w, https:\/\/edmontongreencentre.co.uk\/wp-content\/uploads\/2023\/09\/Dementia-Friendly-Map-1024x724.jpg 1024w, https:\/\/edmontongreencentre.co.uk\/wp-content\/uploads\/2023\/09\/Dementia-Friendly-Map-768x543.jpg 768w, https:\/\/edmontongreencentre.co.uk\/wp-content\/uploads\/2023\/09\/Dementia-Friendly-Map-1536x1086.jpg 1536w\" sizes=\"(max-width: 2000px) 100vw, 2000px\" \/>\t\t\t\t\t\t\t\t\t\t\t\t\t\t\t<\/div>\n\t\t\t\t<\/div>\n\t\t\t\t\t<\/div>\n\t\t\t\t<\/div>\n\t\t\t\t<\/div>","protected":false},"excerpt":{"rendered":"<p>Dementia Friendly Edmonton Green Shopping Centre is now an approved member of the Enfield Dementia Alliance. This means we have been recognised by the Alzheimer\u2019s Society as working towards becoming a dementia-friendly community. A dementia-friendly community is a city, town or village where people with dementia are understood, respected and supported. In a dementia-friendly community [&hellip;]<\/p>\n","protected":false},"author":1,"featured_media":0,"parent":0,"menu_order":0,"comment_status":"closed","ping_status":"closed","template":"","meta":{"_acf_changed":false,"site-sidebar-layout":"no-sidebar","site-content-layout":"page-builder","ast-site-content-layout":"full-width-container","site-content-style":"unboxed","site-sidebar-style":"unboxed","ast-global-header-display":"","ast-banner-title-visibility":"","ast-main-header-display":"","ast-hfb-above-header-display":"","ast-hfb-below-header-display":"","ast-hfb-mobile-header-display":"","site-post-title":"disabled","ast-breadcrumbs-content":"","ast-featured-img":"disabled","footer-sml-layout":"","ast-disable-related-posts":"","theme-transparent-header-meta":"","adv-header-id-meta":"","stick-header-meta":"","header-above-stick-meta":"","header-main-stick-meta":"","header-below-stick-meta":"","astra-migrate-meta-layouts":"set","ast-page-background-enabled":"default","ast-page-background-meta":{"desktop":{"background-color":"var(--ast-global-color-4)","background-image":"","background-repeat":"repeat","background-position":"center center","background-size":"auto","background-attachment":"scroll","background-type":"","background-media":"","overlay-type":"","overlay-color":"","overlay-opacity":"","overlay-gradient":""},"tablet":{"background-color":"","background-image":"","background-repeat":"repeat","background-position":"center center","background-size":"auto","background-attachment":"scroll","background-type":"","background-media":"","overlay-type":"","overlay-color":"","overlay-opacity":"","overlay-gradient":""},"mobile":{"background-color":"","background-image":"","background-repeat":"repeat","background-position":"center center","background-size":"auto","background-attachment":"scroll","background-type":"","background-media":"","overlay-type":"","overlay-color":"","overlay-opacity":"","overlay-gradient":""}},"ast-content-background-meta":{"desktop":{"background-color":"var(--ast-global-color-5)","background-image":"","background-repeat":"repeat","background-position":"center center","background-size":"auto","background-attachment":"scroll","background-type":"","background-media":"","overlay-type":"","overlay-color":"","overlay-opacity":"","overlay-gradient":""},"tablet":{"background-color":"var(--ast-global-color-5)","background-image":"","background-repeat":"repeat","background-position":"center center","background-size":"auto","background-attachment":"scroll","background-type":"","background-media":"","overlay-type":"","overlay-color":"","overlay-opacity":"","overlay-gradient":""},"mobile":{"background-color":"var(--ast-global-color-5)","background-image":"","background-repeat":"repeat","background-position":"center center","background-size":"auto","background-attachment":"scroll","background-type":"","background-media":"","overlay-type":"","overlay-color":"","overlay-opacity":"","overlay-gradient":""}},"footnotes":""},"class_list":["post-489","page","type-page","status-publish","hentry"],"acf":[],"_links":{"self":[{"href":"https:\/\/edmontongreencentre.co.uk\/tr\/wp-json\/wp\/v2\/pages\/489","targetHints":{"allow":["GET"]}}],"collection":[{"href":"https:\/\/edmontongreencentre.co.uk\/tr\/wp-json\/wp\/v2\/pages"}],"about":[{"href":"https:\/\/edmontongreencentre.co.uk\/tr\/wp-json\/wp\/v2\/types\/page"}],"author":[{"embeddable":true,"href":"https:\/\/edmontongreencentre.co.uk\/tr\/wp-json\/wp\/v2\/users\/1"}],"replies":[{"embeddable":true,"href":"https:\/\/edmontongreencentre.co.uk\/tr\/wp-json\/wp\/v2\/comments?post=489"}],"version-history":[{"count":0,"href":"https:\/\/edmontongreencentre.co.uk\/tr\/wp-json\/wp\/v2\/pages\/489\/revisions"}],"wp:attachment":[{"href":"https:\/\/edmontongreencentre.co.uk\/tr\/wp-json\/wp\/v2\/media?parent=489"}],"curies":[{"name":"wp","href":"https:\/\/api.w.org\/{rel}","templated":true}]}}